{"id":21101,"date":"2024-01-12T11:10:20","date_gmt":"2024-01-12T10:10:20","guid":{"rendered":"https:\/\/www.ntf.uni-lj.si\/oto\/?page_id=21101"},"modified":"2024-01-12T11:15:33","modified_gmt":"2024-01-12T10:15:33","slug":"vse-o-vpisu","status":"publish","type":"page","link":"https:\/\/www.ntf.uni-lj.si\/oto\/studij\/3-stopnja\/umetnost-dr\/vse-o-vpisu\/","title":{"rendered":"Vse o vpisu"},"content":{"rendered":"<h3><strong>Vpisni pogoji<\/strong><\/h3>\n<p>Na interdisciplinarni doktorski \u0161tudijski program Umetnost se lahko vpi\u0161ejo diplomanti:<\/p>\n<ul>\n<li>\u0161tudijskih programov druge stopnje;<\/li>\n<li>dosedanjih \u0161tudijskih programov za pridobitev univerzitetne izobrazbe, sprejetih pred 11. 6. 2004;<\/li>\n<li>dosedanjih \u0161tudijskih programov za pridobitev magisterija umetnosti ali magisterija znanosti oziroma specializacije po kon\u010danem \u0161tudijskem programu za pridobitev univerzitetne izobrazbe, sprejetih pred 11. 6. 2004; za vpis v doktorske \u0161tudijske programe 3. stopnje ustrezni organ \u010dlanice na predlog koordinatorja podro\u010dja, odgovornega za doktorski \u0161tudij, prizna \u0161tudijske obveznosti v obsegu najmanj 60 kreditnih to\u010dk;<\/li>\n<li>\u0161tudijskih programov, ki izobra\u017eujejo za poklice, urejene z direktivami Evropske unije, ali drugih enovitih magistrskih \u0161tudijskih programov, ki so ovrednoteni s 300 kreditnimi to\u010dkami po ECTS;<\/li>\n<li>tujih univerz in akademij (tudi umetni\u0161kih visokih \u0161ol), v skladu s predpisanimi pogoji, kot veljajo za \u0161tudente RS; enakovrednost izobrazbe, predhodno pridobljene v tujini, se ugotavlja v postopku priznavanja tujega izobra\u017eevanja za nadaljevanje izobra\u017eevanja v skladu s Statutom UL;<\/li>\n<li>\u0161tudijskih programov za pridobitev specializacije, ki so pred tem kon\u010dali visoko\u0161olski strokovni program; tem kandidatom programski svet doktorskega \u0161tudijskega programa Umetnost pred vpisom v \u0161tudijski program tretje stopnje dolo\u010di dodatne obveznosti v obsegu 30\u201360 kreditnih to\u010dk.<\/li>\n<\/ul>\n<h3><strong>Merila za izbiro v primeru omejitve vpisa<\/strong><\/h3>\n<p>Izbor kandidatov bo temeljil na uspehu pri zaklju\u010denem \u0161tudiju ter na dose\u017ekih na umetni\u0161kem in strokovnem podro\u010dju. Posamezni elementi za izbiro bodo vrednoteni na naslednji na\u010din:<\/p>\n<ul>\n<li>uspeh pri \u0161tudiju 2. stopnje (povpre\u010dna ocena najmanj 8 (pd)): 10 %<\/li>\n<li>ocena strokovne komisije, dose\u017eena s presojo umetni\u0161ke nadarjenosti (90 %): \u2013 predlog t\u00e9me, osnutek na\u010drta doktorskega \u0161tudija: 25 %<\/li>\n<li>portfolio z dosedanjimi umetni\u0161kimi deli: 25 %<\/li>\n<li>razgovor s kandidatom: 40 %<\/li>\n<\/ul>\n<p>Strokovno komisijo za presojo umetni\u0161ke nadarjenosti imenuje \u010dlanica koordinatorica umetni\u0161kega\/ih podro\u010dja\/ij. Na predlog koordinatorja podro\u010dja odlo\u010da o primernosti kandidata pristojni organ \u010dlanice koordinatorice podro\u010dja, ki je odgovorna za doktorski \u0161tudij.<\/p>\n","protected":false},"excerpt":{"rendered":"Vpisni pogoji Na interdisciplinarni doktorski \u0161tudijski program Umetnost se lahko vpi\u0161ejo diplomanti: \u0161tudijskih programov druge stopnje; dosedanjih \u0161tudijskih programov za pridobitev univerzitetne izobrazbe, sprejetih pred 11. 6. 2004; dosedanjih \u0161tudijskih programov za pridobitev magisterija umetnosti ali magisterija znanosti oziroma specializacije po kon\u010danem \u0161tudijskem programu za pridobitev univerzitetne izobrazbe, sprejetih pred 11. 6. 2004; za vpis &#8230; <a class=\"view-article\" href=\"https:\/\/www.ntf.uni-lj.si\/oto\/studij\/3-stopnja\/umetnost-dr\/vse-o-vpisu\/\">Read more<\/a>","protected":false},"author":221,"featured_media":0,"parent":21079,"menu_order":0,"comment_status":"closed","ping_status":"closed","template":"","meta":[],"acf":[],"yoast_head":"<!-- This site is optimized with the Yoast SEO plugin v17.0 - https:\/\/yoast.com\/wordpress\/plugins\/seo\/ -->\n<meta name=\"robots\" content=\"index, follow, max-snippet:-1, max-image-preview:large, max-video-preview:-1\" \/>\n<link rel=\"canonical\" href=\"https:\/\/www.ntf.uni-lj.si\/oto\/studij\/3-stopnja\/umetnost-dr\/vse-o-vpisu\/\" \/>\n<meta property=\"og:locale\" content=\"en_US\" \/>\n<meta property=\"og:type\" content=\"article\" \/>\n<meta property=\"og:title\" content=\"Vse o vpisu - OTO\" \/>\n<meta property=\"og:description\" content=\"Vpisni pogoji Na interdisciplinarni doktorski \u0161tudijski program Umetnost se lahko vpi\u0161ejo diplomanti: \u0161tudijskih programov druge stopnje; dosedanjih \u0161tudijskih programov za pridobitev univerzitetne izobrazbe, sprejetih pred 11. 6. 2004; dosedanjih \u0161tudijskih programov za pridobitev magisterija umetnosti ali magisterija znanosti oziroma specializacije po kon\u010danem \u0161tudijskem programu za pridobitev univerzitetne izobrazbe, sprejetih pred 11. 6. 2004; za vpis ... Read more\" \/>\n<meta property=\"og:url\" content=\"https:\/\/www.ntf.uni-lj.si\/oto\/studij\/3-stopnja\/umetnost-dr\/vse-o-vpisu\/\" \/>\n<meta property=\"og:site_name\" content=\"OTO\" \/>\n<meta property=\"article:modified_time\" content=\"2024-01-12T10:15:33+00:00\" \/>\n<meta name=\"twitter:label1\" content=\"Est. reading time\" \/>\n\t<meta name=\"twitter:data1\" content=\"1 minute\" \/>\n<script type=\"application\/ld+json\" class=\"yoast-schema-graph\">{\"@context\":\"https:\/\/schema.org\",\"@graph\":[{\"@type\":\"WebSite\",\"@id\":\"https:\/\/www.ntf.uni-lj.si\/oto\/en\/#website\",\"url\":\"https:\/\/www.ntf.uni-lj.si\/oto\/en\/\",\"name\":\"OTO\",\"description\":\"Katedra za oblikovanje tekstilij in obla\\u010dil\",\"potentialAction\":[{\"@type\":\"SearchAction\",\"target\":{\"@type\":\"EntryPoint\",\"urlTemplate\":\"https:\/\/www.ntf.uni-lj.si\/oto\/en\/?s={search_term_string}\"},\"query-input\":\"required name=search_term_string\"}],\"inLanguage\":\"en-US\"},{\"@type\":\"WebPage\",\"@id\":\"https:\/\/www.ntf.uni-lj.si\/oto\/studij\/3-stopnja\/umetnost-dr\/vse-o-vpisu\/#webpage\",\"url\":\"https:\/\/www.ntf.uni-lj.si\/oto\/studij\/3-stopnja\/umetnost-dr\/vse-o-vpisu\/\",\"name\":\"Vse o vpisu - OTO\",\"isPartOf\":{\"@id\":\"https:\/\/www.ntf.uni-lj.si\/oto\/en\/#website\"},\"datePublished\":\"2024-01-12T10:10:20+00:00\",\"dateModified\":\"2024-01-12T10:15:33+00:00\",\"breadcrumb\":{\"@id\":\"https:\/\/www.ntf.uni-lj.si\/oto\/studij\/3-stopnja\/umetnost-dr\/vse-o-vpisu\/#breadcrumb\"},\"inLanguage\":\"en-US\",\"potentialAction\":[{\"@type\":\"ReadAction\",\"target\":[\"https:\/\/www.ntf.uni-lj.si\/oto\/studij\/3-stopnja\/umetnost-dr\/vse-o-vpisu\/\"]}]},{\"@type\":\"BreadcrumbList\",\"@id\":\"https:\/\/www.ntf.uni-lj.si\/oto\/studij\/3-stopnja\/umetnost-dr\/vse-o-vpisu\/#breadcrumb\",\"itemListElement\":[{\"@type\":\"ListItem\",\"position\":1,\"name\":\"Home\",\"item\":\"https:\/\/www.ntf.uni-lj.si\/oto\/en\/\"},{\"@type\":\"ListItem\",\"position\":2,\"name\":\"\\u0160tudij\",\"item\":\"https:\/\/www.ntf.uni-lj.si\/oto\/studij\/\"},{\"@type\":\"ListItem\",\"position\":3,\"name\":\"3. stopnja\",\"item\":\"https:\/\/www.ntf.uni-lj.si\/oto\/studij\/3-stopnja\/\"},{\"@type\":\"ListItem\",\"position\":4,\"name\":\"Umetnost (DR)\",\"item\":\"https:\/\/www.ntf.uni-lj.si\/oto\/studij\/3-stopnja\/umetnost-dr\/\"},{\"@type\":\"ListItem\",\"position\":5,\"name\":\"Vse o vpisu\"}]}]}<\/script>\n<!-- \/ Yoast SEO plugin. -->","yoast_head_json":{"robots":{"index":"index","follow":"follow","max-snippet":"max-snippet:-1","max-image-preview":"max-image-preview:large","max-video-preview":"max-video-preview:-1"},"canonical":"https:\/\/www.ntf.uni-lj.si\/oto\/studij\/3-stopnja\/umetnost-dr\/vse-o-vpisu\/","og_locale":"en_US","og_type":"article","og_title":"Vse o vpisu - OTO","og_description":"Vpisni pogoji Na interdisciplinarni doktorski \u0161tudijski program Umetnost se lahko vpi\u0161ejo diplomanti: \u0161tudijskih programov druge stopnje; dosedanjih \u0161tudijskih programov za pridobitev univerzitetne izobrazbe, sprejetih pred 11. 6. 2004; dosedanjih \u0161tudijskih programov za pridobitev magisterija umetnosti ali magisterija znanosti oziroma specializacije po kon\u010danem \u0161tudijskem programu za pridobitev univerzitetne izobrazbe, sprejetih pred 11. 6. 2004; za vpis ... Read more","og_url":"https:\/\/www.ntf.uni-lj.si\/oto\/studij\/3-stopnja\/umetnost-dr\/vse-o-vpisu\/","og_site_name":"OTO","article_modified_time":"2024-01-12T10:15:33+00:00","twitter_misc":{"Est. reading time":"1 minute"},"schema":{"@context":"https:\/\/schema.org","@graph":[{"@type":"WebSite","@id":"https:\/\/www.ntf.uni-lj.si\/oto\/en\/#website","url":"https:\/\/www.ntf.uni-lj.si\/oto\/en\/","name":"OTO","description":"Katedra za oblikovanje tekstilij in obla\u010dil","potentialAction":[{"@type":"SearchAction","target":{"@type":"EntryPoint","urlTemplate":"https:\/\/www.ntf.uni-lj.si\/oto\/en\/?s={search_term_string}"},"query-input":"required name=search_term_string"}],"inLanguage":"en-US"},{"@type":"WebPage","@id":"https:\/\/www.ntf.uni-lj.si\/oto\/studij\/3-stopnja\/umetnost-dr\/vse-o-vpisu\/#webpage","url":"https:\/\/www.ntf.uni-lj.si\/oto\/studij\/3-stopnja\/umetnost-dr\/vse-o-vpisu\/","name":"Vse o vpisu - OTO","isPartOf":{"@id":"https:\/\/www.ntf.uni-lj.si\/oto\/en\/#website"},"datePublished":"2024-01-12T10:10:20+00:00","dateModified":"2024-01-12T10:15:33+00:00","breadcrumb":{"@id":"https:\/\/www.ntf.uni-lj.si\/oto\/studij\/3-stopnja\/umetnost-dr\/vse-o-vpisu\/#breadcrumb"},"inLanguage":"en-US","potentialAction":[{"@type":"ReadAction","target":["https:\/\/www.ntf.uni-lj.si\/oto\/studij\/3-stopnja\/umetnost-dr\/vse-o-vpisu\/"]}]},{"@type":"BreadcrumbList","@id":"https:\/\/www.ntf.uni-lj.si\/oto\/studij\/3-stopnja\/umetnost-dr\/vse-o-vpisu\/#breadcrumb","itemListElement":[{"@type":"ListItem","position":1,"name":"Home","item":"https:\/\/www.ntf.uni-lj.si\/oto\/en\/"},{"@type":"ListItem","position":2,"name":"\u0160tudij","item":"https:\/\/www.ntf.uni-lj.si\/oto\/studij\/"},{"@type":"ListItem","position":3,"name":"3. stopnja","item":"https:\/\/www.ntf.uni-lj.si\/oto\/studij\/3-stopnja\/"},{"@type":"ListItem","position":4,"name":"Umetnost (DR)","item":"https:\/\/www.ntf.uni-lj.si\/oto\/studij\/3-stopnja\/umetnost-dr\/"},{"@type":"ListItem","position":5,"name":"Vse o vpisu"}]}]}},"_links":{"self":[{"href":"https:\/\/www.ntf.uni-lj.si\/oto\/wp-json\/wp\/v2\/pages\/21101"}],"collection":[{"href":"https:\/\/www.ntf.uni-lj.si\/oto\/wp-json\/wp\/v2\/pages"}],"about":[{"href":"https:\/\/www.ntf.uni-lj.si\/oto\/wp-json\/wp\/v2\/types\/page"}],"author":[{"embeddable":true,"href":"https:\/\/www.ntf.uni-lj.si\/oto\/wp-json\/wp\/v2\/users\/221"}],"replies":[{"embeddable":true,"href":"https:\/\/www.ntf.uni-lj.si\/oto\/wp-json\/wp\/v2\/comments?post=21101"}],"version-history":[{"count":4,"href":"https:\/\/www.ntf.uni-lj.si\/oto\/wp-json\/wp\/v2\/pages\/21101\/revisions"}],"predecessor-version":[{"id":21107,"href":"https:\/\/www.ntf.uni-lj.si\/oto\/wp-json\/wp\/v2\/pages\/21101\/revisions\/21107"}],"up":[{"embeddable":true,"href":"https:\/\/www.ntf.uni-lj.si\/oto\/wp-json\/wp\/v2\/pages\/21079"}],"wp:attachment":[{"href":"https:\/\/www.ntf.uni-lj.si\/oto\/wp-json\/wp\/v2\/media?parent=21101"}],"curies":[{"name":"wp","href":"https:\/\/api.w.org\/{rel}","templated":true}]}}