{"id":290,"date":"2015-03-26T14:40:28","date_gmt":"2015-03-26T14:40:28","guid":{"rendered":"http:\/\/www.ntf.uni-lj.si\/oto\/?page_id=290"},"modified":"2015-04-02T08:23:38","modified_gmt":"2015-04-02T08:23:38","slug":"prehodi-med-programi","status":"publish","type":"page","link":"https:\/\/www.ntf.uni-lj.si\/oto\/studij\/1-stopnja\/oblikovanje-tekstilij-in-oblacil-un\/ostale-informacije\/prehodi-med-programi\/","title":{"rendered":"Prehodi med programi"},"content":{"rendered":"<p>Prehodi med programi so mogo\u010di znotraj programov prve stopnje Naravoslovnotehni\u0161ke fakultete in drugih fakultet skladno z Zakonom o visokem \u0161olstvu in Merili za prehode med \u0161tudijskimi programi ter drugimi predpisi. \u0160tudenti, vpisani pred uvedbo novih \u0161tudijskih programov za pridobitev izobrazbe, ki imajo pravico do ponavljanja in zaradi postopnega uvajanja novih \u0161tudijskih programov ne morejo ponavljati letnika po programu, v katerega so se vpisali, preidejo v nov program pod istimi pogoji kot \u0161tudenti novih programov.<\/p>\n","protected":false},"excerpt":{"rendered":"Prehodi med programi so mogo\u010di znotraj programov prve stopnje Naravoslovnotehni\u0161ke fakultete in drugih fakultet skladno z Zakonom o visokem \u0161olstvu in Merili za prehode med \u0161tudijskimi programi ter drugimi predpisi. \u0160tudenti, vpisani pred uvedbo novih \u0161tudijskih programov za pridobitev izobrazbe, ki imajo pravico do ponavljanja in zaradi postopnega uvajanja novih \u0161tudijskih programov ne morejo ponavljati &#8230; <a class=\"view-article\" href=\"https:\/\/www.ntf.uni-lj.si\/oto\/studij\/1-stopnja\/oblikovanje-tekstilij-in-oblacil-un\/ostale-informacije\/prehodi-med-programi\/\">Read more<\/a>","protected":false},"author":27,"featured_media":0,"parent":272,"menu_order":30,"comment_status":"closed","ping_status":"closed","template":"","meta":[],"acf":[],"yoast_head":"<!-- This site is optimized with the Yoast SEO plugin v17.0 - https:\/\/yoast.com\/wordpress\/plugins\/seo\/ -->\n<meta name=\"robots\" content=\"index, follow, max-snippet:-1, max-image-preview:large, max-video-preview:-1\" \/>\n<link rel=\"canonical\" href=\"https:\/\/www.ntf.uni-lj.si\/oto\/studij\/1-stopnja\/oblikovanje-tekstilij-in-oblacil-un\/ostale-informacije\/prehodi-med-programi\/\" \/>\n<meta property=\"og:locale\" content=\"en_US\" \/>\n<meta property=\"og:type\" content=\"article\" \/>\n<meta property=\"og:title\" content=\"Prehodi med programi - OTO\" \/>\n<meta property=\"og:description\" content=\"Prehodi med programi so mogo\u010di znotraj programov prve stopnje Naravoslovnotehni\u0161ke fakultete in drugih fakultet skladno z Zakonom o visokem \u0161olstvu in Merili za prehode med \u0161tudijskimi programi ter drugimi predpisi. \u0160tudenti, vpisani pred uvedbo novih \u0161tudijskih programov za pridobitev izobrazbe, ki imajo pravico do ponavljanja in zaradi postopnega uvajanja novih \u0161tudijskih programov ne morejo ponavljati ... Read more\" \/>\n<meta property=\"og:url\" content=\"https:\/\/www.ntf.uni-lj.si\/oto\/studij\/1-stopnja\/oblikovanje-tekstilij-in-oblacil-un\/ostale-informacije\/prehodi-med-programi\/\" \/>\n<meta property=\"og:site_name\" content=\"OTO\" \/>\n<meta property=\"article:modified_time\" content=\"2015-04-02T08:23:38+00:00\" \/>\n<script type=\"application\/ld+json\" class=\"yoast-schema-graph\">{\"@context\":\"https:\/\/schema.org\",\"@graph\":[{\"@type\":\"WebSite\",\"@id\":\"https:\/\/www.ntf.uni-lj.si\/oto\/en\/#website\",\"url\":\"https:\/\/www.ntf.uni-lj.si\/oto\/en\/\",\"name\":\"OTO\",\"description\":\"Katedra za oblikovanje tekstilij in obla\\u010dil\",\"potentialAction\":[{\"@type\":\"SearchAction\",\"target\":{\"@type\":\"EntryPoint\",\"urlTemplate\":\"https:\/\/www.ntf.uni-lj.si\/oto\/en\/?s={search_term_string}\"},\"query-input\":\"required name=search_term_string\"}],\"inLanguage\":\"en-US\"},{\"@type\":\"WebPage\",\"@id\":\"https:\/\/www.ntf.uni-lj.si\/oto\/studij\/1-stopnja\/oblikovanje-tekstilij-in-oblacil-un\/ostale-informacije\/prehodi-med-programi\/#webpage\",\"url\":\"https:\/\/www.ntf.uni-lj.si\/oto\/studij\/1-stopnja\/oblikovanje-tekstilij-in-oblacil-un\/ostale-informacije\/prehodi-med-programi\/\",\"name\":\"Prehodi med programi - OTO\",\"isPartOf\":{\"@id\":\"https:\/\/www.ntf.uni-lj.si\/oto\/en\/#website\"},\"datePublished\":\"2015-03-26T14:40:28+00:00\",\"dateModified\":\"2015-04-02T08:23:38+00:00\",\"breadcrumb\":{\"@id\":\"https:\/\/www.ntf.uni-lj.si\/oto\/studij\/1-stopnja\/oblikovanje-tekstilij-in-oblacil-un\/ostale-informacije\/prehodi-med-programi\/#breadcrumb\"},\"inLanguage\":\"en-US\",\"potentialAction\":[{\"@type\":\"ReadAction\",\"target\":[\"https:\/\/www.ntf.uni-lj.si\/oto\/studij\/1-stopnja\/oblikovanje-tekstilij-in-oblacil-un\/ostale-informacije\/prehodi-med-programi\/\"]}]},{\"@type\":\"BreadcrumbList\",\"@id\":\"https:\/\/www.ntf.uni-lj.si\/oto\/studij\/1-stopnja\/oblikovanje-tekstilij-in-oblacil-un\/ostale-informacije\/prehodi-med-programi\/#breadcrumb\",\"itemListElement\":[{\"@type\":\"ListItem\",\"position\":1,\"name\":\"Home\",\"item\":\"https:\/\/www.ntf.uni-lj.si\/oto\/en\/\"},{\"@type\":\"ListItem\",\"position\":2,\"name\":\"\\u0160tudij\",\"item\":\"https:\/\/www.ntf.uni-lj.si\/oto\/studij\/\"},{\"@type\":\"ListItem\",\"position\":3,\"name\":\"1. stopnja\",\"item\":\"https:\/\/www.ntf.uni-lj.si\/oto\/studij\/1-stopnja\/\"},{\"@type\":\"ListItem\",\"position\":4,\"name\":\"Oblikovanje tekstilij in obla\\u010dil (UN)\",\"item\":\"https:\/\/www.ntf.uni-lj.si\/oto\/studij\/1-stopnja\/oblikovanje-tekstilij-in-oblacil-un\/\"},{\"@type\":\"ListItem\",\"position\":5,\"name\":\"Ostale informacije\",\"item\":\"https:\/\/www.ntf.uni-lj.si\/oto\/studij\/1-stopnja\/oblikovanje-tekstilij-in-oblacil-un\/ostale-informacije\/\"},{\"@type\":\"ListItem\",\"position\":6,\"name\":\"Prehodi med programi\"}]}]}<\/script>\n<!-- \/ Yoast SEO plugin. -->","yoast_head_json":{"robots":{"index":"index","follow":"follow","max-snippet":"max-snippet:-1","max-image-preview":"max-image-preview:large","max-video-preview":"max-video-preview:-1"},"canonical":"https:\/\/www.ntf.uni-lj.si\/oto\/studij\/1-stopnja\/oblikovanje-tekstilij-in-oblacil-un\/ostale-informacije\/prehodi-med-programi\/","og_locale":"en_US","og_type":"article","og_title":"Prehodi med programi - OTO","og_description":"Prehodi med programi so mogo\u010di znotraj programov prve stopnje Naravoslovnotehni\u0161ke fakultete in drugih fakultet skladno z Zakonom o visokem \u0161olstvu in Merili za prehode med \u0161tudijskimi programi ter drugimi predpisi. \u0160tudenti, vpisani pred uvedbo novih \u0161tudijskih programov za pridobitev izobrazbe, ki imajo pravico do ponavljanja in zaradi postopnega uvajanja novih \u0161tudijskih programov ne morejo ponavljati ... Read more","og_url":"https:\/\/www.ntf.uni-lj.si\/oto\/studij\/1-stopnja\/oblikovanje-tekstilij-in-oblacil-un\/ostale-informacije\/prehodi-med-programi\/","og_site_name":"OTO","article_modified_time":"2015-04-02T08:23:38+00:00","schema":{"@context":"https:\/\/schema.org","@graph":[{"@type":"WebSite","@id":"https:\/\/www.ntf.uni-lj.si\/oto\/en\/#website","url":"https:\/\/www.ntf.uni-lj.si\/oto\/en\/","name":"OTO","description":"Katedra za oblikovanje tekstilij in obla\u010dil","potentialAction":[{"@type":"SearchAction","target":{"@type":"EntryPoint","urlTemplate":"https:\/\/www.ntf.uni-lj.si\/oto\/en\/?s={search_term_string}"},"query-input":"required name=search_term_string"}],"inLanguage":"en-US"},{"@type":"WebPage","@id":"https:\/\/www.ntf.uni-lj.si\/oto\/studij\/1-stopnja\/oblikovanje-tekstilij-in-oblacil-un\/ostale-informacije\/prehodi-med-programi\/#webpage","url":"https:\/\/www.ntf.uni-lj.si\/oto\/studij\/1-stopnja\/oblikovanje-tekstilij-in-oblacil-un\/ostale-informacije\/prehodi-med-programi\/","name":"Prehodi med programi - OTO","isPartOf":{"@id":"https:\/\/www.ntf.uni-lj.si\/oto\/en\/#website"},"datePublished":"2015-03-26T14:40:28+00:00","dateModified":"2015-04-02T08:23:38+00:00","breadcrumb":{"@id":"https:\/\/www.ntf.uni-lj.si\/oto\/studij\/1-stopnja\/oblikovanje-tekstilij-in-oblacil-un\/ostale-informacije\/prehodi-med-programi\/#breadcrumb"},"inLanguage":"en-US","potentialAction":[{"@type":"ReadAction","target":["https:\/\/www.ntf.uni-lj.si\/oto\/studij\/1-stopnja\/oblikovanje-tekstilij-in-oblacil-un\/ostale-informacije\/prehodi-med-programi\/"]}]},{"@type":"BreadcrumbList","@id":"https:\/\/www.ntf.uni-lj.si\/oto\/studij\/1-stopnja\/oblikovanje-tekstilij-in-oblacil-un\/ostale-informacije\/prehodi-med-programi\/#breadcrumb","itemListElement":[{"@type":"ListItem","position":1,"name":"Home","item":"https:\/\/www.ntf.uni-lj.si\/oto\/en\/"},{"@type":"ListItem","position":2,"name":"\u0160tudij","item":"https:\/\/www.ntf.uni-lj.si\/oto\/studij\/"},{"@type":"ListItem","position":3,"name":"1. stopnja","item":"https:\/\/www.ntf.uni-lj.si\/oto\/studij\/1-stopnja\/"},{"@type":"ListItem","position":4,"name":"Oblikovanje tekstilij in obla\u010dil (UN)","item":"https:\/\/www.ntf.uni-lj.si\/oto\/studij\/1-stopnja\/oblikovanje-tekstilij-in-oblacil-un\/"},{"@type":"ListItem","position":5,"name":"Ostale informacije","item":"https:\/\/www.ntf.uni-lj.si\/oto\/studij\/1-stopnja\/oblikovanje-tekstilij-in-oblacil-un\/ostale-informacije\/"},{"@type":"ListItem","position":6,"name":"Prehodi med programi"}]}]}},"_links":{"self":[{"href":"https:\/\/www.ntf.uni-lj.si\/oto\/wp-json\/wp\/v2\/pages\/290"}],"collection":[{"href":"https:\/\/www.ntf.uni-lj.si\/oto\/wp-json\/wp\/v2\/pages"}],"about":[{"href":"https:\/\/www.ntf.uni-lj.si\/oto\/wp-json\/wp\/v2\/types\/page"}],"author":[{"embeddable":true,"href":"https:\/\/www.ntf.uni-lj.si\/oto\/wp-json\/wp\/v2\/users\/27"}],"replies":[{"embeddable":true,"href":"https:\/\/www.ntf.uni-lj.si\/oto\/wp-json\/wp\/v2\/comments?post=290"}],"version-history":[{"count":2,"href":"https:\/\/www.ntf.uni-lj.si\/oto\/wp-json\/wp\/v2\/pages\/290\/revisions"}],"predecessor-version":[{"id":590,"href":"https:\/\/www.ntf.uni-lj.si\/oto\/wp-json\/wp\/v2\/pages\/290\/revisions\/590"}],"up":[{"embeddable":true,"href":"https:\/\/www.ntf.uni-lj.si\/oto\/wp-json\/wp\/v2\/pages\/272"}],"wp:attachment":[{"href":"https:\/\/www.ntf.uni-lj.si\/oto\/wp-json\/wp\/v2\/media?parent=290"}],"curies":[{"name":"wp","href":"https:\/\/api.w.org\/{rel}","templated":true}]}}