{"id":333,"date":"2015-03-30T07:47:32","date_gmt":"2015-03-30T07:47:32","guid":{"rendered":"http:\/\/www.ntf.uni-lj.si\/oto\/?page_id=333"},"modified":"2015-04-14T10:54:54","modified_gmt":"2015-04-14T09:54:54","slug":"priporocene-izbirne-kombinacije","status":"publish","type":"page","link":"https:\/\/www.ntf.uni-lj.si\/oto\/studij\/1-stopnja\/oblikovanje-tekstilij-in-oblacil-un\/priporocene-izbirne-kombinacije\/","title":{"rendered":"Priporo\u010dene izbirne kombinacije"},"content":{"rendered":"<p>Priporo\u010dene kombinacije so nastale z namenom, da bi bolje izkoristili prednosti povezovanja bolonjskih programov in tako \u0161tudentom omogo\u010dili ve\u010d specializiranega znanja na podro\u010dju, ki jih posebej zanima in s katerim se \u017eelijo ukvarjati.<\/p>\n<p>Posamezne kombinacije, kot so moda, stilizem, modni dodatki, oblikovanje tekstilij, tekstilni interier, grafika v modi in inteligentna obla\u010dila, predstavljajo sklop logi\u010dnih povezav nadgrajujo\u010dih se izbirnih predmetov.<\/p>\n<p>Z izbirnimi predmeti je treba zbrati 6 x 4 = 24 ECTS (kreditnih to\u010dk). \u0160tudenti se sami odlo\u010dijo za kombinacijo \u0161estih izbirnih predmetov znotraj obstoje\u010dega programa OTO; \u0161tirje oz. pet predmetov sklopa je priporo\u010denih, druge izbira \u0161tudent povsem poljubno.<\/p>\n<p><a href=\"http:\/\/www.ntf.uni-lj.si\/oto\/wp-content\/uploads\/sites\/6\/2015\/03\/priporocene-izbirne-kombinacije.jpg\" target=\"_blank\"><img loading=\"lazy\" width=\"999\" height=\"1024\" class=\"alignnone size-large wp-image-4302\" src=\"http:\/\/www.ntf.uni-lj.si\/oto\/wp-content\/uploads\/sites\/6\/2015\/03\/priporocene-izbirne-kombinacije-999x1024.jpg\" style=\"width:100%; height:auto; border-right:1px solid #ccc;\" alt=\"priporocene izbirne kombinacije\" srcset=\"https:\/\/www.ntf.uni-lj.si\/oto\/wp-content\/uploads\/sites\/6\/2015\/03\/priporocene-izbirne-kombinacije-999x1024.jpg 999w, https:\/\/www.ntf.uni-lj.si\/oto\/wp-content\/uploads\/sites\/6\/2015\/03\/priporocene-izbirne-kombinacije-293x300.jpg 293w\" sizes=\"(max-width: 999px) 100vw, 999px\" \/><\/a><\/p>\n<div class=\"col-sm-10 no-padding\">\n<h3>MODA<\/h3>\n<ul>\n<li>Oblikovanje obla\u010dil 3b (v 3. letniku)<\/li>\n<li>Modni dodatki 1<\/li>\n<li>Razvoj specialnih krojev obla\u010dil 1 (v 2. ali 3. letniku)<\/li>\n<li>Psihologija komunikacije in tr\u017eenja<\/li>\n<li>Izbirni<\/li>\n<li>Izbirni<\/li>\n<\/ul>\n<div style=\"height:20px; width:100%;\"><\/div>\n<\/div>\n<div class=\"col-sm-10 no-padding\">\n<h3>STILIZEM<\/h3>\n<ul>\n<li>Oblikovanje obla\u010dil 3b (v 3. letniku)<\/li>\n<li>Modni stilizem 1<\/li>\n<li>Psihologija komunikacije in tr\u017eenja<\/li>\n<li>Fotografija 2 (program GIK)<\/li>\n<li>Izbirni<\/li>\n<li>Izbirni<\/li>\n<\/ul>\n<div style=\"height:20px; width:100%;\"><\/div>\n<\/div>\n<div class=\"clearfix\"><\/div>\n<div class=\"col-sm-10 no-padding\">\n<h3>MODNI DODATKI<\/h3>\n<ul>\n<li>Oblikovanje obla\u010dil 3b (v 3. letniku)<\/li>\n<li>Modni dodatki 1<\/li>\n<li>Razvoj specialnih krojev obla\u010dil 1<\/li>\n<li>Osnove 3D modeliranja (program GIK)<\/li>\n<li>Izbirni<\/li>\n<li>Izbirni<\/li>\n<\/ul>\n<div style=\"height:20px; width:100%;\"><\/div>\n<\/div>\n<div class=\"col-sm-10 no-padding\">\n<h3>OBLIKOVANJE TEKSTILIJ<\/h3>\n<ul>\n<li>Oblikovanje tekstilij 3b (v 3. letniku)<\/li>\n<li>Razvoj tekstilij<\/li>\n<li>Specialne tekstilije 1<\/li>\n<li>Ra\u010dunalni\u0161ko oblikovanje za tisk (program Na\u010drtovanje tekstilij in obla\u010dil\/NTO)<\/li>\n<li>Izbirni<\/li>\n<li>Izbirni<\/li>\n<\/ul>\n<div style=\"height:20px; width:100%;\"><\/div>\n<\/div>\n<div class=\"clearfix\"><\/div>\n<h3>TEKSTILNI INTERIER<\/h3>\n<ul>\n<li>Oblikovanje tekstilij 3b (v 3. letniku)<\/li>\n<li>Razvoj tekstilij<\/li>\n<li>Tekstilna umetnost 1<\/li>\n<li>Specialne tekstilije 1 (program Na\u010drtovanje tekstilij in obla\u010dil)<\/li>\n<li>Izbirni<\/li>\n<li>Izbirni<\/li>\n<\/ul>\n<p>\u010ce \u017eelijo, lahko \u0161tudenti v 3. letniku izberejo tudi oba glavna izbirna predmeta, Oblikovanje obla\u010dil 3b in Oblikovanje tekstilij 3b.<\/p>\n<table class=\"table\" border=\"0\" width=\"100%\" cellspacing=\"0\" cellpadding=\"0\">\n<tbody>\n<tr class=\"bg1\">\n<td><strong>Nabor vseh izbirnih predmetov programa OTO:<\/strong><\/td>\n<td align=\"center\"><strong>ECTS\/KT<\/strong><\/td>\n<\/tr>\n<tr>\n<td>Oblikovanje tekstilij 3b<\/td>\n<td align=\"center\">4<\/td>\n<\/tr>\n<tr>\n<td>Oblikovanje obla\u010dil 3b<\/td>\n<td align=\"center\">4<\/td>\n<\/tr>\n<tr>\n<td>Razvoj tekstilij<\/td>\n<td align=\"center\">4<\/td>\n<\/tr>\n<tr>\n<td>Tekstilna umetnost 1<\/td>\n<td align=\"center\">4<\/td>\n<\/tr>\n<tr>\n<td>Modni dodatki 1<\/td>\n<td align=\"center\">4<\/td>\n<\/tr>\n<tr>\n<td>Modni stilizem 1<\/td>\n<td align=\"center\">4<\/td>\n<\/tr>\n<tr>\n<td>Razvoj specialnih krojev obla\u010dil 1<\/td>\n<td align=\"center\">4<\/td>\n<\/tr>\n<tr>\n<td>Specialne tekstilije 1<\/td>\n<td align=\"center\">4<\/td>\n<\/tr>\n<tr>\n<td>Grafi\u010dne komunikacije 1<\/td>\n<td align=\"center\">4<\/td>\n<\/tr>\n<tr>\n<td>Ekonomika tekstilij in obla\u010dil<\/td>\n<td>4<\/td>\n<\/tr>\n<tr>\n<td>Podjetni\u0161tvo<\/td>\n<td align=\"center\">4<\/td>\n<\/tr>\n<tr>\n<td>Psihologija komunikacije in tr\u017eenja<\/td>\n<td align=\"center\">4<\/td>\n<\/tr>\n<tr>\n<td>Strokovna angle\u0161\u010dina<\/td>\n<td align=\"center\">4<\/td>\n<\/tr>\n<tr>\n<td>Digitalno oblikovanje 3<\/td>\n<td align=\"center\">4<\/td>\n<\/tr>\n<\/tbody>\n<\/table>\n<p>Do 10 ECTS\/KT je mogo\u010de zbrati z rednimi predmeti v programu Grafi\u010dne in interaktivne komunikacije (GIK) oz. Na\u010drtovanje tekstilij in obla\u010dil (NTO) v okviru programa Oddelka za tekstilstvo, grafiko in oblikovanje Univerze v Ljubljani. Po predhodnem dogovoru z nosilcem predmeta je kot izbirni predmet mogo\u010de izbrati tudi redni predmet na GIK ali NTO.<\/p>\n<div class=\"col-sm-10 no-padding\">\n<h3>GRAFIKA V MODI<\/h3>\n<ul>\n<li>Oblikovanje obla\u010dil 3b ali Oblikovanje tekstilij 3b (v 3. letniku)<\/li>\n<li>Grafi\u010dne komunikacije<\/li>\n<li>Fotografija 2<\/li>\n<li>Digitalno oblikovanje 3<\/li>\n<li>Izbirni<\/li>\n<li>Izbirni<\/li>\n<\/ul>\n<div style=\"height:20px; width:100%;\"><\/div>\n<\/div>\n<div class=\"col-sm-10 no-padding\">\n<h3>PAMETNA OBLA\u010cILA<\/h3>\n<ul>\n<li>Oblikovanje obla\u010dil 3b (v 3. letniku)<\/li>\n<li>Razvoj specialnih krojev obla\u010dil 1<\/li>\n<li>Specialne tekstilije 1<\/li>\n<li>Izbirni<\/li>\n<li>Izbirni<\/li>\n<li>Izbirni<\/li>\n<\/ul>\n<div style=\"height:20px; width:100%;\"><\/div>\n<\/div>\n<div class=\"clearfix\"><\/div>\n<div class=\"col-sm-10 no-padding\">\n<h3>PRIPORO\u010cENI PREDMETI NA GIK<\/h3>\n<ul>\n<li>Tipografski elementi<\/li>\n<li>Medijske vizualizacije<\/li>\n<li>Oblikovanje medijev<\/li>\n<li>Osnove 3D modeliranja<\/li>\n<li>Na\u010drtovanje pisav<\/li>\n<li>Oblikovanje embala\u017ee<\/li>\n<li>Tr\u017eenje medijev<\/li>\n<li>Oblikovanje informacij<\/li>\n<li>Embala\u017ea 1, 2<\/li>\n<\/ul>\n<div style=\"height:20px; width:100%;\"><\/div>\n<\/div>\n<div class=\"col-sm-10 no-padding\">\n<h3>PRIPORO\u010cENI PREDMETI NA NTO<\/h3>\n<ul>\n<li>Na\u010drtovanje tkanin<\/li>\n<li>Na\u010drtovanje pletiv in pletenin<\/li>\n<li>Na\u010drtovanje barvalnih postopkov<\/li>\n<li>Na\u010drtovanje apreturnih postopkov<\/li>\n<li>Na\u010drtovanje tiskarskih postopkov<\/li>\n<li>Ekologija v tekstilstvu 1<\/li>\n<li>Osnove barvarstva<\/li>\n<li>Ra\u010dunalni\u0161ko oblikovanje prej in tkanin<\/li>\n<li>Ra\u010dunalni\u0161ko oblikovanje pletiv in pletenin<\/li>\n<li>Ra\u010dunalni\u0161ki sistemi v konfekciji<\/li>\n<li>Ra\u010dunalni\u0161ko oblikovanje za tisk<\/li>\n<li>Osnove 3D modeliranja<\/li>\n<\/ul>\n<\/div>\n<div class=\"clearfix\"><\/div>\n","protected":false},"excerpt":{"rendered":"Priporo\u010dene kombinacije so nastale z namenom, da bi bolje izkoristili prednosti povezovanja bolonjskih programov in tako \u0161tudentom omogo\u010dili ve\u010d specializiranega znanja na podro\u010dju, ki jih posebej zanima in s katerim se \u017eelijo ukvarjati. Posamezne kombinacije, kot so moda, stilizem, modni dodatki, oblikovanje tekstilij, tekstilni interier, grafika v modi in inteligentna obla\u010dila, predstavljajo sklop logi\u010dnih povezav &#8230; <a class=\"view-article\" href=\"https:\/\/www.ntf.uni-lj.si\/oto\/studij\/1-stopnja\/oblikovanje-tekstilij-in-oblacil-un\/priporocene-izbirne-kombinacije\/\">Read more<\/a>","protected":false},"author":27,"featured_media":0,"parent":254,"menu_order":60,"comment_status":"closed","ping_status":"closed","template":"","meta":[],"acf":[],"yoast_head":"<!-- This site is optimized with the Yoast SEO plugin v17.0 - https:\/\/yoast.com\/wordpress\/plugins\/seo\/ -->\n<meta name=\"robots\" content=\"index, follow, max-snippet:-1, max-image-preview:large, max-video-preview:-1\" \/>\n<link rel=\"canonical\" href=\"https:\/\/www.ntf.uni-lj.si\/oto\/studij\/1-stopnja\/oblikovanje-tekstilij-in-oblacil-un\/priporocene-izbirne-kombinacije\/\" \/>\n<meta property=\"og:locale\" content=\"en_US\" \/>\n<meta property=\"og:type\" content=\"article\" \/>\n<meta property=\"og:title\" content=\"Priporo\u010dene izbirne kombinacije - OTO\" \/>\n<meta property=\"og:description\" content=\"Priporo\u010dene kombinacije so nastale z namenom, da bi bolje izkoristili prednosti povezovanja bolonjskih programov in tako \u0161tudentom omogo\u010dili ve\u010d specializiranega znanja na podro\u010dju, ki jih posebej zanima in s katerim se \u017eelijo ukvarjati. Posamezne kombinacije, kot so moda, stilizem, modni dodatki, oblikovanje tekstilij, tekstilni interier, grafika v modi in inteligentna obla\u010dila, predstavljajo sklop logi\u010dnih povezav ... Read more\" \/>\n<meta property=\"og:url\" content=\"https:\/\/www.ntf.uni-lj.si\/oto\/studij\/1-stopnja\/oblikovanje-tekstilij-in-oblacil-un\/priporocene-izbirne-kombinacije\/\" \/>\n<meta property=\"og:site_name\" content=\"OTO\" \/>\n<meta property=\"article:modified_time\" content=\"2015-04-14T09:54:54+00:00\" \/>\n<meta property=\"og:image\" content=\"http:\/\/www.ntf.uni-lj.si\/oto\/wp-content\/uploads\/sites\/6\/2015\/03\/priporocene-izbirne-kombinacije-999x1024.jpg\" \/>\n<meta name=\"twitter:label1\" content=\"Est. reading time\" \/>\n\t<meta name=\"twitter:data1\" content=\"3 minutes\" \/>\n<script type=\"application\/ld+json\" class=\"yoast-schema-graph\">{\"@context\":\"https:\/\/schema.org\",\"@graph\":[{\"@type\":\"WebSite\",\"@id\":\"https:\/\/www.ntf.uni-lj.si\/oto\/en\/#website\",\"url\":\"https:\/\/www.ntf.uni-lj.si\/oto\/en\/\",\"name\":\"OTO\",\"description\":\"Katedra za oblikovanje tekstilij in obla\\u010dil\",\"potentialAction\":[{\"@type\":\"SearchAction\",\"target\":{\"@type\":\"EntryPoint\",\"urlTemplate\":\"https:\/\/www.ntf.uni-lj.si\/oto\/en\/?s={search_term_string}\"},\"query-input\":\"required name=search_term_string\"}],\"inLanguage\":\"en-US\"},{\"@type\":\"ImageObject\",\"@id\":\"https:\/\/www.ntf.uni-lj.si\/oto\/studij\/1-stopnja\/oblikovanje-tekstilij-in-oblacil-un\/priporocene-izbirne-kombinacije\/#primaryimage\",\"inLanguage\":\"en-US\",\"url\":\"http:\/\/www.ntf.uni-lj.si\/oto\/wp-content\/uploads\/sites\/6\/2015\/03\/priporocene-izbirne-kombinacije-999x1024.jpg\",\"contentUrl\":\"http:\/\/www.ntf.uni-lj.si\/oto\/wp-content\/uploads\/sites\/6\/2015\/03\/priporocene-izbirne-kombinacije-999x1024.jpg\"},{\"@type\":\"WebPage\",\"@id\":\"https:\/\/www.ntf.uni-lj.si\/oto\/studij\/1-stopnja\/oblikovanje-tekstilij-in-oblacil-un\/priporocene-izbirne-kombinacije\/#webpage\",\"url\":\"https:\/\/www.ntf.uni-lj.si\/oto\/studij\/1-stopnja\/oblikovanje-tekstilij-in-oblacil-un\/priporocene-izbirne-kombinacije\/\",\"name\":\"Priporo\\u010dene izbirne kombinacije - OTO\",\"isPartOf\":{\"@id\":\"https:\/\/www.ntf.uni-lj.si\/oto\/en\/#website\"},\"primaryImageOfPage\":{\"@id\":\"https:\/\/www.ntf.uni-lj.si\/oto\/studij\/1-stopnja\/oblikovanje-tekstilij-in-oblacil-un\/priporocene-izbirne-kombinacije\/#primaryimage\"},\"datePublished\":\"2015-03-30T07:47:32+00:00\",\"dateModified\":\"2015-04-14T09:54:54+00:00\",\"breadcrumb\":{\"@id\":\"https:\/\/www.ntf.uni-lj.si\/oto\/studij\/1-stopnja\/oblikovanje-tekstilij-in-oblacil-un\/priporocene-izbirne-kombinacije\/#breadcrumb\"},\"inLanguage\":\"en-US\",\"potentialAction\":[{\"@type\":\"ReadAction\",\"target\":[\"https:\/\/www.ntf.uni-lj.si\/oto\/studij\/1-stopnja\/oblikovanje-tekstilij-in-oblacil-un\/priporocene-izbirne-kombinacije\/\"]}]},{\"@type\":\"BreadcrumbList\",\"@id\":\"https:\/\/www.ntf.uni-lj.si\/oto\/studij\/1-stopnja\/oblikovanje-tekstilij-in-oblacil-un\/priporocene-izbirne-kombinacije\/#breadcrumb\",\"itemListElement\":[{\"@type\":\"ListItem\",\"position\":1,\"name\":\"Home\",\"item\":\"https:\/\/www.ntf.uni-lj.si\/oto\/en\/\"},{\"@type\":\"ListItem\",\"position\":2,\"name\":\"\\u0160tudij\",\"item\":\"https:\/\/www.ntf.uni-lj.si\/oto\/studij\/\"},{\"@type\":\"ListItem\",\"position\":3,\"name\":\"1. stopnja\",\"item\":\"https:\/\/www.ntf.uni-lj.si\/oto\/studij\/1-stopnja\/\"},{\"@type\":\"ListItem\",\"position\":4,\"name\":\"Oblikovanje tekstilij in obla\\u010dil (UN)\",\"item\":\"https:\/\/www.ntf.uni-lj.si\/oto\/studij\/1-stopnja\/oblikovanje-tekstilij-in-oblacil-un\/\"},{\"@type\":\"ListItem\",\"position\":5,\"name\":\"Priporo\\u010dene izbirne kombinacije\"}]}]}<\/script>\n<!-- \/ Yoast SEO plugin. -->","yoast_head_json":{"robots":{"index":"index","follow":"follow","max-snippet":"max-snippet:-1","max-image-preview":"max-image-preview:large","max-video-preview":"max-video-preview:-1"},"canonical":"https:\/\/www.ntf.uni-lj.si\/oto\/studij\/1-stopnja\/oblikovanje-tekstilij-in-oblacil-un\/priporocene-izbirne-kombinacije\/","og_locale":"en_US","og_type":"article","og_title":"Priporo\u010dene izbirne kombinacije - OTO","og_description":"Priporo\u010dene kombinacije so nastale z namenom, da bi bolje izkoristili prednosti povezovanja bolonjskih programov in tako \u0161tudentom omogo\u010dili ve\u010d specializiranega znanja na podro\u010dju, ki jih posebej zanima in s katerim se \u017eelijo ukvarjati. Posamezne kombinacije, kot so moda, stilizem, modni dodatki, oblikovanje tekstilij, tekstilni interier, grafika v modi in inteligentna obla\u010dila, predstavljajo sklop logi\u010dnih povezav ... Read more","og_url":"https:\/\/www.ntf.uni-lj.si\/oto\/studij\/1-stopnja\/oblikovanje-tekstilij-in-oblacil-un\/priporocene-izbirne-kombinacije\/","og_site_name":"OTO","article_modified_time":"2015-04-14T09:54:54+00:00","og_image":[{"url":"http:\/\/www.ntf.uni-lj.si\/oto\/wp-content\/uploads\/sites\/6\/2015\/03\/priporocene-izbirne-kombinacije-999x1024.jpg"}],"twitter_misc":{"Est. reading time":"3 minutes"},"schema":{"@context":"https:\/\/schema.org","@graph":[{"@type":"WebSite","@id":"https:\/\/www.ntf.uni-lj.si\/oto\/en\/#website","url":"https:\/\/www.ntf.uni-lj.si\/oto\/en\/","name":"OTO","description":"Katedra za oblikovanje tekstilij in obla\u010dil","potentialAction":[{"@type":"SearchAction","target":{"@type":"EntryPoint","urlTemplate":"https:\/\/www.ntf.uni-lj.si\/oto\/en\/?s={search_term_string}"},"query-input":"required name=search_term_string"}],"inLanguage":"en-US"},{"@type":"ImageObject","@id":"https:\/\/www.ntf.uni-lj.si\/oto\/studij\/1-stopnja\/oblikovanje-tekstilij-in-oblacil-un\/priporocene-izbirne-kombinacije\/#primaryimage","inLanguage":"en-US","url":"http:\/\/www.ntf.uni-lj.si\/oto\/wp-content\/uploads\/sites\/6\/2015\/03\/priporocene-izbirne-kombinacije-999x1024.jpg","contentUrl":"http:\/\/www.ntf.uni-lj.si\/oto\/wp-content\/uploads\/sites\/6\/2015\/03\/priporocene-izbirne-kombinacije-999x1024.jpg"},{"@type":"WebPage","@id":"https:\/\/www.ntf.uni-lj.si\/oto\/studij\/1-stopnja\/oblikovanje-tekstilij-in-oblacil-un\/priporocene-izbirne-kombinacije\/#webpage","url":"https:\/\/www.ntf.uni-lj.si\/oto\/studij\/1-stopnja\/oblikovanje-tekstilij-in-oblacil-un\/priporocene-izbirne-kombinacije\/","name":"Priporo\u010dene izbirne kombinacije - OTO","isPartOf":{"@id":"https:\/\/www.ntf.uni-lj.si\/oto\/en\/#website"},"primaryImageOfPage":{"@id":"https:\/\/www.ntf.uni-lj.si\/oto\/studij\/1-stopnja\/oblikovanje-tekstilij-in-oblacil-un\/priporocene-izbirne-kombinacije\/#primaryimage"},"datePublished":"2015-03-30T07:47:32+00:00","dateModified":"2015-04-14T09:54:54+00:00","breadcrumb":{"@id":"https:\/\/www.ntf.uni-lj.si\/oto\/studij\/1-stopnja\/oblikovanje-tekstilij-in-oblacil-un\/priporocene-izbirne-kombinacije\/#breadcrumb"},"inLanguage":"en-US","potentialAction":[{"@type":"ReadAction","target":["https:\/\/www.ntf.uni-lj.si\/oto\/studij\/1-stopnja\/oblikovanje-tekstilij-in-oblacil-un\/priporocene-izbirne-kombinacije\/"]}]},{"@type":"BreadcrumbList","@id":"https:\/\/www.ntf.uni-lj.si\/oto\/studij\/1-stopnja\/oblikovanje-tekstilij-in-oblacil-un\/priporocene-izbirne-kombinacije\/#breadcrumb","itemListElement":[{"@type":"ListItem","position":1,"name":"Home","item":"https:\/\/www.ntf.uni-lj.si\/oto\/en\/"},{"@type":"ListItem","position":2,"name":"\u0160tudij","item":"https:\/\/www.ntf.uni-lj.si\/oto\/studij\/"},{"@type":"ListItem","position":3,"name":"1. stopnja","item":"https:\/\/www.ntf.uni-lj.si\/oto\/studij\/1-stopnja\/"},{"@type":"ListItem","position":4,"name":"Oblikovanje tekstilij in obla\u010dil (UN)","item":"https:\/\/www.ntf.uni-lj.si\/oto\/studij\/1-stopnja\/oblikovanje-tekstilij-in-oblacil-un\/"},{"@type":"ListItem","position":5,"name":"Priporo\u010dene izbirne kombinacije"}]}]}},"_links":{"self":[{"href":"https:\/\/www.ntf.uni-lj.si\/oto\/wp-json\/wp\/v2\/pages\/333"}],"collection":[{"href":"https:\/\/www.ntf.uni-lj.si\/oto\/wp-json\/wp\/v2\/pages"}],"about":[{"href":"https:\/\/www.ntf.uni-lj.si\/oto\/wp-json\/wp\/v2\/types\/page"}],"author":[{"embeddable":true,"href":"https:\/\/www.ntf.uni-lj.si\/oto\/wp-json\/wp\/v2\/users\/27"}],"replies":[{"embeddable":true,"href":"https:\/\/www.ntf.uni-lj.si\/oto\/wp-json\/wp\/v2\/comments?post=333"}],"version-history":[{"count":16,"href":"https:\/\/www.ntf.uni-lj.si\/oto\/wp-json\/wp\/v2\/pages\/333\/revisions"}],"predecessor-version":[{"id":4306,"href":"https:\/\/www.ntf.uni-lj.si\/oto\/wp-json\/wp\/v2\/pages\/333\/revisions\/4306"}],"up":[{"embeddable":true,"href":"https:\/\/www.ntf.uni-lj.si\/oto\/wp-json\/wp\/v2\/pages\/254"}],"wp:attachment":[{"href":"https:\/\/www.ntf.uni-lj.si\/oto\/wp-json\/wp\/v2\/media?parent=333"}],"curies":[{"name":"wp","href":"https:\/\/api.w.org\/{rel}","templated":true}]}}