{"id":408,"date":"2015-03-30T08:13:42","date_gmt":"2015-03-30T08:13:42","guid":{"rendered":"http:\/\/www.ntf.uni-lj.si\/oto\/?page_id=408"},"modified":"2015-04-02T10:13:26","modified_gmt":"2015-04-02T10:13:26","slug":"zunanja-izbirnost-in-mobilnost","status":"publish","type":"page","link":"https:\/\/www.ntf.uni-lj.si\/oto\/studij\/2-stopnja\/oblikovanje-tekstilij-in-oblacil-mag\/ostale-informacije\/zunanja-izbirnost-in-mobilnost\/","title":{"rendered":"Zunanja izbirnost in mobilnost"},"content":{"rendered":"<p><strong>Zunanja izbirnost<\/strong><br \/>\n\u0160tudent lahko 38 % izbirnih enot programa (10 kreditnih to\u010dk) pridobi v drugih magistrskih \u0161tudijskih programih Oddelka za tekstilstvo, grafiko in oblikovanje, NTF oziroma programih drugih fakultet.<\/p>\n<p><strong>Mobilnost<\/strong><br \/>\n\u0160tudent lahko 30 kreditnih to\u010dk programa (semester \u0161tudija, ne glede na obvezne ali izbirne enote) prenese iz katerega koli magistrskega \u0161tudijskega programa s podro\u010dja grafi\u010dne ali z grafiko povezane komunikacijske dejavnosti, ki se izvaja na univerzah, vklju\u010denih v mre\u017eo CUMULUS.<\/p>\n","protected":false},"excerpt":{"rendered":"Zunanja izbirnost \u0160tudent lahko 38 % izbirnih enot programa (10 kreditnih to\u010dk) pridobi v drugih magistrskih \u0161tudijskih programih Oddelka za tekstilstvo, grafiko in oblikovanje, NTF oziroma programih drugih fakultet. Mobilnost \u0160tudent lahko 30 kreditnih to\u010dk programa (semester \u0161tudija, ne glede na obvezne ali izbirne enote) prenese iz katerega koli magistrskega \u0161tudijskega programa s podro\u010dja grafi\u010dne &#8230; <a class=\"view-article\" href=\"https:\/\/www.ntf.uni-lj.si\/oto\/studij\/2-stopnja\/oblikovanje-tekstilij-in-oblacil-mag\/ostale-informacije\/zunanja-izbirnost-in-mobilnost\/\">Read more<\/a>","protected":false},"author":27,"featured_media":0,"parent":381,"menu_order":40,"comment_status":"closed","ping_status":"closed","template":"","meta":[],"acf":[],"yoast_head":"<!-- This site is optimized with the Yoast SEO plugin v17.0 - https:\/\/yoast.com\/wordpress\/plugins\/seo\/ -->\n<meta name=\"robots\" content=\"index, follow, max-snippet:-1, max-image-preview:large, max-video-preview:-1\" \/>\n<link rel=\"canonical\" href=\"https:\/\/www.ntf.uni-lj.si\/oto\/studij\/2-stopnja\/oblikovanje-tekstilij-in-oblacil-mag\/ostale-informacije\/zunanja-izbirnost-in-mobilnost\/\" \/>\n<meta property=\"og:locale\" content=\"en_US\" \/>\n<meta property=\"og:type\" content=\"article\" \/>\n<meta property=\"og:title\" content=\"Zunanja izbirnost in mobilnost - OTO\" \/>\n<meta property=\"og:description\" content=\"Zunanja izbirnost \u0160tudent lahko 38 % izbirnih enot programa (10 kreditnih to\u010dk) pridobi v drugih magistrskih \u0161tudijskih programih Oddelka za tekstilstvo, grafiko in oblikovanje, NTF oziroma programih drugih fakultet. Mobilnost \u0160tudent lahko 30 kreditnih to\u010dk programa (semester \u0161tudija, ne glede na obvezne ali izbirne enote) prenese iz katerega koli magistrskega \u0161tudijskega programa s podro\u010dja grafi\u010dne ... Read more\" \/>\n<meta property=\"og:url\" content=\"https:\/\/www.ntf.uni-lj.si\/oto\/studij\/2-stopnja\/oblikovanje-tekstilij-in-oblacil-mag\/ostale-informacije\/zunanja-izbirnost-in-mobilnost\/\" \/>\n<meta property=\"og:site_name\" content=\"OTO\" \/>\n<meta property=\"article:modified_time\" content=\"2015-04-02T10:13:26+00:00\" \/>\n<script type=\"application\/ld+json\" class=\"yoast-schema-graph\">{\"@context\":\"https:\/\/schema.org\",\"@graph\":[{\"@type\":\"WebSite\",\"@id\":\"https:\/\/www.ntf.uni-lj.si\/oto\/en\/#website\",\"url\":\"https:\/\/www.ntf.uni-lj.si\/oto\/en\/\",\"name\":\"OTO\",\"description\":\"Katedra za oblikovanje tekstilij in obla\\u010dil\",\"potentialAction\":[{\"@type\":\"SearchAction\",\"target\":{\"@type\":\"EntryPoint\",\"urlTemplate\":\"https:\/\/www.ntf.uni-lj.si\/oto\/en\/?s={search_term_string}\"},\"query-input\":\"required name=search_term_string\"}],\"inLanguage\":\"en-US\"},{\"@type\":\"WebPage\",\"@id\":\"https:\/\/www.ntf.uni-lj.si\/oto\/studij\/2-stopnja\/oblikovanje-tekstilij-in-oblacil-mag\/ostale-informacije\/zunanja-izbirnost-in-mobilnost\/#webpage\",\"url\":\"https:\/\/www.ntf.uni-lj.si\/oto\/studij\/2-stopnja\/oblikovanje-tekstilij-in-oblacil-mag\/ostale-informacije\/zunanja-izbirnost-in-mobilnost\/\",\"name\":\"Zunanja izbirnost in mobilnost - OTO\",\"isPartOf\":{\"@id\":\"https:\/\/www.ntf.uni-lj.si\/oto\/en\/#website\"},\"datePublished\":\"2015-03-30T08:13:42+00:00\",\"dateModified\":\"2015-04-02T10:13:26+00:00\",\"breadcrumb\":{\"@id\":\"https:\/\/www.ntf.uni-lj.si\/oto\/studij\/2-stopnja\/oblikovanje-tekstilij-in-oblacil-mag\/ostale-informacije\/zunanja-izbirnost-in-mobilnost\/#breadcrumb\"},\"inLanguage\":\"en-US\",\"potentialAction\":[{\"@type\":\"ReadAction\",\"target\":[\"https:\/\/www.ntf.uni-lj.si\/oto\/studij\/2-stopnja\/oblikovanje-tekstilij-in-oblacil-mag\/ostale-informacije\/zunanja-izbirnost-in-mobilnost\/\"]}]},{\"@type\":\"BreadcrumbList\",\"@id\":\"https:\/\/www.ntf.uni-lj.si\/oto\/studij\/2-stopnja\/oblikovanje-tekstilij-in-oblacil-mag\/ostale-informacije\/zunanja-izbirnost-in-mobilnost\/#breadcrumb\",\"itemListElement\":[{\"@type\":\"ListItem\",\"position\":1,\"name\":\"Home\",\"item\":\"https:\/\/www.ntf.uni-lj.si\/oto\/en\/\"},{\"@type\":\"ListItem\",\"position\":2,\"name\":\"\\u0160tudij\",\"item\":\"https:\/\/www.ntf.uni-lj.si\/oto\/studij\/\"},{\"@type\":\"ListItem\",\"position\":3,\"name\":\"2. stopnja\",\"item\":\"https:\/\/www.ntf.uni-lj.si\/oto\/studij\/2-stopnja\/\"},{\"@type\":\"ListItem\",\"position\":4,\"name\":\"Oblikovanje tekstilij in obla\\u010dil (MAG)\",\"item\":\"https:\/\/www.ntf.uni-lj.si\/oto\/studij\/2-stopnja\/oblikovanje-tekstilij-in-oblacil-mag\/\"},{\"@type\":\"ListItem\",\"position\":5,\"name\":\"Ostale informacije\",\"item\":\"https:\/\/www.ntf.uni-lj.si\/oto\/studij\/2-stopnja\/oblikovanje-tekstilij-in-oblacil-mag\/ostale-informacije\/\"},{\"@type\":\"ListItem\",\"position\":6,\"name\":\"Zunanja izbirnost in mobilnost\"}]}]}<\/script>\n<!-- \/ Yoast SEO plugin. -->","yoast_head_json":{"robots":{"index":"index","follow":"follow","max-snippet":"max-snippet:-1","max-image-preview":"max-image-preview:large","max-video-preview":"max-video-preview:-1"},"canonical":"https:\/\/www.ntf.uni-lj.si\/oto\/studij\/2-stopnja\/oblikovanje-tekstilij-in-oblacil-mag\/ostale-informacije\/zunanja-izbirnost-in-mobilnost\/","og_locale":"en_US","og_type":"article","og_title":"Zunanja izbirnost in mobilnost - OTO","og_description":"Zunanja izbirnost \u0160tudent lahko 38 % izbirnih enot programa (10 kreditnih to\u010dk) pridobi v drugih magistrskih \u0161tudijskih programih Oddelka za tekstilstvo, grafiko in oblikovanje, NTF oziroma programih drugih fakultet. Mobilnost \u0160tudent lahko 30 kreditnih to\u010dk programa (semester \u0161tudija, ne glede na obvezne ali izbirne enote) prenese iz katerega koli magistrskega \u0161tudijskega programa s podro\u010dja grafi\u010dne ... Read more","og_url":"https:\/\/www.ntf.uni-lj.si\/oto\/studij\/2-stopnja\/oblikovanje-tekstilij-in-oblacil-mag\/ostale-informacije\/zunanja-izbirnost-in-mobilnost\/","og_site_name":"OTO","article_modified_time":"2015-04-02T10:13:26+00:00","schema":{"@context":"https:\/\/schema.org","@graph":[{"@type":"WebSite","@id":"https:\/\/www.ntf.uni-lj.si\/oto\/en\/#website","url":"https:\/\/www.ntf.uni-lj.si\/oto\/en\/","name":"OTO","description":"Katedra za oblikovanje tekstilij in obla\u010dil","potentialAction":[{"@type":"SearchAction","target":{"@type":"EntryPoint","urlTemplate":"https:\/\/www.ntf.uni-lj.si\/oto\/en\/?s={search_term_string}"},"query-input":"required name=search_term_string"}],"inLanguage":"en-US"},{"@type":"WebPage","@id":"https:\/\/www.ntf.uni-lj.si\/oto\/studij\/2-stopnja\/oblikovanje-tekstilij-in-oblacil-mag\/ostale-informacije\/zunanja-izbirnost-in-mobilnost\/#webpage","url":"https:\/\/www.ntf.uni-lj.si\/oto\/studij\/2-stopnja\/oblikovanje-tekstilij-in-oblacil-mag\/ostale-informacije\/zunanja-izbirnost-in-mobilnost\/","name":"Zunanja izbirnost in mobilnost - OTO","isPartOf":{"@id":"https:\/\/www.ntf.uni-lj.si\/oto\/en\/#website"},"datePublished":"2015-03-30T08:13:42+00:00","dateModified":"2015-04-02T10:13:26+00:00","breadcrumb":{"@id":"https:\/\/www.ntf.uni-lj.si\/oto\/studij\/2-stopnja\/oblikovanje-tekstilij-in-oblacil-mag\/ostale-informacije\/zunanja-izbirnost-in-mobilnost\/#breadcrumb"},"inLanguage":"en-US","potentialAction":[{"@type":"ReadAction","target":["https:\/\/www.ntf.uni-lj.si\/oto\/studij\/2-stopnja\/oblikovanje-tekstilij-in-oblacil-mag\/ostale-informacije\/zunanja-izbirnost-in-mobilnost\/"]}]},{"@type":"BreadcrumbList","@id":"https:\/\/www.ntf.uni-lj.si\/oto\/studij\/2-stopnja\/oblikovanje-tekstilij-in-oblacil-mag\/ostale-informacije\/zunanja-izbirnost-in-mobilnost\/#breadcrumb","itemListElement":[{"@type":"ListItem","position":1,"name":"Home","item":"https:\/\/www.ntf.uni-lj.si\/oto\/en\/"},{"@type":"ListItem","position":2,"name":"\u0160tudij","item":"https:\/\/www.ntf.uni-lj.si\/oto\/studij\/"},{"@type":"ListItem","position":3,"name":"2. stopnja","item":"https:\/\/www.ntf.uni-lj.si\/oto\/studij\/2-stopnja\/"},{"@type":"ListItem","position":4,"name":"Oblikovanje tekstilij in obla\u010dil (MAG)","item":"https:\/\/www.ntf.uni-lj.si\/oto\/studij\/2-stopnja\/oblikovanje-tekstilij-in-oblacil-mag\/"},{"@type":"ListItem","position":5,"name":"Ostale informacije","item":"https:\/\/www.ntf.uni-lj.si\/oto\/studij\/2-stopnja\/oblikovanje-tekstilij-in-oblacil-mag\/ostale-informacije\/"},{"@type":"ListItem","position":6,"name":"Zunanja izbirnost in mobilnost"}]}]}},"_links":{"self":[{"href":"https:\/\/www.ntf.uni-lj.si\/oto\/wp-json\/wp\/v2\/pages\/408"}],"collection":[{"href":"https:\/\/www.ntf.uni-lj.si\/oto\/wp-json\/wp\/v2\/pages"}],"about":[{"href":"https:\/\/www.ntf.uni-lj.si\/oto\/wp-json\/wp\/v2\/types\/page"}],"author":[{"embeddable":true,"href":"https:\/\/www.ntf.uni-lj.si\/oto\/wp-json\/wp\/v2\/users\/27"}],"replies":[{"embeddable":true,"href":"https:\/\/www.ntf.uni-lj.si\/oto\/wp-json\/wp\/v2\/comments?post=408"}],"version-history":[{"count":3,"href":"https:\/\/www.ntf.uni-lj.si\/oto\/wp-json\/wp\/v2\/pages\/408\/revisions"}],"predecessor-version":[{"id":627,"href":"https:\/\/www.ntf.uni-lj.si\/oto\/wp-json\/wp\/v2\/pages\/408\/revisions\/627"}],"up":[{"embeddable":true,"href":"https:\/\/www.ntf.uni-lj.si\/oto\/wp-json\/wp\/v2\/pages\/381"}],"wp:attachment":[{"href":"https:\/\/www.ntf.uni-lj.si\/oto\/wp-json\/wp\/v2\/media?parent=408"}],"curies":[{"name":"wp","href":"https:\/\/api.w.org\/{rel}","templated":true}]}}