{"id":119,"date":"2015-04-02T13:37:35","date_gmt":"2015-04-02T13:37:35","guid":{"rendered":"http:\/\/www.ntf.uni-lj.si\/ssntf\/?page_id=119"},"modified":"2022-01-13T00:12:57","modified_gmt":"2022-01-12T23:12:57","slug":"meetings","status":"publish","type":"page","link":"https:\/\/www.ntf.uni-lj.si\/ssntf\/en\/meetings\/","title":{"rendered":"meetings"},"content":{"rendered":"<p>&nbsp;<\/p>\n<ul>\n<li>1st regular meeting \u0160S NTF: Monday, 29. 11. 2021 at 18:00<\/li>\n<li>2nd regular meeting \u0160S NTF: Monday, 13. 12. 2021 at 17:00<\/li>\n<li>3rd regular meeting \u0160S NTF: Monday, 17. 1. 2022 at 18:00 (online)<\/li>\n<li>4th regular meeting \u0160S NTF: Monday, 21. 2. 2022 at 18:00 (online)<\/li>\n<li>5th regular meeting \u0160S NTF: Monday, 21. 3. 2022 at 18:00 (online)<\/li>\n<\/ul>\n<p>Meetings take place<\/p>\n<ul>\n<li>Online on\u00a0Microsoft Teams.\u00a0If you wish to be present, write to us:\u00a0<em>studentski.svet@ntf.uni-lj.si<\/em><\/li>\n<li>meeting room, A\u0161ker\u010deva cesta 12 (1. floor)<\/li>\n<\/ul>\n","protected":false},"excerpt":{"rendered":"&nbsp; 1st regular meeting \u0160S NTF: Monday, 29. 11. 2021 at 18:00 2nd regular meeting \u0160S NTF: Monday, 13. 12. 2021 at 17:00 3rd regular meeting \u0160S NTF: Monday, 17. 1. 2022 at 18:00 (online) 4th regular meeting \u0160S NTF: Monday, 21. 2. 2022 at 18:00 (online) 5th regular meeting \u0160S NTF: Monday, 21. 3. &#8230; <a class=\"view-article\" href=\"https:\/\/www.ntf.uni-lj.si\/ssntf\/en\/meetings\/\">Read more<\/a>","protected":false},"author":15,"featured_media":0,"parent":0,"menu_order":40,"comment_status":"closed","ping_status":"closed","template":"","meta":[],"acf":[],"yoast_head":"<!-- This site is optimized with the Yoast SEO plugin v17.0 - https:\/\/yoast.com\/wordpress\/plugins\/seo\/ -->\n<meta name=\"robots\" content=\"index, follow, max-snippet:-1, max-image-preview:large, max-video-preview:-1\" \/>\n<link rel=\"canonical\" href=\"https:\/\/www.ntf.uni-lj.si\/ssntf\/en\/meetings\/\" \/>\n<meta property=\"og:locale\" content=\"en_US\" \/>\n<meta property=\"og:type\" content=\"article\" \/>\n<meta property=\"og:title\" content=\"meetings - \u0160SNTF\" \/>\n<meta property=\"og:description\" content=\"&nbsp; 1st regular meeting \u0160S NTF: Monday, 29. 11. 2021 at 18:00 2nd regular meeting \u0160S NTF: Monday, 13. 12. 2021 at 17:00 3rd regular meeting \u0160S NTF: Monday, 17. 1. 2022 at 18:00 (online) 4th regular meeting \u0160S NTF: Monday, 21. 2. 2022 at 18:00 (online) 5th regular meeting \u0160S NTF: Monday, 21. 3. ... Read more\" \/>\n<meta property=\"og:url\" content=\"https:\/\/www.ntf.uni-lj.si\/ssntf\/en\/meetings\/\" \/>\n<meta property=\"og:site_name\" content=\"\u0160SNTF\" \/>\n<meta property=\"article:modified_time\" content=\"2022-01-12T23:12:57+00:00\" \/>\n<meta name=\"twitter:label1\" content=\"Est. reading time\" \/>\n\t<meta name=\"twitter:data1\" content=\"1 minute\" \/>\n<script type=\"application\/ld+json\" class=\"yoast-schema-graph\">{\"@context\":\"https:\/\/schema.org\",\"@graph\":[{\"@type\":\"WebSite\",\"@id\":\"https:\/\/www.ntf.uni-lj.si\/ssntf\/#website\",\"url\":\"https:\/\/www.ntf.uni-lj.si\/ssntf\/\",\"name\":\"\\u0160SNTF\",\"description\":\"\\u0160tudentski svet NTF\",\"potentialAction\":[{\"@type\":\"SearchAction\",\"target\":{\"@type\":\"EntryPoint\",\"urlTemplate\":\"https:\/\/www.ntf.uni-lj.si\/ssntf\/?s={search_term_string}\"},\"query-input\":\"required name=search_term_string\"}],\"inLanguage\":\"en-US\"},{\"@type\":\"WebPage\",\"@id\":\"https:\/\/www.ntf.uni-lj.si\/ssntf\/en\/meetings\/#webpage\",\"url\":\"https:\/\/www.ntf.uni-lj.si\/ssntf\/en\/meetings\/\",\"name\":\"meetings - \\u0160SNTF\",\"isPartOf\":{\"@id\":\"https:\/\/www.ntf.uni-lj.si\/ssntf\/#website\"},\"datePublished\":\"2015-04-02T13:37:35+00:00\",\"dateModified\":\"2022-01-12T23:12:57+00:00\",\"breadcrumb\":{\"@id\":\"https:\/\/www.ntf.uni-lj.si\/ssntf\/en\/meetings\/#breadcrumb\"},\"inLanguage\":\"en-US\",\"potentialAction\":[{\"@type\":\"ReadAction\",\"target\":[\"https:\/\/www.ntf.uni-lj.si\/ssntf\/en\/meetings\/\"]}]},{\"@type\":\"BreadcrumbList\",\"@id\":\"https:\/\/www.ntf.uni-lj.si\/ssntf\/en\/meetings\/#breadcrumb\",\"itemListElement\":[{\"@type\":\"ListItem\",\"position\":1,\"name\":\"Domov\",\"item\":\"https:\/\/www.ntf.uni-lj.si\/ssntf\/\"},{\"@type\":\"ListItem\",\"position\":2,\"name\":\"meetings\"}]}]}<\/script>\n<!-- \/ Yoast SEO plugin. -->","yoast_head_json":{"robots":{"index":"index","follow":"follow","max-snippet":"max-snippet:-1","max-image-preview":"max-image-preview:large","max-video-preview":"max-video-preview:-1"},"canonical":"https:\/\/www.ntf.uni-lj.si\/ssntf\/en\/meetings\/","og_locale":"en_US","og_type":"article","og_title":"meetings - \u0160SNTF","og_description":"&nbsp; 1st regular meeting \u0160S NTF: Monday, 29. 11. 2021 at 18:00 2nd regular meeting \u0160S NTF: Monday, 13. 12. 2021 at 17:00 3rd regular meeting \u0160S NTF: Monday, 17. 1. 2022 at 18:00 (online) 4th regular meeting \u0160S NTF: Monday, 21. 2. 2022 at 18:00 (online) 5th regular meeting \u0160S NTF: Monday, 21. 3. ... Read more","og_url":"https:\/\/www.ntf.uni-lj.si\/ssntf\/en\/meetings\/","og_site_name":"\u0160SNTF","article_modified_time":"2022-01-12T23:12:57+00:00","twitter_misc":{"Est. reading time":"1 minute"},"schema":{"@context":"https:\/\/schema.org","@graph":[{"@type":"WebSite","@id":"https:\/\/www.ntf.uni-lj.si\/ssntf\/#website","url":"https:\/\/www.ntf.uni-lj.si\/ssntf\/","name":"\u0160SNTF","description":"\u0160tudentski svet NTF","potentialAction":[{"@type":"SearchAction","target":{"@type":"EntryPoint","urlTemplate":"https:\/\/www.ntf.uni-lj.si\/ssntf\/?s={search_term_string}"},"query-input":"required name=search_term_string"}],"inLanguage":"en-US"},{"@type":"WebPage","@id":"https:\/\/www.ntf.uni-lj.si\/ssntf\/en\/meetings\/#webpage","url":"https:\/\/www.ntf.uni-lj.si\/ssntf\/en\/meetings\/","name":"meetings - \u0160SNTF","isPartOf":{"@id":"https:\/\/www.ntf.uni-lj.si\/ssntf\/#website"},"datePublished":"2015-04-02T13:37:35+00:00","dateModified":"2022-01-12T23:12:57+00:00","breadcrumb":{"@id":"https:\/\/www.ntf.uni-lj.si\/ssntf\/en\/meetings\/#breadcrumb"},"inLanguage":"en-US","potentialAction":[{"@type":"ReadAction","target":["https:\/\/www.ntf.uni-lj.si\/ssntf\/en\/meetings\/"]}]},{"@type":"BreadcrumbList","@id":"https:\/\/www.ntf.uni-lj.si\/ssntf\/en\/meetings\/#breadcrumb","itemListElement":[{"@type":"ListItem","position":1,"name":"Domov","item":"https:\/\/www.ntf.uni-lj.si\/ssntf\/"},{"@type":"ListItem","position":2,"name":"meetings"}]}]}},"_links":{"self":[{"href":"https:\/\/www.ntf.uni-lj.si\/ssntf\/wp-json\/wp\/v2\/pages\/119"}],"collection":[{"href":"https:\/\/www.ntf.uni-lj.si\/ssntf\/wp-json\/wp\/v2\/pages"}],"about":[{"href":"https:\/\/www.ntf.uni-lj.si\/ssntf\/wp-json\/wp\/v2\/types\/page"}],"author":[{"embeddable":true,"href":"https:\/\/www.ntf.uni-lj.si\/ssntf\/wp-json\/wp\/v2\/users\/15"}],"replies":[{"embeddable":true,"href":"https:\/\/www.ntf.uni-lj.si\/ssntf\/wp-json\/wp\/v2\/comments?post=119"}],"version-history":[{"count":12,"href":"https:\/\/www.ntf.uni-lj.si\/ssntf\/wp-json\/wp\/v2\/pages\/119\/revisions"}],"predecessor-version":[{"id":685,"href":"https:\/\/www.ntf.uni-lj.si\/ssntf\/wp-json\/wp\/v2\/pages\/119\/revisions\/685"}],"wp:attachment":[{"href":"https:\/\/www.ntf.uni-lj.si\/ssntf\/wp-json\/wp\/v2\/media?parent=119"}],"curies":[{"name":"wp","href":"https:\/\/api.w.org\/{rel}","templated":true}]}}