{"id":479,"date":"2020-01-17T11:02:20","date_gmt":"2020-01-17T10:02:20","guid":{"rendered":"http:\/\/www.ntf.uni-lj.si\/ssntf\/?page_id=479"},"modified":"2022-01-13T00:09:48","modified_gmt":"2022-01-12T23:09:48","slug":"members","status":"publish","type":"page","link":"https:\/\/www.ntf.uni-lj.si\/ssntf\/en\/about-ssntf\/members\/","title":{"rendered":"Members"},"content":{"rendered":"<ul>\n<li>Predsednik:<strong> Urh To\u0161<\/strong><\/li>\n<li>Podpredsednik:<strong>Bla\u017e \u017derjav Jereb<\/strong><\/li>\n<\/ul>\n<p>&nbsp;<\/p>\n<ul>\n<li>Namestnik predsednika: <strong>Jo\u0161t Ir\u0161i\u010d<\/strong><\/li>\n<li>Namestnik podpredsednika: <b>Lucija Petrov\u010di\u010d<\/b><\/li>\n<\/ul>\n<p>Members:<\/p>\n<ul>\n<li>Jan Vodu\u0161ek<\/li>\n<li>Katarina Lampi\u010d<\/li>\n<li>Lara Kocbek<\/li>\n<li>Lea Dujmovi\u010d<\/li>\n<li>Jerneja \u0160u\u0161el<\/li>\n<li>Gregor \u0160egel<\/li>\n<\/ul>\n","protected":false},"excerpt":{"rendered":"Predsednik: Urh To\u0161 Podpredsednik:Bla\u017e \u017derjav Jereb &nbsp; Namestnik predsednika: Jo\u0161t Ir\u0161i\u010d Namestnik podpredsednika: Lucija Petrov\u010di\u010d Members: Jan Vodu\u0161ek Katarina Lampi\u010d Lara Kocbek Lea Dujmovi\u010d Jerneja \u0160u\u0161el Gregor \u0160egel","protected":false},"author":305,"featured_media":0,"parent":82,"menu_order":2,"comment_status":"closed","ping_status":"closed","template":"","meta":[],"acf":[],"yoast_head":"<!-- This site is optimized with the Yoast SEO plugin v17.0 - https:\/\/yoast.com\/wordpress\/plugins\/seo\/ -->\n<meta name=\"robots\" content=\"index, follow, max-snippet:-1, max-image-preview:large, max-video-preview:-1\" \/>\n<link rel=\"canonical\" href=\"https:\/\/www.ntf.uni-lj.si\/ssntf\/en\/about-ssntf\/members\/\" \/>\n<meta property=\"og:locale\" content=\"en_US\" \/>\n<meta property=\"og:type\" content=\"article\" \/>\n<meta property=\"og:title\" content=\"Members - \u0160SNTF\" \/>\n<meta property=\"og:description\" content=\"Predsednik: Urh To\u0161 Podpredsednik:Bla\u017e \u017derjav Jereb &nbsp; Namestnik predsednika: Jo\u0161t Ir\u0161i\u010d Namestnik podpredsednika: Lucija Petrov\u010di\u010d Members: Jan Vodu\u0161ek Katarina Lampi\u010d Lara Kocbek Lea Dujmovi\u010d Jerneja \u0160u\u0161el Gregor \u0160egel\" \/>\n<meta property=\"og:url\" content=\"https:\/\/www.ntf.uni-lj.si\/ssntf\/en\/about-ssntf\/members\/\" \/>\n<meta property=\"og:site_name\" content=\"\u0160SNTF\" \/>\n<meta property=\"article:modified_time\" content=\"2022-01-12T23:09:48+00:00\" \/>\n<meta name=\"twitter:label1\" content=\"Est. reading time\" \/>\n\t<meta name=\"twitter:data1\" content=\"1 minute\" \/>\n<script type=\"application\/ld+json\" class=\"yoast-schema-graph\">{\"@context\":\"https:\/\/schema.org\",\"@graph\":[{\"@type\":\"WebSite\",\"@id\":\"https:\/\/www.ntf.uni-lj.si\/ssntf\/#website\",\"url\":\"https:\/\/www.ntf.uni-lj.si\/ssntf\/\",\"name\":\"\\u0160SNTF\",\"description\":\"\\u0160tudentski svet NTF\",\"potentialAction\":[{\"@type\":\"SearchAction\",\"target\":{\"@type\":\"EntryPoint\",\"urlTemplate\":\"https:\/\/www.ntf.uni-lj.si\/ssntf\/?s={search_term_string}\"},\"query-input\":\"required name=search_term_string\"}],\"inLanguage\":\"en-US\"},{\"@type\":\"WebPage\",\"@id\":\"https:\/\/www.ntf.uni-lj.si\/ssntf\/en\/about-ssntf\/members\/#webpage\",\"url\":\"https:\/\/www.ntf.uni-lj.si\/ssntf\/en\/about-ssntf\/members\/\",\"name\":\"Members - \\u0160SNTF\",\"isPartOf\":{\"@id\":\"https:\/\/www.ntf.uni-lj.si\/ssntf\/#website\"},\"datePublished\":\"2020-01-17T10:02:20+00:00\",\"dateModified\":\"2022-01-12T23:09:48+00:00\",\"breadcrumb\":{\"@id\":\"https:\/\/www.ntf.uni-lj.si\/ssntf\/en\/about-ssntf\/members\/#breadcrumb\"},\"inLanguage\":\"en-US\",\"potentialAction\":[{\"@type\":\"ReadAction\",\"target\":[\"https:\/\/www.ntf.uni-lj.si\/ssntf\/en\/about-ssntf\/members\/\"]}]},{\"@type\":\"BreadcrumbList\",\"@id\":\"https:\/\/www.ntf.uni-lj.si\/ssntf\/en\/about-ssntf\/members\/#breadcrumb\",\"itemListElement\":[{\"@type\":\"ListItem\",\"position\":1,\"name\":\"Domov\",\"item\":\"https:\/\/www.ntf.uni-lj.si\/ssntf\/\"},{\"@type\":\"ListItem\",\"position\":2,\"name\":\"About \\u0160S NTF\",\"item\":\"https:\/\/www.ntf.uni-lj.si\/ssntf\/en\/about-ssntf\/\"},{\"@type\":\"ListItem\",\"position\":3,\"name\":\"Members\"}]}]}<\/script>\n<!-- \/ Yoast SEO plugin. -->","yoast_head_json":{"robots":{"index":"index","follow":"follow","max-snippet":"max-snippet:-1","max-image-preview":"max-image-preview:large","max-video-preview":"max-video-preview:-1"},"canonical":"https:\/\/www.ntf.uni-lj.si\/ssntf\/en\/about-ssntf\/members\/","og_locale":"en_US","og_type":"article","og_title":"Members - \u0160SNTF","og_description":"Predsednik: Urh To\u0161 Podpredsednik:Bla\u017e \u017derjav Jereb &nbsp; Namestnik predsednika: Jo\u0161t Ir\u0161i\u010d Namestnik podpredsednika: Lucija Petrov\u010di\u010d Members: Jan Vodu\u0161ek Katarina Lampi\u010d Lara Kocbek Lea Dujmovi\u010d Jerneja \u0160u\u0161el Gregor \u0160egel","og_url":"https:\/\/www.ntf.uni-lj.si\/ssntf\/en\/about-ssntf\/members\/","og_site_name":"\u0160SNTF","article_modified_time":"2022-01-12T23:09:48+00:00","twitter_misc":{"Est. reading time":"1 minute"},"schema":{"@context":"https:\/\/schema.org","@graph":[{"@type":"WebSite","@id":"https:\/\/www.ntf.uni-lj.si\/ssntf\/#website","url":"https:\/\/www.ntf.uni-lj.si\/ssntf\/","name":"\u0160SNTF","description":"\u0160tudentski svet NTF","potentialAction":[{"@type":"SearchAction","target":{"@type":"EntryPoint","urlTemplate":"https:\/\/www.ntf.uni-lj.si\/ssntf\/?s={search_term_string}"},"query-input":"required name=search_term_string"}],"inLanguage":"en-US"},{"@type":"WebPage","@id":"https:\/\/www.ntf.uni-lj.si\/ssntf\/en\/about-ssntf\/members\/#webpage","url":"https:\/\/www.ntf.uni-lj.si\/ssntf\/en\/about-ssntf\/members\/","name":"Members - \u0160SNTF","isPartOf":{"@id":"https:\/\/www.ntf.uni-lj.si\/ssntf\/#website"},"datePublished":"2020-01-17T10:02:20+00:00","dateModified":"2022-01-12T23:09:48+00:00","breadcrumb":{"@id":"https:\/\/www.ntf.uni-lj.si\/ssntf\/en\/about-ssntf\/members\/#breadcrumb"},"inLanguage":"en-US","potentialAction":[{"@type":"ReadAction","target":["https:\/\/www.ntf.uni-lj.si\/ssntf\/en\/about-ssntf\/members\/"]}]},{"@type":"BreadcrumbList","@id":"https:\/\/www.ntf.uni-lj.si\/ssntf\/en\/about-ssntf\/members\/#breadcrumb","itemListElement":[{"@type":"ListItem","position":1,"name":"Domov","item":"https:\/\/www.ntf.uni-lj.si\/ssntf\/"},{"@type":"ListItem","position":2,"name":"About \u0160S NTF","item":"https:\/\/www.ntf.uni-lj.si\/ssntf\/en\/about-ssntf\/"},{"@type":"ListItem","position":3,"name":"Members"}]}]}},"_links":{"self":[{"href":"https:\/\/www.ntf.uni-lj.si\/ssntf\/wp-json\/wp\/v2\/pages\/479"}],"collection":[{"href":"https:\/\/www.ntf.uni-lj.si\/ssntf\/wp-json\/wp\/v2\/pages"}],"about":[{"href":"https:\/\/www.ntf.uni-lj.si\/ssntf\/wp-json\/wp\/v2\/types\/page"}],"author":[{"embeddable":true,"href":"https:\/\/www.ntf.uni-lj.si\/ssntf\/wp-json\/wp\/v2\/users\/305"}],"replies":[{"embeddable":true,"href":"https:\/\/www.ntf.uni-lj.si\/ssntf\/wp-json\/wp\/v2\/comments?post=479"}],"version-history":[{"count":4,"href":"https:\/\/www.ntf.uni-lj.si\/ssntf\/wp-json\/wp\/v2\/pages\/479\/revisions"}],"predecessor-version":[{"id":683,"href":"https:\/\/www.ntf.uni-lj.si\/ssntf\/wp-json\/wp\/v2\/pages\/479\/revisions\/683"}],"up":[{"embeddable":true,"href":"https:\/\/www.ntf.uni-lj.si\/ssntf\/wp-json\/wp\/v2\/pages\/82"}],"wp:attachment":[{"href":"https:\/\/www.ntf.uni-lj.si\/ssntf\/wp-json\/wp\/v2\/media?parent=479"}],"curies":[{"name":"wp","href":"https:\/\/api.w.org\/{rel}","templated":true}]}}