{"id":494,"date":"2020-01-17T20:32:32","date_gmt":"2020-01-17T19:32:32","guid":{"rendered":"http:\/\/www.ntf.uni-lj.si\/ssntf\/?page_id=494"},"modified":"2024-12-18T10:20:37","modified_gmt":"2024-12-18T09:20:37","slug":"senat","status":"publish","type":"page","link":"https:\/\/www.ntf.uni-lj.si\/ssntf\/kdosmo\/senat\/","title":{"rendered":"Senat"},"content":{"rendered":"<ul>\n<li>Lea Lon\u010dar<\/li>\n<li>Eva Pusovnik<\/li>\n<li>Teja Medve\u0161\u010dek<\/li>\n<li>Tina Bajec<\/li>\n<li>\u017diva Jan\u010dar Bauman<\/li>\n<\/ul>\n<p>Senat je najvi\u0161ji strokovni organ univerze. Za \u010dlane senata (senatorji) so lahko izvoljeni u\u010ditelji \u010dlanic, ki so zaposleni na univerzi s polnim delovnim \u010dasom, in \u0161tudentje. Predseduje mu dekan, v njem pa sodelujejo, ali so \u010dlani, \u0161e vsi prodekani, predstojniki oddelkov in predstavniki drugih slu\u017eb fakultete.<\/p>\n","protected":false},"excerpt":{"rendered":"Lea Lon\u010dar Eva Pusovnik Teja Medve\u0161\u010dek Tina Bajec \u017diva Jan\u010dar Bauman Senat je najvi\u0161ji strokovni organ univerze. Za \u010dlane senata (senatorji) so lahko izvoljeni u\u010ditelji \u010dlanic, ki so zaposleni na univerzi s polnim delovnim \u010dasom, in \u0161tudentje. Predseduje mu dekan, v njem pa sodelujejo, ali so \u010dlani, \u0161e vsi prodekani, predstojniki oddelkov in predstavniki drugih &#8230; <a class=\"view-article\" href=\"https:\/\/www.ntf.uni-lj.si\/ssntf\/kdosmo\/senat\/\">Read more<\/a>","protected":false},"author":305,"featured_media":0,"parent":79,"menu_order":3,"comment_status":"closed","ping_status":"closed","template":"","meta":[],"acf":[],"yoast_head":"<!-- This site is optimized with the Yoast SEO plugin v17.0 - https:\/\/yoast.com\/wordpress\/plugins\/seo\/ -->\n<meta name=\"robots\" content=\"index, follow, max-snippet:-1, max-image-preview:large, max-video-preview:-1\" \/>\n<link rel=\"canonical\" href=\"https:\/\/www.ntf.uni-lj.si\/ssntf\/kdosmo\/senat\/\" \/>\n<meta property=\"og:locale\" content=\"en_US\" \/>\n<meta property=\"og:type\" content=\"article\" \/>\n<meta property=\"og:title\" content=\"Senat - \u0160SNTF\" \/>\n<meta property=\"og:description\" content=\"Lea Lon\u010dar Eva Pusovnik Teja Medve\u0161\u010dek Tina Bajec \u017diva Jan\u010dar Bauman Senat je najvi\u0161ji strokovni organ univerze. Za \u010dlane senata (senatorji) so lahko izvoljeni u\u010ditelji \u010dlanic, ki so zaposleni na univerzi s polnim delovnim \u010dasom, in \u0161tudentje. Predseduje mu dekan, v njem pa sodelujejo, ali so \u010dlani, \u0161e vsi prodekani, predstojniki oddelkov in predstavniki drugih ... Read more\" \/>\n<meta property=\"og:url\" content=\"https:\/\/www.ntf.uni-lj.si\/ssntf\/kdosmo\/senat\/\" \/>\n<meta property=\"og:site_name\" content=\"\u0160SNTF\" \/>\n<meta property=\"article:modified_time\" content=\"2024-12-18T09:20:37+00:00\" \/>\n<meta name=\"twitter:label1\" content=\"Est. reading time\" \/>\n\t<meta name=\"twitter:data1\" content=\"1 minute\" \/>\n<script type=\"application\/ld+json\" class=\"yoast-schema-graph\">{\"@context\":\"https:\/\/schema.org\",\"@graph\":[{\"@type\":\"WebSite\",\"@id\":\"https:\/\/www.ntf.uni-lj.si\/ssntf\/#website\",\"url\":\"https:\/\/www.ntf.uni-lj.si\/ssntf\/\",\"name\":\"\\u0160SNTF\",\"description\":\"\\u0160tudentski svet NTF\",\"potentialAction\":[{\"@type\":\"SearchAction\",\"target\":{\"@type\":\"EntryPoint\",\"urlTemplate\":\"https:\/\/www.ntf.uni-lj.si\/ssntf\/?s={search_term_string}\"},\"query-input\":\"required name=search_term_string\"}],\"inLanguage\":\"en-US\"},{\"@type\":\"WebPage\",\"@id\":\"https:\/\/www.ntf.uni-lj.si\/ssntf\/kdosmo\/senat\/#webpage\",\"url\":\"https:\/\/www.ntf.uni-lj.si\/ssntf\/kdosmo\/senat\/\",\"name\":\"Senat - \\u0160SNTF\",\"isPartOf\":{\"@id\":\"https:\/\/www.ntf.uni-lj.si\/ssntf\/#website\"},\"datePublished\":\"2020-01-17T19:32:32+00:00\",\"dateModified\":\"2024-12-18T09:20:37+00:00\",\"breadcrumb\":{\"@id\":\"https:\/\/www.ntf.uni-lj.si\/ssntf\/kdosmo\/senat\/#breadcrumb\"},\"inLanguage\":\"en-US\",\"potentialAction\":[{\"@type\":\"ReadAction\",\"target\":[\"https:\/\/www.ntf.uni-lj.si\/ssntf\/kdosmo\/senat\/\"]}]},{\"@type\":\"BreadcrumbList\",\"@id\":\"https:\/\/www.ntf.uni-lj.si\/ssntf\/kdosmo\/senat\/#breadcrumb\",\"itemListElement\":[{\"@type\":\"ListItem\",\"position\":1,\"name\":\"Domov\",\"item\":\"https:\/\/www.ntf.uni-lj.si\/ssntf\/\"},{\"@type\":\"ListItem\",\"position\":2,\"name\":\"Kdo smo \\u0160S NTF\",\"item\":\"https:\/\/www.ntf.uni-lj.si\/ssntf\/kdosmo\/\"},{\"@type\":\"ListItem\",\"position\":3,\"name\":\"Senat\"}]}]}<\/script>\n<!-- \/ Yoast SEO plugin. -->","yoast_head_json":{"robots":{"index":"index","follow":"follow","max-snippet":"max-snippet:-1","max-image-preview":"max-image-preview:large","max-video-preview":"max-video-preview:-1"},"canonical":"https:\/\/www.ntf.uni-lj.si\/ssntf\/kdosmo\/senat\/","og_locale":"en_US","og_type":"article","og_title":"Senat - \u0160SNTF","og_description":"Lea Lon\u010dar Eva Pusovnik Teja Medve\u0161\u010dek Tina Bajec \u017diva Jan\u010dar Bauman Senat je najvi\u0161ji strokovni organ univerze. Za \u010dlane senata (senatorji) so lahko izvoljeni u\u010ditelji \u010dlanic, ki so zaposleni na univerzi s polnim delovnim \u010dasom, in \u0161tudentje. Predseduje mu dekan, v njem pa sodelujejo, ali so \u010dlani, \u0161e vsi prodekani, predstojniki oddelkov in predstavniki drugih ... Read more","og_url":"https:\/\/www.ntf.uni-lj.si\/ssntf\/kdosmo\/senat\/","og_site_name":"\u0160SNTF","article_modified_time":"2024-12-18T09:20:37+00:00","twitter_misc":{"Est. reading time":"1 minute"},"schema":{"@context":"https:\/\/schema.org","@graph":[{"@type":"WebSite","@id":"https:\/\/www.ntf.uni-lj.si\/ssntf\/#website","url":"https:\/\/www.ntf.uni-lj.si\/ssntf\/","name":"\u0160SNTF","description":"\u0160tudentski svet NTF","potentialAction":[{"@type":"SearchAction","target":{"@type":"EntryPoint","urlTemplate":"https:\/\/www.ntf.uni-lj.si\/ssntf\/?s={search_term_string}"},"query-input":"required name=search_term_string"}],"inLanguage":"en-US"},{"@type":"WebPage","@id":"https:\/\/www.ntf.uni-lj.si\/ssntf\/kdosmo\/senat\/#webpage","url":"https:\/\/www.ntf.uni-lj.si\/ssntf\/kdosmo\/senat\/","name":"Senat - \u0160SNTF","isPartOf":{"@id":"https:\/\/www.ntf.uni-lj.si\/ssntf\/#website"},"datePublished":"2020-01-17T19:32:32+00:00","dateModified":"2024-12-18T09:20:37+00:00","breadcrumb":{"@id":"https:\/\/www.ntf.uni-lj.si\/ssntf\/kdosmo\/senat\/#breadcrumb"},"inLanguage":"en-US","potentialAction":[{"@type":"ReadAction","target":["https:\/\/www.ntf.uni-lj.si\/ssntf\/kdosmo\/senat\/"]}]},{"@type":"BreadcrumbList","@id":"https:\/\/www.ntf.uni-lj.si\/ssntf\/kdosmo\/senat\/#breadcrumb","itemListElement":[{"@type":"ListItem","position":1,"name":"Domov","item":"https:\/\/www.ntf.uni-lj.si\/ssntf\/"},{"@type":"ListItem","position":2,"name":"Kdo smo \u0160S NTF","item":"https:\/\/www.ntf.uni-lj.si\/ssntf\/kdosmo\/"},{"@type":"ListItem","position":3,"name":"Senat"}]}]}},"_links":{"self":[{"href":"https:\/\/www.ntf.uni-lj.si\/ssntf\/wp-json\/wp\/v2\/pages\/494"}],"collection":[{"href":"https:\/\/www.ntf.uni-lj.si\/ssntf\/wp-json\/wp\/v2\/pages"}],"about":[{"href":"https:\/\/www.ntf.uni-lj.si\/ssntf\/wp-json\/wp\/v2\/types\/page"}],"author":[{"embeddable":true,"href":"https:\/\/www.ntf.uni-lj.si\/ssntf\/wp-json\/wp\/v2\/users\/305"}],"replies":[{"embeddable":true,"href":"https:\/\/www.ntf.uni-lj.si\/ssntf\/wp-json\/wp\/v2\/comments?post=494"}],"version-history":[{"count":10,"href":"https:\/\/www.ntf.uni-lj.si\/ssntf\/wp-json\/wp\/v2\/pages\/494\/revisions"}],"predecessor-version":[{"id":731,"href":"https:\/\/www.ntf.uni-lj.si\/ssntf\/wp-json\/wp\/v2\/pages\/494\/revisions\/731"}],"up":[{"embeddable":true,"href":"https:\/\/www.ntf.uni-lj.si\/ssntf\/wp-json\/wp\/v2\/pages\/79"}],"wp:attachment":[{"href":"https:\/\/www.ntf.uni-lj.si\/ssntf\/wp-json\/wp\/v2\/media?parent=494"}],"curies":[{"name":"wp","href":"https:\/\/api.w.org\/{rel}","templated":true}]}}