{"id":12194,"date":"2019-02-21T10:59:45","date_gmt":"2019-02-21T09:59:45","guid":{"rendered":"http:\/\/www.ntf.uni-lj.si\/toi\/?page_id=12194"},"modified":"2022-01-21T12:34:36","modified_gmt":"2022-01-21T11:34:36","slug":"je-studij-tekstilstva-pravi-zame","status":"publish","type":"page","link":"https:\/\/www.ntf.uni-lj.si\/toi\/o-nas\/je-studij-tekstilstva-pravi-zame\/","title":{"rendered":"Je \u0161tudij tekstilstva pravi zame?"},"content":{"rendered":"<p>Seveda je, \u010de:<\/p>\n<ul>\n<li>te zanimajo tekstilni materiali in njihove lastnosti,<\/li>\n<li>te zanima na\u010drtovanje tekstilij, obla\u010dil, tekstilij za notranjo opremo ter tehni\u010dni tekstil,<\/li>\n<li>te zanima, kako tekstilijam izbolj\u0161ati lastnosti, jih pobarvati ali potiskati,<\/li>\n<li>\u017eeli\u0161 izbolj\u0161ati svet, se nau\u010diti trajnostnega razmi\u0161ljanja in<\/li>\n<li>na\u010drtovati okolju prijazne tekstilne izdelke,<\/li>\n<li>bi rad\/a spoznal\/a kako interdisciplinaren je svet tekstilij,<\/li>\n<li>si \u017eeli\u0161 \u0161tudija v majhnih skupinah in bolj oseben pristop,<\/li>\n<li>bi rad\/a \u017ee kot \u0161tudent vzpostavil\/a stik z bodo\u010dimi delodajalci<\/li>\n<li>v okviru \u0161tudentskih projektov, \u0161tudijske prakse,<\/li>\n<li>bi rad\/a del \u0161tudijskega programa opravil\/a v tujini v okviru<\/li>\n<li>\u0161tudijske izmenjave programa Erasmus+?<\/li>\n<\/ul>\n<p>In ali ve\u0161:<\/p>\n<ul>\n<li>da smo ena redkih ustanov v Evropi, ki v svojih \u0161tudijskih programih celovito obravnava vsa podro\u010dja proizvodnje in uporabe tekstilij in obla\u010dil<\/li>\n<li>da je \u0161tudij interdisciplinaren in povezuje tekstilno in obla\u010dilno tehnologijo z naravoslovjem in tekstilnim oblikovanjem<\/li>\n<li>da \u0161tudenti pridobijo znanje na podro\u010djih tekstilnih surovin, mehanskih in kemijskih tekstilnih tehnologij, nege tekstilij, obla\u010dilne tehnologije, vodenja kakovosti, ekologije, tekstilne tradicije ter \u0161e veliko ve\u010d<\/li>\n<li>da se u\u010ditelji posvetijo \u0161tudentom ter prisluhnemo njihovim \u017eeljam in interesom<\/li>\n<li>da se lahko \u0161tudenti vklju\u010dijo v najsodobnej\u0161e raziskave na podro\u010dju tekstilstva<\/li>\n<li>da imajo \u0161tudenti v okviru programa Erasmus+ mo\u017enost \u0161tudija v tujini<\/li>\n<li>da lahko \u0161tudenti in diplomanti s pridobljenim znanjem aktivno prispevajo k oblikovanju trajnostnega in odgovornega odnosa do narave in \u010dloveka<\/li>\n<li>da spodbujamo ustvarjalnost, sodelovanje ter veselje do te gospodarske panoge.<\/li>\n<\/ul>\n","protected":false},"excerpt":{"rendered":"Seveda je, \u010de: te zanimajo tekstilni materiali in njihove lastnosti, te zanima na\u010drtovanje tekstilij, obla\u010dil, tekstilij za notranjo opremo ter tehni\u010dni tekstil, te zanima, kako tekstilijam izbolj\u0161ati lastnosti, jih pobarvati ali potiskati, \u017eeli\u0161 izbolj\u0161ati svet, se nau\u010diti trajnostnega razmi\u0161ljanja in na\u010drtovati okolju prijazne tekstilne izdelke, bi rad\/a spoznal\/a kako interdisciplinaren je svet tekstilij, si \u017eeli\u0161 &#8230; <a class=\"view-article\" href=\"https:\/\/www.ntf.uni-lj.si\/toi\/o-nas\/je-studij-tekstilstva-pravi-zame\/\">Read more<\/a>","protected":false},"author":51,"featured_media":0,"parent":112,"menu_order":100,"comment_status":"closed","ping_status":"closed","template":"","meta":[],"acf":[],"yoast_head":"<!-- This site is optimized with the Yoast SEO plugin v17.0 - https:\/\/yoast.com\/wordpress\/plugins\/seo\/ -->\n<meta name=\"robots\" content=\"index, follow, max-snippet:-1, max-image-preview:large, max-video-preview:-1\" \/>\n<link rel=\"canonical\" href=\"https:\/\/www.ntf.uni-lj.si\/toi\/o-nas\/je-studij-tekstilstva-pravi-zame\/\" \/>\n<meta property=\"og:locale\" content=\"en_US\" \/>\n<meta property=\"og:type\" content=\"article\" \/>\n<meta property=\"og:title\" content=\"Je \u0161tudij tekstilstva pravi zame? - TOI\" \/>\n<meta property=\"og:description\" content=\"Seveda je, \u010de: te zanimajo tekstilni materiali in njihove lastnosti, te zanima na\u010drtovanje tekstilij, obla\u010dil, tekstilij za notranjo opremo ter tehni\u010dni tekstil, te zanima, kako tekstilijam izbolj\u0161ati lastnosti, jih pobarvati ali potiskati, \u017eeli\u0161 izbolj\u0161ati svet, se nau\u010diti trajnostnega razmi\u0161ljanja in na\u010drtovati okolju prijazne tekstilne izdelke, bi rad\/a spoznal\/a kako interdisciplinaren je svet tekstilij, si \u017eeli\u0161 ... Read more\" \/>\n<meta property=\"og:url\" content=\"https:\/\/www.ntf.uni-lj.si\/toi\/o-nas\/je-studij-tekstilstva-pravi-zame\/\" \/>\n<meta property=\"og:site_name\" content=\"TOI\" \/>\n<meta property=\"article:modified_time\" content=\"2022-01-21T11:34:36+00:00\" \/>\n<meta name=\"twitter:label1\" content=\"Est. reading time\" \/>\n\t<meta name=\"twitter:data1\" content=\"1 minute\" \/>\n<script type=\"application\/ld+json\" class=\"yoast-schema-graph\">{\"@context\":\"https:\/\/schema.org\",\"@graph\":[{\"@type\":\"WebSite\",\"@id\":\"https:\/\/www.ntf.uni-lj.si\/toi\/#website\",\"url\":\"https:\/\/www.ntf.uni-lj.si\/toi\/\",\"name\":\"TOI\",\"description\":\"Katedra za tekstilno in obla\\u010dilno in\\u017eenirstvo\",\"potentialAction\":[{\"@type\":\"SearchAction\",\"target\":{\"@type\":\"EntryPoint\",\"urlTemplate\":\"https:\/\/www.ntf.uni-lj.si\/toi\/?s={search_term_string}\"},\"query-input\":\"required name=search_term_string\"}],\"inLanguage\":\"en-US\"},{\"@type\":\"WebPage\",\"@id\":\"https:\/\/www.ntf.uni-lj.si\/toi\/o-nas\/je-studij-tekstilstva-pravi-zame\/#webpage\",\"url\":\"https:\/\/www.ntf.uni-lj.si\/toi\/o-nas\/je-studij-tekstilstva-pravi-zame\/\",\"name\":\"Je \\u0161tudij tekstilstva pravi zame? - TOI\",\"isPartOf\":{\"@id\":\"https:\/\/www.ntf.uni-lj.si\/toi\/#website\"},\"datePublished\":\"2019-02-21T09:59:45+00:00\",\"dateModified\":\"2022-01-21T11:34:36+00:00\",\"breadcrumb\":{\"@id\":\"https:\/\/www.ntf.uni-lj.si\/toi\/o-nas\/je-studij-tekstilstva-pravi-zame\/#breadcrumb\"},\"inLanguage\":\"en-US\",\"potentialAction\":[{\"@type\":\"ReadAction\",\"target\":[\"https:\/\/www.ntf.uni-lj.si\/toi\/o-nas\/je-studij-tekstilstva-pravi-zame\/\"]}]},{\"@type\":\"BreadcrumbList\",\"@id\":\"https:\/\/www.ntf.uni-lj.si\/toi\/o-nas\/je-studij-tekstilstva-pravi-zame\/#breadcrumb\",\"itemListElement\":[{\"@type\":\"ListItem\",\"position\":1,\"name\":\"Domov\",\"item\":\"https:\/\/www.ntf.uni-lj.si\/toi\/\"},{\"@type\":\"ListItem\",\"position\":2,\"name\":\"O nas\",\"item\":\"https:\/\/www.ntf.uni-lj.si\/toi\/o-nas\/\"},{\"@type\":\"ListItem\",\"position\":3,\"name\":\"Je \\u0161tudij tekstilstva pravi zame?\"}]}]}<\/script>\n<!-- \/ Yoast SEO plugin. -->","yoast_head_json":{"robots":{"index":"index","follow":"follow","max-snippet":"max-snippet:-1","max-image-preview":"max-image-preview:large","max-video-preview":"max-video-preview:-1"},"canonical":"https:\/\/www.ntf.uni-lj.si\/toi\/o-nas\/je-studij-tekstilstva-pravi-zame\/","og_locale":"en_US","og_type":"article","og_title":"Je \u0161tudij tekstilstva pravi zame? - TOI","og_description":"Seveda je, \u010de: te zanimajo tekstilni materiali in njihove lastnosti, te zanima na\u010drtovanje tekstilij, obla\u010dil, tekstilij za notranjo opremo ter tehni\u010dni tekstil, te zanima, kako tekstilijam izbolj\u0161ati lastnosti, jih pobarvati ali potiskati, \u017eeli\u0161 izbolj\u0161ati svet, se nau\u010diti trajnostnega razmi\u0161ljanja in na\u010drtovati okolju prijazne tekstilne izdelke, bi rad\/a spoznal\/a kako interdisciplinaren je svet tekstilij, si \u017eeli\u0161 ... Read more","og_url":"https:\/\/www.ntf.uni-lj.si\/toi\/o-nas\/je-studij-tekstilstva-pravi-zame\/","og_site_name":"TOI","article_modified_time":"2022-01-21T11:34:36+00:00","twitter_misc":{"Est. reading time":"1 minute"},"schema":{"@context":"https:\/\/schema.org","@graph":[{"@type":"WebSite","@id":"https:\/\/www.ntf.uni-lj.si\/toi\/#website","url":"https:\/\/www.ntf.uni-lj.si\/toi\/","name":"TOI","description":"Katedra za tekstilno in obla\u010dilno in\u017eenirstvo","potentialAction":[{"@type":"SearchAction","target":{"@type":"EntryPoint","urlTemplate":"https:\/\/www.ntf.uni-lj.si\/toi\/?s={search_term_string}"},"query-input":"required name=search_term_string"}],"inLanguage":"en-US"},{"@type":"WebPage","@id":"https:\/\/www.ntf.uni-lj.si\/toi\/o-nas\/je-studij-tekstilstva-pravi-zame\/#webpage","url":"https:\/\/www.ntf.uni-lj.si\/toi\/o-nas\/je-studij-tekstilstva-pravi-zame\/","name":"Je \u0161tudij tekstilstva pravi zame? - TOI","isPartOf":{"@id":"https:\/\/www.ntf.uni-lj.si\/toi\/#website"},"datePublished":"2019-02-21T09:59:45+00:00","dateModified":"2022-01-21T11:34:36+00:00","breadcrumb":{"@id":"https:\/\/www.ntf.uni-lj.si\/toi\/o-nas\/je-studij-tekstilstva-pravi-zame\/#breadcrumb"},"inLanguage":"en-US","potentialAction":[{"@type":"ReadAction","target":["https:\/\/www.ntf.uni-lj.si\/toi\/o-nas\/je-studij-tekstilstva-pravi-zame\/"]}]},{"@type":"BreadcrumbList","@id":"https:\/\/www.ntf.uni-lj.si\/toi\/o-nas\/je-studij-tekstilstva-pravi-zame\/#breadcrumb","itemListElement":[{"@type":"ListItem","position":1,"name":"Domov","item":"https:\/\/www.ntf.uni-lj.si\/toi\/"},{"@type":"ListItem","position":2,"name":"O nas","item":"https:\/\/www.ntf.uni-lj.si\/toi\/o-nas\/"},{"@type":"ListItem","position":3,"name":"Je \u0161tudij tekstilstva pravi zame?"}]}]}},"_links":{"self":[{"href":"https:\/\/www.ntf.uni-lj.si\/toi\/wp-json\/wp\/v2\/pages\/12194"}],"collection":[{"href":"https:\/\/www.ntf.uni-lj.si\/toi\/wp-json\/wp\/v2\/pages"}],"about":[{"href":"https:\/\/www.ntf.uni-lj.si\/toi\/wp-json\/wp\/v2\/types\/page"}],"author":[{"embeddable":true,"href":"https:\/\/www.ntf.uni-lj.si\/toi\/wp-json\/wp\/v2\/users\/51"}],"replies":[{"embeddable":true,"href":"https:\/\/www.ntf.uni-lj.si\/toi\/wp-json\/wp\/v2\/comments?post=12194"}],"version-history":[{"count":18,"href":"https:\/\/www.ntf.uni-lj.si\/toi\/wp-json\/wp\/v2\/pages\/12194\/revisions"}],"predecessor-version":[{"id":17266,"href":"https:\/\/www.ntf.uni-lj.si\/toi\/wp-json\/wp\/v2\/pages\/12194\/revisions\/17266"}],"up":[{"embeddable":true,"href":"https:\/\/www.ntf.uni-lj.si\/toi\/wp-json\/wp\/v2\/pages\/112"}],"wp:attachment":[{"href":"https:\/\/www.ntf.uni-lj.si\/toi\/wp-json\/wp\/v2\/media?parent=12194"}],"curies":[{"name":"wp","href":"https:\/\/api.w.org\/{rel}","templated":true}]}}