{"id":15064,"date":"2021-01-19T08:08:56","date_gmt":"2021-01-19T07:08:56","guid":{"rendered":"http:\/\/www.ntf.uni-lj.si\/toi\/?page_id=15064"},"modified":"2021-02-11T11:47:35","modified_gmt":"2021-02-11T10:47:35","slug":"l-401","status":"publish","type":"page","link":"https:\/\/www.ntf.uni-lj.si\/toi\/o-nas\/prostori\/l-401\/","title":{"rendered":"Tehnolo\u0161ki laboratorij (L-401)"},"content":{"rendered":"<div class='my-vrview' id='vrview1'><\/div>\n<p><script type='text\/javascript'>\twindow.addEventListener('load', onVrViewLoad1);function onVrViewLoad1() {var vrView = new VRView.Player('#vrview1', {image: 'https:\/\/www.ntf.uni-lj.si\/toi\/wp-content\/uploads\/sites\/7\/2021\/01\/2020_360prostori_toi_L401.jpg',is_stereo: false,width: '100%',height: '400' });}\n\t\t<\/script><\/p>\n<p>V tehnolo\u0161kem laboratoriju izvajamo razli\u010dne procese kot so barvanje, tiskanje in apretiranje tekstilij ter analiziramo obstojnosti tak\u0161nih nanosov in lastnosti obdelanega materiala.<\/p>\n<p>Oprema:<\/p>\n<ul>\n<li>barvalniki<\/li>\n<li>tiskarski stroj<\/li>\n<li>oprema za sitotisk<\/li>\n<li>tiskarska pre\u0161a<\/li>\n<li>impregnirno-o\u017eemalni aparat<\/li>\n<li>laboratorijski su\u0161ilnik<\/li>\n<li>naprava za izvajanje barvnih obstojnosti na pranje<\/li>\n<li>naprava za izvajanje obstojnosti na svetlobo (Xenotest)<\/li>\n<li>likalna deska<\/li>\n<\/ul>\n","protected":false},"excerpt":{"rendered":"V tehnolo\u0161kem laboratoriju izvajamo razli\u010dne procese kot so barvanje, tiskanje in apretiranje tekstilij ter analiziramo obstojnosti tak\u0161nih nanosov in lastnosti obdelanega materiala. Oprema: barvalniki tiskarski stroj oprema za sitotisk tiskarska pre\u0161a impregnirno-o\u017eemalni aparat laboratorijski su\u0161ilnik naprava za izvajanje barvnih obstojnosti na pranje naprava za izvajanje obstojnosti na svetlobo (Xenotest) likalna deska","protected":false},"author":221,"featured_media":0,"parent":6589,"menu_order":401,"comment_status":"closed","ping_status":"closed","template":"","meta":[],"acf":[],"yoast_head":"<!-- This site is optimized with the Yoast SEO plugin v17.0 - https:\/\/yoast.com\/wordpress\/plugins\/seo\/ -->\n<meta name=\"robots\" content=\"index, follow, max-snippet:-1, max-image-preview:large, max-video-preview:-1\" \/>\n<link rel=\"canonical\" href=\"https:\/\/www.ntf.uni-lj.si\/toi\/o-nas\/prostori\/l-401\/\" \/>\n<meta property=\"og:locale\" content=\"en_US\" \/>\n<meta property=\"og:type\" content=\"article\" \/>\n<meta property=\"og:title\" content=\"Tehnolo\u0161ki laboratorij (L-401) - TOI\" \/>\n<meta property=\"og:description\" content=\"V tehnolo\u0161kem laboratoriju izvajamo razli\u010dne procese kot so barvanje, tiskanje in apretiranje tekstilij ter analiziramo obstojnosti tak\u0161nih nanosov in lastnosti obdelanega materiala. Oprema: barvalniki tiskarski stroj oprema za sitotisk tiskarska pre\u0161a impregnirno-o\u017eemalni aparat laboratorijski su\u0161ilnik naprava za izvajanje barvnih obstojnosti na pranje naprava za izvajanje obstojnosti na svetlobo (Xenotest) likalna deska\" \/>\n<meta property=\"og:url\" content=\"https:\/\/www.ntf.uni-lj.si\/toi\/o-nas\/prostori\/l-401\/\" \/>\n<meta property=\"og:site_name\" content=\"TOI\" \/>\n<meta property=\"article:modified_time\" content=\"2021-02-11T10:47:35+00:00\" \/>\n<script type=\"application\/ld+json\" class=\"yoast-schema-graph\">{\"@context\":\"https:\/\/schema.org\",\"@graph\":[{\"@type\":\"WebSite\",\"@id\":\"https:\/\/www.ntf.uni-lj.si\/toi\/#website\",\"url\":\"https:\/\/www.ntf.uni-lj.si\/toi\/\",\"name\":\"TOI\",\"description\":\"Katedra za tekstilno in obla\\u010dilno in\\u017eenirstvo\",\"potentialAction\":[{\"@type\":\"SearchAction\",\"target\":{\"@type\":\"EntryPoint\",\"urlTemplate\":\"https:\/\/www.ntf.uni-lj.si\/toi\/?s={search_term_string}\"},\"query-input\":\"required name=search_term_string\"}],\"inLanguage\":\"en-US\"},{\"@type\":\"WebPage\",\"@id\":\"https:\/\/www.ntf.uni-lj.si\/toi\/o-nas\/prostori\/l-401\/#webpage\",\"url\":\"https:\/\/www.ntf.uni-lj.si\/toi\/o-nas\/prostori\/l-401\/\",\"name\":\"Tehnolo\\u0161ki laboratorij (L-401) - TOI\",\"isPartOf\":{\"@id\":\"https:\/\/www.ntf.uni-lj.si\/toi\/#website\"},\"datePublished\":\"2021-01-19T07:08:56+00:00\",\"dateModified\":\"2021-02-11T10:47:35+00:00\",\"breadcrumb\":{\"@id\":\"https:\/\/www.ntf.uni-lj.si\/toi\/o-nas\/prostori\/l-401\/#breadcrumb\"},\"inLanguage\":\"en-US\",\"potentialAction\":[{\"@type\":\"ReadAction\",\"target\":[\"https:\/\/www.ntf.uni-lj.si\/toi\/o-nas\/prostori\/l-401\/\"]}]},{\"@type\":\"BreadcrumbList\",\"@id\":\"https:\/\/www.ntf.uni-lj.si\/toi\/o-nas\/prostori\/l-401\/#breadcrumb\",\"itemListElement\":[{\"@type\":\"ListItem\",\"position\":1,\"name\":\"Domov\",\"item\":\"https:\/\/www.ntf.uni-lj.si\/toi\/\"},{\"@type\":\"ListItem\",\"position\":2,\"name\":\"O nas\",\"item\":\"https:\/\/www.ntf.uni-lj.si\/toi\/o-nas\/\"},{\"@type\":\"ListItem\",\"position\":3,\"name\":\"Prostori\",\"item\":\"https:\/\/www.ntf.uni-lj.si\/toi\/o-nas\/prostori\/\"},{\"@type\":\"ListItem\",\"position\":4,\"name\":\"Tehnolo\\u0161ki laboratorij (L-401)\"}]}]}<\/script>\n<!-- \/ Yoast SEO plugin. -->","yoast_head_json":{"robots":{"index":"index","follow":"follow","max-snippet":"max-snippet:-1","max-image-preview":"max-image-preview:large","max-video-preview":"max-video-preview:-1"},"canonical":"https:\/\/www.ntf.uni-lj.si\/toi\/o-nas\/prostori\/l-401\/","og_locale":"en_US","og_type":"article","og_title":"Tehnolo\u0161ki laboratorij (L-401) - TOI","og_description":"V tehnolo\u0161kem laboratoriju izvajamo razli\u010dne procese kot so barvanje, tiskanje in apretiranje tekstilij ter analiziramo obstojnosti tak\u0161nih nanosov in lastnosti obdelanega materiala. Oprema: barvalniki tiskarski stroj oprema za sitotisk tiskarska pre\u0161a impregnirno-o\u017eemalni aparat laboratorijski su\u0161ilnik naprava za izvajanje barvnih obstojnosti na pranje naprava za izvajanje obstojnosti na svetlobo (Xenotest) likalna deska","og_url":"https:\/\/www.ntf.uni-lj.si\/toi\/o-nas\/prostori\/l-401\/","og_site_name":"TOI","article_modified_time":"2021-02-11T10:47:35+00:00","schema":{"@context":"https:\/\/schema.org","@graph":[{"@type":"WebSite","@id":"https:\/\/www.ntf.uni-lj.si\/toi\/#website","url":"https:\/\/www.ntf.uni-lj.si\/toi\/","name":"TOI","description":"Katedra za tekstilno in obla\u010dilno in\u017eenirstvo","potentialAction":[{"@type":"SearchAction","target":{"@type":"EntryPoint","urlTemplate":"https:\/\/www.ntf.uni-lj.si\/toi\/?s={search_term_string}"},"query-input":"required name=search_term_string"}],"inLanguage":"en-US"},{"@type":"WebPage","@id":"https:\/\/www.ntf.uni-lj.si\/toi\/o-nas\/prostori\/l-401\/#webpage","url":"https:\/\/www.ntf.uni-lj.si\/toi\/o-nas\/prostori\/l-401\/","name":"Tehnolo\u0161ki laboratorij (L-401) - TOI","isPartOf":{"@id":"https:\/\/www.ntf.uni-lj.si\/toi\/#website"},"datePublished":"2021-01-19T07:08:56+00:00","dateModified":"2021-02-11T10:47:35+00:00","breadcrumb":{"@id":"https:\/\/www.ntf.uni-lj.si\/toi\/o-nas\/prostori\/l-401\/#breadcrumb"},"inLanguage":"en-US","potentialAction":[{"@type":"ReadAction","target":["https:\/\/www.ntf.uni-lj.si\/toi\/o-nas\/prostori\/l-401\/"]}]},{"@type":"BreadcrumbList","@id":"https:\/\/www.ntf.uni-lj.si\/toi\/o-nas\/prostori\/l-401\/#breadcrumb","itemListElement":[{"@type":"ListItem","position":1,"name":"Domov","item":"https:\/\/www.ntf.uni-lj.si\/toi\/"},{"@type":"ListItem","position":2,"name":"O nas","item":"https:\/\/www.ntf.uni-lj.si\/toi\/o-nas\/"},{"@type":"ListItem","position":3,"name":"Prostori","item":"https:\/\/www.ntf.uni-lj.si\/toi\/o-nas\/prostori\/"},{"@type":"ListItem","position":4,"name":"Tehnolo\u0161ki laboratorij (L-401)"}]}]}},"_links":{"self":[{"href":"https:\/\/www.ntf.uni-lj.si\/toi\/wp-json\/wp\/v2\/pages\/15064"}],"collection":[{"href":"https:\/\/www.ntf.uni-lj.si\/toi\/wp-json\/wp\/v2\/pages"}],"about":[{"href":"https:\/\/www.ntf.uni-lj.si\/toi\/wp-json\/wp\/v2\/types\/page"}],"author":[{"embeddable":true,"href":"https:\/\/www.ntf.uni-lj.si\/toi\/wp-json\/wp\/v2\/users\/221"}],"replies":[{"embeddable":true,"href":"https:\/\/www.ntf.uni-lj.si\/toi\/wp-json\/wp\/v2\/comments?post=15064"}],"version-history":[{"count":5,"href":"https:\/\/www.ntf.uni-lj.si\/toi\/wp-json\/wp\/v2\/pages\/15064\/revisions"}],"predecessor-version":[{"id":15492,"href":"https:\/\/www.ntf.uni-lj.si\/toi\/wp-json\/wp\/v2\/pages\/15064\/revisions\/15492"}],"up":[{"embeddable":true,"href":"https:\/\/www.ntf.uni-lj.si\/toi\/wp-json\/wp\/v2\/pages\/6589"}],"wp:attachment":[{"href":"https:\/\/www.ntf.uni-lj.si\/toi\/wp-json\/wp\/v2\/media?parent=15064"}],"curies":[{"name":"wp","href":"https:\/\/api.w.org\/{rel}","templated":true}]}}