{"id":15083,"date":"2021-01-21T12:48:12","date_gmt":"2021-01-21T11:48:12","guid":{"rendered":"http:\/\/www.ntf.uni-lj.si\/toi\/?page_id=15083"},"modified":"2021-02-12T18:06:14","modified_gmt":"2021-02-12T17:06:14","slug":"tkalnica","status":"publish","type":"page","link":"https:\/\/www.ntf.uni-lj.si\/toi\/o-nas\/prostori\/tkalnica\/","title":{"rendered":"Pletilnica (L-018)"},"content":{"rendered":"<div class='my-vrview' id='vrview1'><\/div>\n<p><script type='text\/javascript'>\twindow.addEventListener('load', onVrViewLoad1);function onVrViewLoad1() {var vrView = new VRView.Player('#vrview1', {image: 'https:\/\/www.ntf.uni-lj.si\/toi\/wp-content\/uploads\/sites\/7\/2021\/01\/360_tkalnica-1.jpg',is_stereo: false,width: '100%',height: '400' });}\n\t\t<\/script><\/p>\n<p>V pletilnici na\u010drtujemo in izdelujemo pletiva in pletenine za raziskovalne in \u0161tudijske projekte.<\/p>\n<p>Oprema:<\/p>\n<ul>\n<li>Ploski pletilnik Shima Seiki SES 122 RT z vzor\u010dno postajo SDS. Ve\u010d o pletilniku si lahko preberete <a href=\"https:\/\/www.ntf.uni-lj.si\/toi\/o-nas\/institut-itgto\/aparature\/\">tukaj<\/a>.<\/li>\n<li>Programska oprema Yxendis \u2013 ra\u010dunalni\u0161ko 3D oblikovanje prej in pletiv<\/li>\n<\/ul>\n","protected":false},"excerpt":{"rendered":"V pletilnici na\u010drtujemo in izdelujemo pletiva in pletenine za raziskovalne in \u0161tudijske projekte. Oprema: Ploski pletilnik Shima Seiki SES 122 RT z vzor\u010dno postajo SDS. Ve\u010d o pletilniku si lahko preberete tukaj. Programska oprema Yxendis \u2013 ra\u010dunalni\u0161ko 3D oblikovanje prej in pletiv","protected":false},"author":221,"featured_media":0,"parent":6589,"menu_order":10,"comment_status":"closed","ping_status":"closed","template":"","meta":[],"acf":[],"yoast_head":"<!-- This site is optimized with the Yoast SEO plugin v17.0 - https:\/\/yoast.com\/wordpress\/plugins\/seo\/ -->\n<meta name=\"robots\" content=\"index, follow, max-snippet:-1, max-image-preview:large, max-video-preview:-1\" \/>\n<link rel=\"canonical\" href=\"https:\/\/www.ntf.uni-lj.si\/toi\/o-nas\/prostori\/tkalnica\/\" \/>\n<meta property=\"og:locale\" content=\"en_US\" \/>\n<meta property=\"og:type\" content=\"article\" \/>\n<meta property=\"og:title\" content=\"Pletilnica (L-018) - TOI\" \/>\n<meta property=\"og:description\" content=\"V pletilnici na\u010drtujemo in izdelujemo pletiva in pletenine za raziskovalne in \u0161tudijske projekte. Oprema: Ploski pletilnik Shima Seiki SES 122 RT z vzor\u010dno postajo SDS. Ve\u010d o pletilniku si lahko preberete tukaj. Programska oprema Yxendis \u2013 ra\u010dunalni\u0161ko 3D oblikovanje prej in pletiv\" \/>\n<meta property=\"og:url\" content=\"https:\/\/www.ntf.uni-lj.si\/toi\/o-nas\/prostori\/tkalnica\/\" \/>\n<meta property=\"og:site_name\" content=\"TOI\" \/>\n<meta property=\"article:modified_time\" content=\"2021-02-12T17:06:14+00:00\" \/>\n<script type=\"application\/ld+json\" class=\"yoast-schema-graph\">{\"@context\":\"https:\/\/schema.org\",\"@graph\":[{\"@type\":\"WebSite\",\"@id\":\"https:\/\/www.ntf.uni-lj.si\/toi\/#website\",\"url\":\"https:\/\/www.ntf.uni-lj.si\/toi\/\",\"name\":\"TOI\",\"description\":\"Katedra za tekstilno in obla\\u010dilno in\\u017eenirstvo\",\"potentialAction\":[{\"@type\":\"SearchAction\",\"target\":{\"@type\":\"EntryPoint\",\"urlTemplate\":\"https:\/\/www.ntf.uni-lj.si\/toi\/?s={search_term_string}\"},\"query-input\":\"required name=search_term_string\"}],\"inLanguage\":\"en-US\"},{\"@type\":\"WebPage\",\"@id\":\"https:\/\/www.ntf.uni-lj.si\/toi\/o-nas\/prostori\/tkalnica\/#webpage\",\"url\":\"https:\/\/www.ntf.uni-lj.si\/toi\/o-nas\/prostori\/tkalnica\/\",\"name\":\"Pletilnica (L-018) - TOI\",\"isPartOf\":{\"@id\":\"https:\/\/www.ntf.uni-lj.si\/toi\/#website\"},\"datePublished\":\"2021-01-21T11:48:12+00:00\",\"dateModified\":\"2021-02-12T17:06:14+00:00\",\"breadcrumb\":{\"@id\":\"https:\/\/www.ntf.uni-lj.si\/toi\/o-nas\/prostori\/tkalnica\/#breadcrumb\"},\"inLanguage\":\"en-US\",\"potentialAction\":[{\"@type\":\"ReadAction\",\"target\":[\"https:\/\/www.ntf.uni-lj.si\/toi\/o-nas\/prostori\/tkalnica\/\"]}]},{\"@type\":\"BreadcrumbList\",\"@id\":\"https:\/\/www.ntf.uni-lj.si\/toi\/o-nas\/prostori\/tkalnica\/#breadcrumb\",\"itemListElement\":[{\"@type\":\"ListItem\",\"position\":1,\"name\":\"Domov\",\"item\":\"https:\/\/www.ntf.uni-lj.si\/toi\/\"},{\"@type\":\"ListItem\",\"position\":2,\"name\":\"O nas\",\"item\":\"https:\/\/www.ntf.uni-lj.si\/toi\/o-nas\/\"},{\"@type\":\"ListItem\",\"position\":3,\"name\":\"Prostori\",\"item\":\"https:\/\/www.ntf.uni-lj.si\/toi\/o-nas\/prostori\/\"},{\"@type\":\"ListItem\",\"position\":4,\"name\":\"Pletilnica (L-018)\"}]}]}<\/script>\n<!-- \/ Yoast SEO plugin. -->","yoast_head_json":{"robots":{"index":"index","follow":"follow","max-snippet":"max-snippet:-1","max-image-preview":"max-image-preview:large","max-video-preview":"max-video-preview:-1"},"canonical":"https:\/\/www.ntf.uni-lj.si\/toi\/o-nas\/prostori\/tkalnica\/","og_locale":"en_US","og_type":"article","og_title":"Pletilnica (L-018) - TOI","og_description":"V pletilnici na\u010drtujemo in izdelujemo pletiva in pletenine za raziskovalne in \u0161tudijske projekte. Oprema: Ploski pletilnik Shima Seiki SES 122 RT z vzor\u010dno postajo SDS. Ve\u010d o pletilniku si lahko preberete tukaj. Programska oprema Yxendis \u2013 ra\u010dunalni\u0161ko 3D oblikovanje prej in pletiv","og_url":"https:\/\/www.ntf.uni-lj.si\/toi\/o-nas\/prostori\/tkalnica\/","og_site_name":"TOI","article_modified_time":"2021-02-12T17:06:14+00:00","schema":{"@context":"https:\/\/schema.org","@graph":[{"@type":"WebSite","@id":"https:\/\/www.ntf.uni-lj.si\/toi\/#website","url":"https:\/\/www.ntf.uni-lj.si\/toi\/","name":"TOI","description":"Katedra za tekstilno in obla\u010dilno in\u017eenirstvo","potentialAction":[{"@type":"SearchAction","target":{"@type":"EntryPoint","urlTemplate":"https:\/\/www.ntf.uni-lj.si\/toi\/?s={search_term_string}"},"query-input":"required name=search_term_string"}],"inLanguage":"en-US"},{"@type":"WebPage","@id":"https:\/\/www.ntf.uni-lj.si\/toi\/o-nas\/prostori\/tkalnica\/#webpage","url":"https:\/\/www.ntf.uni-lj.si\/toi\/o-nas\/prostori\/tkalnica\/","name":"Pletilnica (L-018) - TOI","isPartOf":{"@id":"https:\/\/www.ntf.uni-lj.si\/toi\/#website"},"datePublished":"2021-01-21T11:48:12+00:00","dateModified":"2021-02-12T17:06:14+00:00","breadcrumb":{"@id":"https:\/\/www.ntf.uni-lj.si\/toi\/o-nas\/prostori\/tkalnica\/#breadcrumb"},"inLanguage":"en-US","potentialAction":[{"@type":"ReadAction","target":["https:\/\/www.ntf.uni-lj.si\/toi\/o-nas\/prostori\/tkalnica\/"]}]},{"@type":"BreadcrumbList","@id":"https:\/\/www.ntf.uni-lj.si\/toi\/o-nas\/prostori\/tkalnica\/#breadcrumb","itemListElement":[{"@type":"ListItem","position":1,"name":"Domov","item":"https:\/\/www.ntf.uni-lj.si\/toi\/"},{"@type":"ListItem","position":2,"name":"O nas","item":"https:\/\/www.ntf.uni-lj.si\/toi\/o-nas\/"},{"@type":"ListItem","position":3,"name":"Prostori","item":"https:\/\/www.ntf.uni-lj.si\/toi\/o-nas\/prostori\/"},{"@type":"ListItem","position":4,"name":"Pletilnica (L-018)"}]}]}},"_links":{"self":[{"href":"https:\/\/www.ntf.uni-lj.si\/toi\/wp-json\/wp\/v2\/pages\/15083"}],"collection":[{"href":"https:\/\/www.ntf.uni-lj.si\/toi\/wp-json\/wp\/v2\/pages"}],"about":[{"href":"https:\/\/www.ntf.uni-lj.si\/toi\/wp-json\/wp\/v2\/types\/page"}],"author":[{"embeddable":true,"href":"https:\/\/www.ntf.uni-lj.si\/toi\/wp-json\/wp\/v2\/users\/221"}],"replies":[{"embeddable":true,"href":"https:\/\/www.ntf.uni-lj.si\/toi\/wp-json\/wp\/v2\/comments?post=15083"}],"version-history":[{"count":7,"href":"https:\/\/www.ntf.uni-lj.si\/toi\/wp-json\/wp\/v2\/pages\/15083\/revisions"}],"predecessor-version":[{"id":15520,"href":"https:\/\/www.ntf.uni-lj.si\/toi\/wp-json\/wp\/v2\/pages\/15083\/revisions\/15520"}],"up":[{"embeddable":true,"href":"https:\/\/www.ntf.uni-lj.si\/toi\/wp-json\/wp\/v2\/pages\/6589"}],"wp:attachment":[{"href":"https:\/\/www.ntf.uni-lj.si\/toi\/wp-json\/wp\/v2\/media?parent=15083"}],"curies":[{"name":"wp","href":"https:\/\/api.w.org\/{rel}","templated":true}]}}