{"id":15449,"date":"2021-02-10T08:06:33","date_gmt":"2021-02-10T07:06:33","guid":{"rendered":"http:\/\/www.ntf.uni-lj.si\/toi\/?page_id=15449"},"modified":"2021-03-23T11:12:28","modified_gmt":"2021-03-23T10:12:28","slug":"kaj-pravijo-o-studiju-studenti","status":"publish","type":"page","link":"https:\/\/www.ntf.uni-lj.si\/toi\/kaj-pravijo-o-studiju-studenti\/","title":{"rendered":"\u0160tudenti o \u0161tudiju"},"content":{"rendered":"<h4>\u0160tudenti o \u0161tudiju &#8211; Marika:<\/h4>\n<p>&#8220;\u017delja po raziskovanju in razvijanju novih izdelkov&#8221;<\/p>\n","protected":false},"excerpt":{"rendered":"\u0160tudenti o \u0161tudiju &#8211; Marika: &#8220;\u017delja po raziskovanju in razvijanju novih izdelkov&#8221;","protected":false},"author":51,"featured_media":0,"parent":0,"menu_order":0,"comment_status":"closed","ping_status":"closed","template":"","meta":[],"acf":[],"yoast_head":"<!-- This site is optimized with the Yoast SEO plugin v17.0 - https:\/\/yoast.com\/wordpress\/plugins\/seo\/ -->\n<meta name=\"robots\" content=\"index, follow, max-snippet:-1, max-image-preview:large, max-video-preview:-1\" \/>\n<link rel=\"canonical\" href=\"https:\/\/www.ntf.uni-lj.si\/toi\/kaj-pravijo-o-studiju-studenti\/\" \/>\n<meta property=\"og:locale\" content=\"en_US\" \/>\n<meta property=\"og:type\" content=\"article\" \/>\n<meta property=\"og:title\" content=\"\u0160tudenti o \u0161tudiju - TOI\" \/>\n<meta property=\"og:description\" content=\"\u0160tudenti o \u0161tudiju &#8211; Marika: &#8220;\u017delja po raziskovanju in razvijanju novih izdelkov&#8221;\" \/>\n<meta property=\"og:url\" content=\"https:\/\/www.ntf.uni-lj.si\/toi\/kaj-pravijo-o-studiju-studenti\/\" \/>\n<meta property=\"og:site_name\" content=\"TOI\" \/>\n<meta property=\"article:modified_time\" content=\"2021-03-23T10:12:28+00:00\" \/>\n<script type=\"application\/ld+json\" class=\"yoast-schema-graph\">{\"@context\":\"https:\/\/schema.org\",\"@graph\":[{\"@type\":\"WebSite\",\"@id\":\"https:\/\/www.ntf.uni-lj.si\/toi\/#website\",\"url\":\"https:\/\/www.ntf.uni-lj.si\/toi\/\",\"name\":\"TOI\",\"description\":\"Katedra za tekstilno in obla\\u010dilno in\\u017eenirstvo\",\"potentialAction\":[{\"@type\":\"SearchAction\",\"target\":{\"@type\":\"EntryPoint\",\"urlTemplate\":\"https:\/\/www.ntf.uni-lj.si\/toi\/?s={search_term_string}\"},\"query-input\":\"required name=search_term_string\"}],\"inLanguage\":\"en-US\"},{\"@type\":\"WebPage\",\"@id\":\"https:\/\/www.ntf.uni-lj.si\/toi\/kaj-pravijo-o-studiju-studenti\/#webpage\",\"url\":\"https:\/\/www.ntf.uni-lj.si\/toi\/kaj-pravijo-o-studiju-studenti\/\",\"name\":\"\\u0160tudenti o \\u0161tudiju - TOI\",\"isPartOf\":{\"@id\":\"https:\/\/www.ntf.uni-lj.si\/toi\/#website\"},\"datePublished\":\"2021-02-10T07:06:33+00:00\",\"dateModified\":\"2021-03-23T10:12:28+00:00\",\"breadcrumb\":{\"@id\":\"https:\/\/www.ntf.uni-lj.si\/toi\/kaj-pravijo-o-studiju-studenti\/#breadcrumb\"},\"inLanguage\":\"en-US\",\"potentialAction\":[{\"@type\":\"ReadAction\",\"target\":[\"https:\/\/www.ntf.uni-lj.si\/toi\/kaj-pravijo-o-studiju-studenti\/\"]}]},{\"@type\":\"BreadcrumbList\",\"@id\":\"https:\/\/www.ntf.uni-lj.si\/toi\/kaj-pravijo-o-studiju-studenti\/#breadcrumb\",\"itemListElement\":[{\"@type\":\"ListItem\",\"position\":1,\"name\":\"Domov\",\"item\":\"https:\/\/www.ntf.uni-lj.si\/toi\/\"},{\"@type\":\"ListItem\",\"position\":2,\"name\":\"\\u0160tudenti o \\u0161tudiju\"}]}]}<\/script>\n<!-- \/ Yoast SEO plugin. -->","yoast_head_json":{"robots":{"index":"index","follow":"follow","max-snippet":"max-snippet:-1","max-image-preview":"max-image-preview:large","max-video-preview":"max-video-preview:-1"},"canonical":"https:\/\/www.ntf.uni-lj.si\/toi\/kaj-pravijo-o-studiju-studenti\/","og_locale":"en_US","og_type":"article","og_title":"\u0160tudenti o \u0161tudiju - TOI","og_description":"\u0160tudenti o \u0161tudiju &#8211; Marika: &#8220;\u017delja po raziskovanju in razvijanju novih izdelkov&#8221;","og_url":"https:\/\/www.ntf.uni-lj.si\/toi\/kaj-pravijo-o-studiju-studenti\/","og_site_name":"TOI","article_modified_time":"2021-03-23T10:12:28+00:00","schema":{"@context":"https:\/\/schema.org","@graph":[{"@type":"WebSite","@id":"https:\/\/www.ntf.uni-lj.si\/toi\/#website","url":"https:\/\/www.ntf.uni-lj.si\/toi\/","name":"TOI","description":"Katedra za tekstilno in obla\u010dilno in\u017eenirstvo","potentialAction":[{"@type":"SearchAction","target":{"@type":"EntryPoint","urlTemplate":"https:\/\/www.ntf.uni-lj.si\/toi\/?s={search_term_string}"},"query-input":"required name=search_term_string"}],"inLanguage":"en-US"},{"@type":"WebPage","@id":"https:\/\/www.ntf.uni-lj.si\/toi\/kaj-pravijo-o-studiju-studenti\/#webpage","url":"https:\/\/www.ntf.uni-lj.si\/toi\/kaj-pravijo-o-studiju-studenti\/","name":"\u0160tudenti o \u0161tudiju - TOI","isPartOf":{"@id":"https:\/\/www.ntf.uni-lj.si\/toi\/#website"},"datePublished":"2021-02-10T07:06:33+00:00","dateModified":"2021-03-23T10:12:28+00:00","breadcrumb":{"@id":"https:\/\/www.ntf.uni-lj.si\/toi\/kaj-pravijo-o-studiju-studenti\/#breadcrumb"},"inLanguage":"en-US","potentialAction":[{"@type":"ReadAction","target":["https:\/\/www.ntf.uni-lj.si\/toi\/kaj-pravijo-o-studiju-studenti\/"]}]},{"@type":"BreadcrumbList","@id":"https:\/\/www.ntf.uni-lj.si\/toi\/kaj-pravijo-o-studiju-studenti\/#breadcrumb","itemListElement":[{"@type":"ListItem","position":1,"name":"Domov","item":"https:\/\/www.ntf.uni-lj.si\/toi\/"},{"@type":"ListItem","position":2,"name":"\u0160tudenti o \u0161tudiju"}]}]}},"_links":{"self":[{"href":"https:\/\/www.ntf.uni-lj.si\/toi\/wp-json\/wp\/v2\/pages\/15449"}],"collection":[{"href":"https:\/\/www.ntf.uni-lj.si\/toi\/wp-json\/wp\/v2\/pages"}],"about":[{"href":"https:\/\/www.ntf.uni-lj.si\/toi\/wp-json\/wp\/v2\/types\/page"}],"author":[{"embeddable":true,"href":"https:\/\/www.ntf.uni-lj.si\/toi\/wp-json\/wp\/v2\/users\/51"}],"replies":[{"embeddable":true,"href":"https:\/\/www.ntf.uni-lj.si\/toi\/wp-json\/wp\/v2\/comments?post=15449"}],"version-history":[{"count":18,"href":"https:\/\/www.ntf.uni-lj.si\/toi\/wp-json\/wp\/v2\/pages\/15449\/revisions"}],"predecessor-version":[{"id":15891,"href":"https:\/\/www.ntf.uni-lj.si\/toi\/wp-json\/wp\/v2\/pages\/15449\/revisions\/15891"}],"wp:attachment":[{"href":"https:\/\/www.ntf.uni-lj.si\/toi\/wp-json\/wp\/v2\/media?parent=15449"}],"curies":[{"name":"wp","href":"https:\/\/api.w.org\/{rel}","templated":true}]}}