{"id":15517,"date":"2021-02-12T18:01:26","date_gmt":"2021-02-12T17:01:26","guid":{"rendered":"http:\/\/www.ntf.uni-lj.si\/toi\/?page_id=15517"},"modified":"2021-03-04T10:22:25","modified_gmt":"2021-03-04T09:22:25","slug":"tkalnica-l-004","status":"publish","type":"page","link":"https:\/\/www.ntf.uni-lj.si\/toi\/o-nas\/prostori\/tkalnica-l-004\/","title":{"rendered":"Tkalnica (L-004)"},"content":{"rendered":"<div class='my-vrview' id='vrview1'><\/div>\n<p><script type='text\/javascript'>\twindow.addEventListener('load', onVrViewLoad1);function onVrViewLoad1() {var vrView = new VRView.Player('#vrview1', {image: 'https:\/\/www.ntf.uni-lj.si\/toi\/wp-content\/uploads\/sites\/7\/2021\/03\/2020_360prostori_toi_L004.jpg',is_stereo: false,width: '100%',height: '400' });}\n\t\t<\/script><\/p>\n<p>Tkalnica je opremljena z elektronskim \u017eakarskim tkalskim strojem Minifaber (elektronski \u017eakar TIS) z 2200 platinami in 24-barvno menjavo votka. Za ra\u010dunalni\u0161ko podprto oblikovanje tkanin sta na voljo dva ra\u010dunalnika s CAD\/CAM programom Arahne za oblikovanje in tkanje listnih in \u017eakarskih tkanin Arahne.<\/p>\n","protected":false},"excerpt":{"rendered":"Tkalnica je opremljena z elektronskim \u017eakarskim tkalskim strojem Minifaber (elektronski \u017eakar TIS) z 2200 platinami in 24-barvno menjavo votka. Za ra\u010dunalni\u0161ko podprto oblikovanje tkanin sta na voljo dva ra\u010dunalnika s CAD\/CAM programom Arahne za oblikovanje in tkanje listnih in \u017eakarskih tkanin Arahne.","protected":false},"author":51,"featured_media":0,"parent":6589,"menu_order":9,"comment_status":"closed","ping_status":"closed","template":"","meta":[],"acf":[],"yoast_head":"<!-- This site is optimized with the Yoast SEO plugin v17.0 - https:\/\/yoast.com\/wordpress\/plugins\/seo\/ -->\n<meta name=\"robots\" content=\"index, follow, max-snippet:-1, max-image-preview:large, max-video-preview:-1\" \/>\n<link rel=\"canonical\" href=\"https:\/\/www.ntf.uni-lj.si\/toi\/o-nas\/prostori\/tkalnica-l-004\/\" \/>\n<meta property=\"og:locale\" content=\"en_US\" \/>\n<meta property=\"og:type\" content=\"article\" \/>\n<meta property=\"og:title\" content=\"Tkalnica (L-004) - TOI\" \/>\n<meta property=\"og:description\" content=\"Tkalnica je opremljena z elektronskim \u017eakarskim tkalskim strojem Minifaber (elektronski \u017eakar TIS) z 2200 platinami in 24-barvno menjavo votka. Za ra\u010dunalni\u0161ko podprto oblikovanje tkanin sta na voljo dva ra\u010dunalnika s CAD\/CAM programom Arahne za oblikovanje in tkanje listnih in \u017eakarskih tkanin Arahne.\" \/>\n<meta property=\"og:url\" content=\"https:\/\/www.ntf.uni-lj.si\/toi\/o-nas\/prostori\/tkalnica-l-004\/\" \/>\n<meta property=\"og:site_name\" content=\"TOI\" \/>\n<meta property=\"article:modified_time\" content=\"2021-03-04T09:22:25+00:00\" \/>\n<script type=\"application\/ld+json\" class=\"yoast-schema-graph\">{\"@context\":\"https:\/\/schema.org\",\"@graph\":[{\"@type\":\"WebSite\",\"@id\":\"https:\/\/www.ntf.uni-lj.si\/toi\/#website\",\"url\":\"https:\/\/www.ntf.uni-lj.si\/toi\/\",\"name\":\"TOI\",\"description\":\"Katedra za tekstilno in obla\\u010dilno in\\u017eenirstvo\",\"potentialAction\":[{\"@type\":\"SearchAction\",\"target\":{\"@type\":\"EntryPoint\",\"urlTemplate\":\"https:\/\/www.ntf.uni-lj.si\/toi\/?s={search_term_string}\"},\"query-input\":\"required name=search_term_string\"}],\"inLanguage\":\"en-US\"},{\"@type\":\"WebPage\",\"@id\":\"https:\/\/www.ntf.uni-lj.si\/toi\/o-nas\/prostori\/tkalnica-l-004\/#webpage\",\"url\":\"https:\/\/www.ntf.uni-lj.si\/toi\/o-nas\/prostori\/tkalnica-l-004\/\",\"name\":\"Tkalnica (L-004) - TOI\",\"isPartOf\":{\"@id\":\"https:\/\/www.ntf.uni-lj.si\/toi\/#website\"},\"datePublished\":\"2021-02-12T17:01:26+00:00\",\"dateModified\":\"2021-03-04T09:22:25+00:00\",\"breadcrumb\":{\"@id\":\"https:\/\/www.ntf.uni-lj.si\/toi\/o-nas\/prostori\/tkalnica-l-004\/#breadcrumb\"},\"inLanguage\":\"en-US\",\"potentialAction\":[{\"@type\":\"ReadAction\",\"target\":[\"https:\/\/www.ntf.uni-lj.si\/toi\/o-nas\/prostori\/tkalnica-l-004\/\"]}]},{\"@type\":\"BreadcrumbList\",\"@id\":\"https:\/\/www.ntf.uni-lj.si\/toi\/o-nas\/prostori\/tkalnica-l-004\/#breadcrumb\",\"itemListElement\":[{\"@type\":\"ListItem\",\"position\":1,\"name\":\"Domov\",\"item\":\"https:\/\/www.ntf.uni-lj.si\/toi\/\"},{\"@type\":\"ListItem\",\"position\":2,\"name\":\"O nas\",\"item\":\"https:\/\/www.ntf.uni-lj.si\/toi\/o-nas\/\"},{\"@type\":\"ListItem\",\"position\":3,\"name\":\"Prostori\",\"item\":\"https:\/\/www.ntf.uni-lj.si\/toi\/o-nas\/prostori\/\"},{\"@type\":\"ListItem\",\"position\":4,\"name\":\"Tkalnica (L-004)\"}]}]}<\/script>\n<!-- \/ Yoast SEO plugin. -->","yoast_head_json":{"robots":{"index":"index","follow":"follow","max-snippet":"max-snippet:-1","max-image-preview":"max-image-preview:large","max-video-preview":"max-video-preview:-1"},"canonical":"https:\/\/www.ntf.uni-lj.si\/toi\/o-nas\/prostori\/tkalnica-l-004\/","og_locale":"en_US","og_type":"article","og_title":"Tkalnica (L-004) - TOI","og_description":"Tkalnica je opremljena z elektronskim \u017eakarskim tkalskim strojem Minifaber (elektronski \u017eakar TIS) z 2200 platinami in 24-barvno menjavo votka. Za ra\u010dunalni\u0161ko podprto oblikovanje tkanin sta na voljo dva ra\u010dunalnika s CAD\/CAM programom Arahne za oblikovanje in tkanje listnih in \u017eakarskih tkanin Arahne.","og_url":"https:\/\/www.ntf.uni-lj.si\/toi\/o-nas\/prostori\/tkalnica-l-004\/","og_site_name":"TOI","article_modified_time":"2021-03-04T09:22:25+00:00","schema":{"@context":"https:\/\/schema.org","@graph":[{"@type":"WebSite","@id":"https:\/\/www.ntf.uni-lj.si\/toi\/#website","url":"https:\/\/www.ntf.uni-lj.si\/toi\/","name":"TOI","description":"Katedra za tekstilno in obla\u010dilno in\u017eenirstvo","potentialAction":[{"@type":"SearchAction","target":{"@type":"EntryPoint","urlTemplate":"https:\/\/www.ntf.uni-lj.si\/toi\/?s={search_term_string}"},"query-input":"required name=search_term_string"}],"inLanguage":"en-US"},{"@type":"WebPage","@id":"https:\/\/www.ntf.uni-lj.si\/toi\/o-nas\/prostori\/tkalnica-l-004\/#webpage","url":"https:\/\/www.ntf.uni-lj.si\/toi\/o-nas\/prostori\/tkalnica-l-004\/","name":"Tkalnica (L-004) - TOI","isPartOf":{"@id":"https:\/\/www.ntf.uni-lj.si\/toi\/#website"},"datePublished":"2021-02-12T17:01:26+00:00","dateModified":"2021-03-04T09:22:25+00:00","breadcrumb":{"@id":"https:\/\/www.ntf.uni-lj.si\/toi\/o-nas\/prostori\/tkalnica-l-004\/#breadcrumb"},"inLanguage":"en-US","potentialAction":[{"@type":"ReadAction","target":["https:\/\/www.ntf.uni-lj.si\/toi\/o-nas\/prostori\/tkalnica-l-004\/"]}]},{"@type":"BreadcrumbList","@id":"https:\/\/www.ntf.uni-lj.si\/toi\/o-nas\/prostori\/tkalnica-l-004\/#breadcrumb","itemListElement":[{"@type":"ListItem","position":1,"name":"Domov","item":"https:\/\/www.ntf.uni-lj.si\/toi\/"},{"@type":"ListItem","position":2,"name":"O nas","item":"https:\/\/www.ntf.uni-lj.si\/toi\/o-nas\/"},{"@type":"ListItem","position":3,"name":"Prostori","item":"https:\/\/www.ntf.uni-lj.si\/toi\/o-nas\/prostori\/"},{"@type":"ListItem","position":4,"name":"Tkalnica (L-004)"}]}]}},"_links":{"self":[{"href":"https:\/\/www.ntf.uni-lj.si\/toi\/wp-json\/wp\/v2\/pages\/15517"}],"collection":[{"href":"https:\/\/www.ntf.uni-lj.si\/toi\/wp-json\/wp\/v2\/pages"}],"about":[{"href":"https:\/\/www.ntf.uni-lj.si\/toi\/wp-json\/wp\/v2\/types\/page"}],"author":[{"embeddable":true,"href":"https:\/\/www.ntf.uni-lj.si\/toi\/wp-json\/wp\/v2\/users\/51"}],"replies":[{"embeddable":true,"href":"https:\/\/www.ntf.uni-lj.si\/toi\/wp-json\/wp\/v2\/comments?post=15517"}],"version-history":[{"count":4,"href":"https:\/\/www.ntf.uni-lj.si\/toi\/wp-json\/wp\/v2\/pages\/15517\/revisions"}],"predecessor-version":[{"id":15769,"href":"https:\/\/www.ntf.uni-lj.si\/toi\/wp-json\/wp\/v2\/pages\/15517\/revisions\/15769"}],"up":[{"embeddable":true,"href":"https:\/\/www.ntf.uni-lj.si\/toi\/wp-json\/wp\/v2\/pages\/6589"}],"wp:attachment":[{"href":"https:\/\/www.ntf.uni-lj.si\/toi\/wp-json\/wp\/v2\/media?parent=15517"}],"curies":[{"name":"wp","href":"https:\/\/api.w.org\/{rel}","templated":true}]}}