{"id":15820,"date":"2021-03-09T12:29:00","date_gmt":"2021-03-09T11:29:00","guid":{"rendered":"http:\/\/www.ntf.uni-lj.si\/toi\/?page_id=15820"},"modified":"2023-04-14T13:56:50","modified_gmt":"2023-04-14T11:56:50","slug":"izkusnje-studentov","status":"publish","type":"page","link":"https:\/\/www.ntf.uni-lj.si\/toi\/izkusnje-studentov\/","title":{"rendered":"Izku\u0161nje \u0161tudentov"},"content":{"rendered":"<p><em>&#8220;V \u010dasu prakti\u010dnega usposabljanja sem se nau\u010dila novih ve\u0161\u010din in sodelovala v odli\u010dnem timu.&#8221;<\/em> &#8211; Julia<\/p>\n<p><em>&#8220;Na praksi sem razvila odgovornost za lu\u0161tno delo, spoznavanje novih situacij in tehnolo\u0161kih procesov, tudi novih delovnih sredstev, materiala&#8230;&#8221;<\/em> &#8211; Adilajda<\/p>\n<p>&#8220;<em>Prakti\u010dno usposabljanje je bilo zelo dobro na\u010drtovano. Spoznala sem vse proizvodne in tehnolo\u0161ke procese. Omogo\u010dili so mi prenos teoreti\u010dnega znanja v prakti\u010dno uporabo. S prakti\u010dnim usposabljanjem sem zelo zadovoljna.<\/em>&#8221; &#8211; Anja<\/p>\n<p><em>&#8220;Skozi delo v podjetju sem pod nadzorstvom mentorice spoznala potek dela v podjetju, ki me je zelo prijetno presenetil. Z veseljem sem pri\u0161la v podjetje in vsak dan od\u0161la z obilico znanja, ki ga bom z veseljem uporabila skozi \u017eivljenje.&#8221;<\/em> &#8211; Hana<\/p>\n<p><em>&#8220;Opravljanje prakti\u010dnega usposabljanja v podjetju z vklju\u010deno proizvodnjo, prina\u0161a veliko plusov; spoznate, kako poteka proizvodnja in kak\u0161en je va\u0161 vpliv v celotnem procesu izdelave, spoznate se z napravami, ki niso tako grozne kot se sli\u0161i na predavanjih in pridobite motivacijo za delo na podro\u010dju tekstilnega in\u017einerstva.&#8221;<\/em> &#8211; Svjetlana<\/p>\n<p><em>&#8220;Prakti\u010dno usposabljanje mi je dalo zelo veliko zagona za nadaljevanje \u0161tudija, iz njega sem se nau\u010dila res veliko.&#8221;<\/em> &#8211; Eva<\/p>\n<p><em>&#8220;Dobro sem utrdila svoje znanje iz predavanj o kontroli kakovosti, pridobila sem tudi veliko novega znanja. Dobila sem dobre delovne izku\u0161nje in delovne navade.&#8221;<\/em> &#8211; \u0160pela<\/p>\n<p><em>&#8220;Bilo mi je zelo v\u0161e\u010d, saj sem s podjetjem sodelovala \u017ee prej, zelo zanimiva tema, odli\u010den kolektiv, veliko pridobljenega znanja.&#8221;<\/em> &#8211; Sara<\/p>\n<p><em>&#8220;Teoreti\u010dno znanje sem nadgradila z vpogledom v konkretno izvajanje ter soo\u010danje s problematiko tega podro\u010dja.&#8221; <\/em>&#8211; Jasna<\/p>\n<p><em>&#8220;Delo mi je bilo zelo v\u0161e\u010d, v skladu z mojimi pri\u010dakovanji, \u017eeljami in znanjem.&#8221;<\/em> &#8211; Karolina<\/p>\n<p>&nbsp;<\/p>\n","protected":false},"excerpt":{"rendered":"&#8220;V \u010dasu prakti\u010dnega usposabljanja sem se nau\u010dila novih ve\u0161\u010din in sodelovala v odli\u010dnem timu.&#8221; &#8211; Julia &#8220;Na praksi sem razvila odgovornost za lu\u0161tno delo, spoznavanje novih situacij in tehnolo\u0161kih procesov, tudi novih delovnih sredstev, materiala&#8230;&#8221; &#8211; Adilajda &#8220;Prakti\u010dno usposabljanje je bilo zelo dobro na\u010drtovano. Spoznala sem vse proizvodne in tehnolo\u0161ke procese. Omogo\u010dili so mi prenos &#8230; <a class=\"view-article\" href=\"https:\/\/www.ntf.uni-lj.si\/toi\/izkusnje-studentov\/\">Read more<\/a>","protected":false},"author":51,"featured_media":0,"parent":0,"menu_order":0,"comment_status":"closed","ping_status":"closed","template":"","meta":[],"acf":[],"yoast_head":"<!-- This site is optimized with the Yoast SEO plugin v17.0 - https:\/\/yoast.com\/wordpress\/plugins\/seo\/ -->\n<meta name=\"robots\" content=\"index, follow, max-snippet:-1, max-image-preview:large, max-video-preview:-1\" \/>\n<link rel=\"canonical\" href=\"https:\/\/www.ntf.uni-lj.si\/toi\/izkusnje-studentov\/\" \/>\n<meta property=\"og:locale\" content=\"en_US\" \/>\n<meta property=\"og:type\" content=\"article\" \/>\n<meta property=\"og:title\" content=\"Izku\u0161nje \u0161tudentov - TOI\" \/>\n<meta property=\"og:description\" content=\"&#8220;V \u010dasu prakti\u010dnega usposabljanja sem se nau\u010dila novih ve\u0161\u010din in sodelovala v odli\u010dnem timu.&#8221; &#8211; Julia &#8220;Na praksi sem razvila odgovornost za lu\u0161tno delo, spoznavanje novih situacij in tehnolo\u0161kih procesov, tudi novih delovnih sredstev, materiala&#8230;&#8221; &#8211; Adilajda &#8220;Prakti\u010dno usposabljanje je bilo zelo dobro na\u010drtovano. Spoznala sem vse proizvodne in tehnolo\u0161ke procese. Omogo\u010dili so mi prenos ... Read more\" \/>\n<meta property=\"og:url\" content=\"https:\/\/www.ntf.uni-lj.si\/toi\/izkusnje-studentov\/\" \/>\n<meta property=\"og:site_name\" content=\"TOI\" \/>\n<meta property=\"article:modified_time\" content=\"2023-04-14T11:56:50+00:00\" \/>\n<meta name=\"twitter:label1\" content=\"Est. reading time\" \/>\n\t<meta name=\"twitter:data1\" content=\"2 minutes\" \/>\n<script type=\"application\/ld+json\" class=\"yoast-schema-graph\">{\"@context\":\"https:\/\/schema.org\",\"@graph\":[{\"@type\":\"WebSite\",\"@id\":\"https:\/\/www.ntf.uni-lj.si\/toi\/#website\",\"url\":\"https:\/\/www.ntf.uni-lj.si\/toi\/\",\"name\":\"TOI\",\"description\":\"Katedra za tekstilno in obla\\u010dilno in\\u017eenirstvo\",\"potentialAction\":[{\"@type\":\"SearchAction\",\"target\":{\"@type\":\"EntryPoint\",\"urlTemplate\":\"https:\/\/www.ntf.uni-lj.si\/toi\/?s={search_term_string}\"},\"query-input\":\"required name=search_term_string\"}],\"inLanguage\":\"en-US\"},{\"@type\":\"WebPage\",\"@id\":\"https:\/\/www.ntf.uni-lj.si\/toi\/izkusnje-studentov\/#webpage\",\"url\":\"https:\/\/www.ntf.uni-lj.si\/toi\/izkusnje-studentov\/\",\"name\":\"Izku\\u0161nje \\u0161tudentov - TOI\",\"isPartOf\":{\"@id\":\"https:\/\/www.ntf.uni-lj.si\/toi\/#website\"},\"datePublished\":\"2021-03-09T11:29:00+00:00\",\"dateModified\":\"2023-04-14T11:56:50+00:00\",\"breadcrumb\":{\"@id\":\"https:\/\/www.ntf.uni-lj.si\/toi\/izkusnje-studentov\/#breadcrumb\"},\"inLanguage\":\"en-US\",\"potentialAction\":[{\"@type\":\"ReadAction\",\"target\":[\"https:\/\/www.ntf.uni-lj.si\/toi\/izkusnje-studentov\/\"]}]},{\"@type\":\"BreadcrumbList\",\"@id\":\"https:\/\/www.ntf.uni-lj.si\/toi\/izkusnje-studentov\/#breadcrumb\",\"itemListElement\":[{\"@type\":\"ListItem\",\"position\":1,\"name\":\"Domov\",\"item\":\"https:\/\/www.ntf.uni-lj.si\/toi\/\"},{\"@type\":\"ListItem\",\"position\":2,\"name\":\"Izku\\u0161nje \\u0161tudentov\"}]}]}<\/script>\n<!-- \/ Yoast SEO plugin. -->","yoast_head_json":{"robots":{"index":"index","follow":"follow","max-snippet":"max-snippet:-1","max-image-preview":"max-image-preview:large","max-video-preview":"max-video-preview:-1"},"canonical":"https:\/\/www.ntf.uni-lj.si\/toi\/izkusnje-studentov\/","og_locale":"en_US","og_type":"article","og_title":"Izku\u0161nje \u0161tudentov - TOI","og_description":"&#8220;V \u010dasu prakti\u010dnega usposabljanja sem se nau\u010dila novih ve\u0161\u010din in sodelovala v odli\u010dnem timu.&#8221; &#8211; Julia &#8220;Na praksi sem razvila odgovornost za lu\u0161tno delo, spoznavanje novih situacij in tehnolo\u0161kih procesov, tudi novih delovnih sredstev, materiala&#8230;&#8221; &#8211; Adilajda &#8220;Prakti\u010dno usposabljanje je bilo zelo dobro na\u010drtovano. Spoznala sem vse proizvodne in tehnolo\u0161ke procese. Omogo\u010dili so mi prenos ... Read more","og_url":"https:\/\/www.ntf.uni-lj.si\/toi\/izkusnje-studentov\/","og_site_name":"TOI","article_modified_time":"2023-04-14T11:56:50+00:00","twitter_misc":{"Est. reading time":"2 minutes"},"schema":{"@context":"https:\/\/schema.org","@graph":[{"@type":"WebSite","@id":"https:\/\/www.ntf.uni-lj.si\/toi\/#website","url":"https:\/\/www.ntf.uni-lj.si\/toi\/","name":"TOI","description":"Katedra za tekstilno in obla\u010dilno in\u017eenirstvo","potentialAction":[{"@type":"SearchAction","target":{"@type":"EntryPoint","urlTemplate":"https:\/\/www.ntf.uni-lj.si\/toi\/?s={search_term_string}"},"query-input":"required name=search_term_string"}],"inLanguage":"en-US"},{"@type":"WebPage","@id":"https:\/\/www.ntf.uni-lj.si\/toi\/izkusnje-studentov\/#webpage","url":"https:\/\/www.ntf.uni-lj.si\/toi\/izkusnje-studentov\/","name":"Izku\u0161nje \u0161tudentov - TOI","isPartOf":{"@id":"https:\/\/www.ntf.uni-lj.si\/toi\/#website"},"datePublished":"2021-03-09T11:29:00+00:00","dateModified":"2023-04-14T11:56:50+00:00","breadcrumb":{"@id":"https:\/\/www.ntf.uni-lj.si\/toi\/izkusnje-studentov\/#breadcrumb"},"inLanguage":"en-US","potentialAction":[{"@type":"ReadAction","target":["https:\/\/www.ntf.uni-lj.si\/toi\/izkusnje-studentov\/"]}]},{"@type":"BreadcrumbList","@id":"https:\/\/www.ntf.uni-lj.si\/toi\/izkusnje-studentov\/#breadcrumb","itemListElement":[{"@type":"ListItem","position":1,"name":"Domov","item":"https:\/\/www.ntf.uni-lj.si\/toi\/"},{"@type":"ListItem","position":2,"name":"Izku\u0161nje \u0161tudentov"}]}]}},"_links":{"self":[{"href":"https:\/\/www.ntf.uni-lj.si\/toi\/wp-json\/wp\/v2\/pages\/15820"}],"collection":[{"href":"https:\/\/www.ntf.uni-lj.si\/toi\/wp-json\/wp\/v2\/pages"}],"about":[{"href":"https:\/\/www.ntf.uni-lj.si\/toi\/wp-json\/wp\/v2\/types\/page"}],"author":[{"embeddable":true,"href":"https:\/\/www.ntf.uni-lj.si\/toi\/wp-json\/wp\/v2\/users\/51"}],"replies":[{"embeddable":true,"href":"https:\/\/www.ntf.uni-lj.si\/toi\/wp-json\/wp\/v2\/comments?post=15820"}],"version-history":[{"count":11,"href":"https:\/\/www.ntf.uni-lj.si\/toi\/wp-json\/wp\/v2\/pages\/15820\/revisions"}],"predecessor-version":[{"id":18876,"href":"https:\/\/www.ntf.uni-lj.si\/toi\/wp-json\/wp\/v2\/pages\/15820\/revisions\/18876"}],"wp:attachment":[{"href":"https:\/\/www.ntf.uni-lj.si\/toi\/wp-json\/wp\/v2\/media?parent=15820"}],"curies":[{"name":"wp","href":"https:\/\/api.w.org\/{rel}","templated":true}]}}