{"id":19039,"date":"2023-06-15T12:40:12","date_gmt":"2023-06-15T10:40:12","guid":{"rendered":"https:\/\/www.ntf.uni-lj.si\/toi\/?page_id=19039"},"modified":"2023-06-30T13:49:05","modified_gmt":"2023-06-30T11:49:05","slug":"prakticno-usposabljanje-nto","status":"publish","type":"page","link":"https:\/\/www.ntf.uni-lj.si\/toi\/studij\/prakticno-usposabljanje\/prakticno-usposabljanje-nto\/","title":{"rendered":"Prakti\u010dno usposabljanje \u2013 NTO"},"content":{"rendered":"<p>S <a href=\"https:\/\/www.ntf.uni-lj.si\/toi\/wp-content\/uploads\/sites\/7\/2023\/01\/Predmetnik-studijskega-programa-Nacrtovanje-tekstilij-in-oblacil-UN-1.-stopnja-veljavno-s-studijskim-letom-2023-24.pdf\">prenovljenim univerzitetnim programom Na\u010drtovanje tekstilij in obla\u010dil<\/a>, ki stopi v veljavo v \u0161tudijskem letu 2023\/24 se v predmetnik vpeljuje izbirni predmet <strong>&#8220;Praksa\/Projektno delo&#8221;<\/strong>, v okviru katerega bo v obsegu <strong>4 delovnih tednov (160 delovnih ur) <\/strong>mogo\u010de izbrati tudi opravljanje <strong>prakti\u010dnega usposabljanja<\/strong> .<\/p>\n<p>Opravljanje prakse v gospodarskih dru\u017ebah in ustanovah s podro\u010dja tekstilstva in obla\u010dilstva (spoznavanje delovanja gospodarske ali negospodarske dru\u017ebe, vklju\u010devanje v delovni proces) bo potekalo pod mentorstvom strokovnjaka v dru\u017ebi in mentorja na fakulteti.<\/p>\n<p>\u0160tudenti se bodo lahko usposabljali v manj\u0161ih in ve\u010djih tekstilnih, obla\u010dilnih ter usnjarskih podjetjih, trgovinah s tekstilno-storitvenimi dejavnostmi, v gledali\u0161\u010dih, muzejih, restavratorskih centrih, izobra\u017eevalnih ustanovah, raziskovalnih in\u0161titutih s podro\u010dja tekstilne dejavnosti in dr\u017eavni upravi.<\/p>\n","protected":false},"excerpt":{"rendered":"S prenovljenim univerzitetnim programom Na\u010drtovanje tekstilij in obla\u010dil, ki stopi v veljavo v \u0161tudijskem letu 2023\/24 se v predmetnik vpeljuje izbirni predmet &#8220;Praksa\/Projektno delo&#8221;, v okviru katerega bo v obsegu 4 delovnih tednov (160 delovnih ur) mogo\u010de izbrati tudi opravljanje prakti\u010dnega usposabljanja . Opravljanje prakse v gospodarskih dru\u017ebah in ustanovah s podro\u010dja tekstilstva in obla\u010dilstva &#8230; <a class=\"view-article\" href=\"https:\/\/www.ntf.uni-lj.si\/toi\/studij\/prakticno-usposabljanje\/prakticno-usposabljanje-nto\/\">Read more<\/a>","protected":false},"author":221,"featured_media":0,"parent":19030,"menu_order":0,"comment_status":"closed","ping_status":"closed","template":"","meta":[],"acf":[],"yoast_head":"<!-- This site is optimized with the Yoast SEO plugin v17.0 - https:\/\/yoast.com\/wordpress\/plugins\/seo\/ -->\n<meta name=\"robots\" content=\"index, follow, max-snippet:-1, max-image-preview:large, max-video-preview:-1\" \/>\n<link rel=\"canonical\" href=\"https:\/\/www.ntf.uni-lj.si\/toi\/studij\/prakticno-usposabljanje\/prakticno-usposabljanje-nto\/\" \/>\n<meta property=\"og:locale\" content=\"en_US\" \/>\n<meta property=\"og:type\" content=\"article\" \/>\n<meta property=\"og:title\" content=\"Prakti\u010dno usposabljanje \u2013 NTO - TOI\" \/>\n<meta property=\"og:description\" content=\"S prenovljenim univerzitetnim programom Na\u010drtovanje tekstilij in obla\u010dil, ki stopi v veljavo v \u0161tudijskem letu 2023\/24 se v predmetnik vpeljuje izbirni predmet &#8220;Praksa\/Projektno delo&#8221;, v okviru katerega bo v obsegu 4 delovnih tednov (160 delovnih ur) mogo\u010de izbrati tudi opravljanje prakti\u010dnega usposabljanja . Opravljanje prakse v gospodarskih dru\u017ebah in ustanovah s podro\u010dja tekstilstva in obla\u010dilstva ... Read more\" \/>\n<meta property=\"og:url\" content=\"https:\/\/www.ntf.uni-lj.si\/toi\/studij\/prakticno-usposabljanje\/prakticno-usposabljanje-nto\/\" \/>\n<meta property=\"og:site_name\" content=\"TOI\" \/>\n<meta property=\"article:modified_time\" content=\"2023-06-30T11:49:05+00:00\" \/>\n<meta name=\"twitter:label1\" content=\"Est. reading time\" \/>\n\t<meta name=\"twitter:data1\" content=\"1 minute\" \/>\n<script type=\"application\/ld+json\" class=\"yoast-schema-graph\">{\"@context\":\"https:\/\/schema.org\",\"@graph\":[{\"@type\":\"WebSite\",\"@id\":\"https:\/\/www.ntf.uni-lj.si\/toi\/#website\",\"url\":\"https:\/\/www.ntf.uni-lj.si\/toi\/\",\"name\":\"TOI\",\"description\":\"Katedra za tekstilno in obla\\u010dilno in\\u017eenirstvo\",\"potentialAction\":[{\"@type\":\"SearchAction\",\"target\":{\"@type\":\"EntryPoint\",\"urlTemplate\":\"https:\/\/www.ntf.uni-lj.si\/toi\/?s={search_term_string}\"},\"query-input\":\"required name=search_term_string\"}],\"inLanguage\":\"en-US\"},{\"@type\":\"WebPage\",\"@id\":\"https:\/\/www.ntf.uni-lj.si\/toi\/studij\/prakticno-usposabljanje\/prakticno-usposabljanje-nto\/#webpage\",\"url\":\"https:\/\/www.ntf.uni-lj.si\/toi\/studij\/prakticno-usposabljanje\/prakticno-usposabljanje-nto\/\",\"name\":\"Prakti\\u010dno usposabljanje \\u2013 NTO - TOI\",\"isPartOf\":{\"@id\":\"https:\/\/www.ntf.uni-lj.si\/toi\/#website\"},\"datePublished\":\"2023-06-15T10:40:12+00:00\",\"dateModified\":\"2023-06-30T11:49:05+00:00\",\"breadcrumb\":{\"@id\":\"https:\/\/www.ntf.uni-lj.si\/toi\/studij\/prakticno-usposabljanje\/prakticno-usposabljanje-nto\/#breadcrumb\"},\"inLanguage\":\"en-US\",\"potentialAction\":[{\"@type\":\"ReadAction\",\"target\":[\"https:\/\/www.ntf.uni-lj.si\/toi\/studij\/prakticno-usposabljanje\/prakticno-usposabljanje-nto\/\"]}]},{\"@type\":\"BreadcrumbList\",\"@id\":\"https:\/\/www.ntf.uni-lj.si\/toi\/studij\/prakticno-usposabljanje\/prakticno-usposabljanje-nto\/#breadcrumb\",\"itemListElement\":[{\"@type\":\"ListItem\",\"position\":1,\"name\":\"Domov\",\"item\":\"https:\/\/www.ntf.uni-lj.si\/toi\/\"},{\"@type\":\"ListItem\",\"position\":2,\"name\":\"\\u0160tudij\",\"item\":\"https:\/\/www.ntf.uni-lj.si\/toi\/studij\/\"},{\"@type\":\"ListItem\",\"position\":3,\"name\":\"Prakti\\u010dno usposabljanje\",\"item\":\"https:\/\/www.ntf.uni-lj.si\/toi\/studij\/prakticno-usposabljanje\/\"},{\"@type\":\"ListItem\",\"position\":4,\"name\":\"Prakti\\u010dno usposabljanje \\u2013 NTO\"}]}]}<\/script>\n<!-- \/ Yoast SEO plugin. -->","yoast_head_json":{"robots":{"index":"index","follow":"follow","max-snippet":"max-snippet:-1","max-image-preview":"max-image-preview:large","max-video-preview":"max-video-preview:-1"},"canonical":"https:\/\/www.ntf.uni-lj.si\/toi\/studij\/prakticno-usposabljanje\/prakticno-usposabljanje-nto\/","og_locale":"en_US","og_type":"article","og_title":"Prakti\u010dno usposabljanje \u2013 NTO - TOI","og_description":"S prenovljenim univerzitetnim programom Na\u010drtovanje tekstilij in obla\u010dil, ki stopi v veljavo v \u0161tudijskem letu 2023\/24 se v predmetnik vpeljuje izbirni predmet &#8220;Praksa\/Projektno delo&#8221;, v okviru katerega bo v obsegu 4 delovnih tednov (160 delovnih ur) mogo\u010de izbrati tudi opravljanje prakti\u010dnega usposabljanja . Opravljanje prakse v gospodarskih dru\u017ebah in ustanovah s podro\u010dja tekstilstva in obla\u010dilstva ... Read more","og_url":"https:\/\/www.ntf.uni-lj.si\/toi\/studij\/prakticno-usposabljanje\/prakticno-usposabljanje-nto\/","og_site_name":"TOI","article_modified_time":"2023-06-30T11:49:05+00:00","twitter_misc":{"Est. reading time":"1 minute"},"schema":{"@context":"https:\/\/schema.org","@graph":[{"@type":"WebSite","@id":"https:\/\/www.ntf.uni-lj.si\/toi\/#website","url":"https:\/\/www.ntf.uni-lj.si\/toi\/","name":"TOI","description":"Katedra za tekstilno in obla\u010dilno in\u017eenirstvo","potentialAction":[{"@type":"SearchAction","target":{"@type":"EntryPoint","urlTemplate":"https:\/\/www.ntf.uni-lj.si\/toi\/?s={search_term_string}"},"query-input":"required name=search_term_string"}],"inLanguage":"en-US"},{"@type":"WebPage","@id":"https:\/\/www.ntf.uni-lj.si\/toi\/studij\/prakticno-usposabljanje\/prakticno-usposabljanje-nto\/#webpage","url":"https:\/\/www.ntf.uni-lj.si\/toi\/studij\/prakticno-usposabljanje\/prakticno-usposabljanje-nto\/","name":"Prakti\u010dno usposabljanje \u2013 NTO - TOI","isPartOf":{"@id":"https:\/\/www.ntf.uni-lj.si\/toi\/#website"},"datePublished":"2023-06-15T10:40:12+00:00","dateModified":"2023-06-30T11:49:05+00:00","breadcrumb":{"@id":"https:\/\/www.ntf.uni-lj.si\/toi\/studij\/prakticno-usposabljanje\/prakticno-usposabljanje-nto\/#breadcrumb"},"inLanguage":"en-US","potentialAction":[{"@type":"ReadAction","target":["https:\/\/www.ntf.uni-lj.si\/toi\/studij\/prakticno-usposabljanje\/prakticno-usposabljanje-nto\/"]}]},{"@type":"BreadcrumbList","@id":"https:\/\/www.ntf.uni-lj.si\/toi\/studij\/prakticno-usposabljanje\/prakticno-usposabljanje-nto\/#breadcrumb","itemListElement":[{"@type":"ListItem","position":1,"name":"Domov","item":"https:\/\/www.ntf.uni-lj.si\/toi\/"},{"@type":"ListItem","position":2,"name":"\u0160tudij","item":"https:\/\/www.ntf.uni-lj.si\/toi\/studij\/"},{"@type":"ListItem","position":3,"name":"Prakti\u010dno usposabljanje","item":"https:\/\/www.ntf.uni-lj.si\/toi\/studij\/prakticno-usposabljanje\/"},{"@type":"ListItem","position":4,"name":"Prakti\u010dno usposabljanje \u2013 NTO"}]}]}},"_links":{"self":[{"href":"https:\/\/www.ntf.uni-lj.si\/toi\/wp-json\/wp\/v2\/pages\/19039"}],"collection":[{"href":"https:\/\/www.ntf.uni-lj.si\/toi\/wp-json\/wp\/v2\/pages"}],"about":[{"href":"https:\/\/www.ntf.uni-lj.si\/toi\/wp-json\/wp\/v2\/types\/page"}],"author":[{"embeddable":true,"href":"https:\/\/www.ntf.uni-lj.si\/toi\/wp-json\/wp\/v2\/users\/221"}],"replies":[{"embeddable":true,"href":"https:\/\/www.ntf.uni-lj.si\/toi\/wp-json\/wp\/v2\/comments?post=19039"}],"version-history":[{"count":12,"href":"https:\/\/www.ntf.uni-lj.si\/toi\/wp-json\/wp\/v2\/pages\/19039\/revisions"}],"predecessor-version":[{"id":19091,"href":"https:\/\/www.ntf.uni-lj.si\/toi\/wp-json\/wp\/v2\/pages\/19039\/revisions\/19091"}],"up":[{"embeddable":true,"href":"https:\/\/www.ntf.uni-lj.si\/toi\/wp-json\/wp\/v2\/pages\/19030"}],"wp:attachment":[{"href":"https:\/\/www.ntf.uni-lj.si\/toi\/wp-json\/wp\/v2\/media?parent=19039"}],"curies":[{"name":"wp","href":"https:\/\/api.w.org\/{rel}","templated":true}]}}