{"id":20476,"date":"2025-05-22T19:42:02","date_gmt":"2025-05-22T17:42:02","guid":{"rendered":"https:\/\/www.ntf.uni-lj.si\/toi\/?page_id=20476"},"modified":"2025-06-22T22:52:46","modified_gmt":"2025-06-22T20:52:46","slug":"aktivnosti-in-rezultati","status":"publish","type":"page","link":"https:\/\/www.ntf.uni-lj.si\/toi\/texunite-storitveno-ucenje-o-trajnosti-v-izobrazevanju-na-podrocju-tekstilstva-in-mode\/aktivnosti-in-rezultati\/","title":{"rendered":"Aktivnosti in rezultati"},"content":{"rendered":"<p><img loading=\"lazy\" class=\"wp-image-20173 alignleft\" src=\"https:\/\/www.ntf.uni-lj.si\/toi\/wp-content\/uploads\/sites\/7\/2024\/11\/Slika1.png\" alt=\"\" width=\"741\" height=\"82\" srcset=\"https:\/\/www.ntf.uni-lj.si\/toi\/wp-content\/uploads\/sites\/7\/2024\/11\/Slika1.png 4507w, https:\/\/www.ntf.uni-lj.si\/toi\/wp-content\/uploads\/sites\/7\/2024\/11\/Slika1-300x33.png 300w, https:\/\/www.ntf.uni-lj.si\/toi\/wp-content\/uploads\/sites\/7\/2024\/11\/Slika1-1024x113.png 1024w, https:\/\/www.ntf.uni-lj.si\/toi\/wp-content\/uploads\/sites\/7\/2024\/11\/Slika1-768x85.png 768w, https:\/\/www.ntf.uni-lj.si\/toi\/wp-content\/uploads\/sites\/7\/2024\/11\/Slika1-1536x169.png 1536w, https:\/\/www.ntf.uni-lj.si\/toi\/wp-content\/uploads\/sites\/7\/2024\/11\/Slika1-2048x226.png 2048w\" sizes=\"(max-width: 741px) 100vw, 741px\" \/><\/p>\n","protected":false},"excerpt":{"rendered":"","protected":false},"author":51,"featured_media":0,"parent":20138,"menu_order":0,"comment_status":"closed","ping_status":"closed","template":"","meta":[],"acf":[],"yoast_head":"<!-- This site is optimized with the Yoast SEO plugin v17.0 - https:\/\/yoast.com\/wordpress\/plugins\/seo\/ -->\n<meta name=\"robots\" content=\"index, follow, max-snippet:-1, max-image-preview:large, max-video-preview:-1\" \/>\n<link rel=\"canonical\" href=\"https:\/\/www.ntf.uni-lj.si\/toi\/texunite-storitveno-ucenje-o-trajnosti-v-izobrazevanju-na-podrocju-tekstilstva-in-mode\/aktivnosti-in-rezultati\/\" \/>\n<meta property=\"og:locale\" content=\"en_US\" \/>\n<meta property=\"og:type\" content=\"article\" \/>\n<meta property=\"og:title\" content=\"Aktivnosti in rezultati - TOI\" \/>\n<meta property=\"og:url\" content=\"https:\/\/www.ntf.uni-lj.si\/toi\/texunite-storitveno-ucenje-o-trajnosti-v-izobrazevanju-na-podrocju-tekstilstva-in-mode\/aktivnosti-in-rezultati\/\" \/>\n<meta property=\"og:site_name\" content=\"TOI\" \/>\n<meta property=\"article:modified_time\" content=\"2025-06-22T20:52:46+00:00\" \/>\n<meta property=\"og:image\" content=\"https:\/\/www.ntf.uni-lj.si\/toi\/wp-content\/uploads\/sites\/7\/2024\/11\/Slika1.png\" \/>\n<meta name=\"twitter:label1\" content=\"Est. reading time\" \/>\n\t<meta name=\"twitter:data1\" content=\"1 minute\" \/>\n<script type=\"application\/ld+json\" class=\"yoast-schema-graph\">{\"@context\":\"https:\/\/schema.org\",\"@graph\":[{\"@type\":\"WebSite\",\"@id\":\"https:\/\/www.ntf.uni-lj.si\/toi\/#website\",\"url\":\"https:\/\/www.ntf.uni-lj.si\/toi\/\",\"name\":\"TOI\",\"description\":\"Katedra za tekstilno in obla\\u010dilno in\\u017eenirstvo\",\"potentialAction\":[{\"@type\":\"SearchAction\",\"target\":{\"@type\":\"EntryPoint\",\"urlTemplate\":\"https:\/\/www.ntf.uni-lj.si\/toi\/?s={search_term_string}\"},\"query-input\":\"required name=search_term_string\"}],\"inLanguage\":\"en-US\"},{\"@type\":\"ImageObject\",\"@id\":\"https:\/\/www.ntf.uni-lj.si\/toi\/texunite-storitveno-ucenje-o-trajnosti-v-izobrazevanju-na-podrocju-tekstilstva-in-mode\/aktivnosti-in-rezultati\/#primaryimage\",\"inLanguage\":\"en-US\",\"url\":\"https:\/\/www.ntf.uni-lj.si\/toi\/wp-content\/uploads\/sites\/7\/2024\/11\/Slika1.png\",\"contentUrl\":\"https:\/\/www.ntf.uni-lj.si\/toi\/wp-content\/uploads\/sites\/7\/2024\/11\/Slika1.png\",\"width\":4507,\"height\":497},{\"@type\":\"WebPage\",\"@id\":\"https:\/\/www.ntf.uni-lj.si\/toi\/texunite-storitveno-ucenje-o-trajnosti-v-izobrazevanju-na-podrocju-tekstilstva-in-mode\/aktivnosti-in-rezultati\/#webpage\",\"url\":\"https:\/\/www.ntf.uni-lj.si\/toi\/texunite-storitveno-ucenje-o-trajnosti-v-izobrazevanju-na-podrocju-tekstilstva-in-mode\/aktivnosti-in-rezultati\/\",\"name\":\"Aktivnosti in rezultati - TOI\",\"isPartOf\":{\"@id\":\"https:\/\/www.ntf.uni-lj.si\/toi\/#website\"},\"primaryImageOfPage\":{\"@id\":\"https:\/\/www.ntf.uni-lj.si\/toi\/texunite-storitveno-ucenje-o-trajnosti-v-izobrazevanju-na-podrocju-tekstilstva-in-mode\/aktivnosti-in-rezultati\/#primaryimage\"},\"datePublished\":\"2025-05-22T17:42:02+00:00\",\"dateModified\":\"2025-06-22T20:52:46+00:00\",\"breadcrumb\":{\"@id\":\"https:\/\/www.ntf.uni-lj.si\/toi\/texunite-storitveno-ucenje-o-trajnosti-v-izobrazevanju-na-podrocju-tekstilstva-in-mode\/aktivnosti-in-rezultati\/#breadcrumb\"},\"inLanguage\":\"en-US\",\"potentialAction\":[{\"@type\":\"ReadAction\",\"target\":[\"https:\/\/www.ntf.uni-lj.si\/toi\/texunite-storitveno-ucenje-o-trajnosti-v-izobrazevanju-na-podrocju-tekstilstva-in-mode\/aktivnosti-in-rezultati\/\"]}]},{\"@type\":\"BreadcrumbList\",\"@id\":\"https:\/\/www.ntf.uni-lj.si\/toi\/texunite-storitveno-ucenje-o-trajnosti-v-izobrazevanju-na-podrocju-tekstilstva-in-mode\/aktivnosti-in-rezultati\/#breadcrumb\",\"itemListElement\":[{\"@type\":\"ListItem\",\"position\":1,\"name\":\"Domov\",\"item\":\"https:\/\/www.ntf.uni-lj.si\/toi\/\"},{\"@type\":\"ListItem\",\"position\":2,\"name\":\"TexUnite: STORITVENO U\\u010cENJE O TRAJNOSTI V IZOBRA\\u017dEVANJU NA PODRO\\u010cJU TEKSTILSTVA IN MODE\",\"item\":\"https:\/\/www.ntf.uni-lj.si\/toi\/texunite-storitveno-ucenje-o-trajnosti-v-izobrazevanju-na-podrocju-tekstilstva-in-mode\/\"},{\"@type\":\"ListItem\",\"position\":3,\"name\":\"Aktivnosti in rezultati\"}]}]}<\/script>\n<!-- \/ Yoast SEO plugin. -->","yoast_head_json":{"robots":{"index":"index","follow":"follow","max-snippet":"max-snippet:-1","max-image-preview":"max-image-preview:large","max-video-preview":"max-video-preview:-1"},"canonical":"https:\/\/www.ntf.uni-lj.si\/toi\/texunite-storitveno-ucenje-o-trajnosti-v-izobrazevanju-na-podrocju-tekstilstva-in-mode\/aktivnosti-in-rezultati\/","og_locale":"en_US","og_type":"article","og_title":"Aktivnosti in rezultati - TOI","og_url":"https:\/\/www.ntf.uni-lj.si\/toi\/texunite-storitveno-ucenje-o-trajnosti-v-izobrazevanju-na-podrocju-tekstilstva-in-mode\/aktivnosti-in-rezultati\/","og_site_name":"TOI","article_modified_time":"2025-06-22T20:52:46+00:00","og_image":[{"url":"https:\/\/www.ntf.uni-lj.si\/toi\/wp-content\/uploads\/sites\/7\/2024\/11\/Slika1.png"}],"twitter_misc":{"Est. reading time":"1 minute"},"schema":{"@context":"https:\/\/schema.org","@graph":[{"@type":"WebSite","@id":"https:\/\/www.ntf.uni-lj.si\/toi\/#website","url":"https:\/\/www.ntf.uni-lj.si\/toi\/","name":"TOI","description":"Katedra za tekstilno in obla\u010dilno in\u017eenirstvo","potentialAction":[{"@type":"SearchAction","target":{"@type":"EntryPoint","urlTemplate":"https:\/\/www.ntf.uni-lj.si\/toi\/?s={search_term_string}"},"query-input":"required name=search_term_string"}],"inLanguage":"en-US"},{"@type":"ImageObject","@id":"https:\/\/www.ntf.uni-lj.si\/toi\/texunite-storitveno-ucenje-o-trajnosti-v-izobrazevanju-na-podrocju-tekstilstva-in-mode\/aktivnosti-in-rezultati\/#primaryimage","inLanguage":"en-US","url":"https:\/\/www.ntf.uni-lj.si\/toi\/wp-content\/uploads\/sites\/7\/2024\/11\/Slika1.png","contentUrl":"https:\/\/www.ntf.uni-lj.si\/toi\/wp-content\/uploads\/sites\/7\/2024\/11\/Slika1.png","width":4507,"height":497},{"@type":"WebPage","@id":"https:\/\/www.ntf.uni-lj.si\/toi\/texunite-storitveno-ucenje-o-trajnosti-v-izobrazevanju-na-podrocju-tekstilstva-in-mode\/aktivnosti-in-rezultati\/#webpage","url":"https:\/\/www.ntf.uni-lj.si\/toi\/texunite-storitveno-ucenje-o-trajnosti-v-izobrazevanju-na-podrocju-tekstilstva-in-mode\/aktivnosti-in-rezultati\/","name":"Aktivnosti in rezultati - TOI","isPartOf":{"@id":"https:\/\/www.ntf.uni-lj.si\/toi\/#website"},"primaryImageOfPage":{"@id":"https:\/\/www.ntf.uni-lj.si\/toi\/texunite-storitveno-ucenje-o-trajnosti-v-izobrazevanju-na-podrocju-tekstilstva-in-mode\/aktivnosti-in-rezultati\/#primaryimage"},"datePublished":"2025-05-22T17:42:02+00:00","dateModified":"2025-06-22T20:52:46+00:00","breadcrumb":{"@id":"https:\/\/www.ntf.uni-lj.si\/toi\/texunite-storitveno-ucenje-o-trajnosti-v-izobrazevanju-na-podrocju-tekstilstva-in-mode\/aktivnosti-in-rezultati\/#breadcrumb"},"inLanguage":"en-US","potentialAction":[{"@type":"ReadAction","target":["https:\/\/www.ntf.uni-lj.si\/toi\/texunite-storitveno-ucenje-o-trajnosti-v-izobrazevanju-na-podrocju-tekstilstva-in-mode\/aktivnosti-in-rezultati\/"]}]},{"@type":"BreadcrumbList","@id":"https:\/\/www.ntf.uni-lj.si\/toi\/texunite-storitveno-ucenje-o-trajnosti-v-izobrazevanju-na-podrocju-tekstilstva-in-mode\/aktivnosti-in-rezultati\/#breadcrumb","itemListElement":[{"@type":"ListItem","position":1,"name":"Domov","item":"https:\/\/www.ntf.uni-lj.si\/toi\/"},{"@type":"ListItem","position":2,"name":"TexUnite: STORITVENO U\u010cENJE O TRAJNOSTI V IZOBRA\u017dEVANJU NA PODRO\u010cJU TEKSTILSTVA IN MODE","item":"https:\/\/www.ntf.uni-lj.si\/toi\/texunite-storitveno-ucenje-o-trajnosti-v-izobrazevanju-na-podrocju-tekstilstva-in-mode\/"},{"@type":"ListItem","position":3,"name":"Aktivnosti in rezultati"}]}]}},"_links":{"self":[{"href":"https:\/\/www.ntf.uni-lj.si\/toi\/wp-json\/wp\/v2\/pages\/20476"}],"collection":[{"href":"https:\/\/www.ntf.uni-lj.si\/toi\/wp-json\/wp\/v2\/pages"}],"about":[{"href":"https:\/\/www.ntf.uni-lj.si\/toi\/wp-json\/wp\/v2\/types\/page"}],"author":[{"embeddable":true,"href":"https:\/\/www.ntf.uni-lj.si\/toi\/wp-json\/wp\/v2\/users\/51"}],"replies":[{"embeddable":true,"href":"https:\/\/www.ntf.uni-lj.si\/toi\/wp-json\/wp\/v2\/comments?post=20476"}],"version-history":[{"count":17,"href":"https:\/\/www.ntf.uni-lj.si\/toi\/wp-json\/wp\/v2\/pages\/20476\/revisions"}],"predecessor-version":[{"id":20893,"href":"https:\/\/www.ntf.uni-lj.si\/toi\/wp-json\/wp\/v2\/pages\/20476\/revisions\/20893"}],"up":[{"embeddable":true,"href":"https:\/\/www.ntf.uni-lj.si\/toi\/wp-json\/wp\/v2\/pages\/20138"}],"wp:attachment":[{"href":"https:\/\/www.ntf.uni-lj.si\/toi\/wp-json\/wp\/v2\/media?parent=20476"}],"curies":[{"name":"wp","href":"https:\/\/api.w.org\/{rel}","templated":true}]}}