{"id":20875,"date":"2025-06-22T22:30:40","date_gmt":"2025-06-22T20:30:40","guid":{"rendered":"https:\/\/www.ntf.uni-lj.si\/toi\/?page_id=20875"},"modified":"2025-06-22T22:51:42","modified_gmt":"2025-06-22T20:51:42","slug":"faze-projekta-faze-projekta-texunite","status":"publish","type":"page","link":"https:\/\/www.ntf.uni-lj.si\/toi\/texunite-storitveno-ucenje-o-trajnosti-v-izobrazevanju-na-podrocju-tekstilstva-in-mode\/aktivnosti-in-rezultati\/faze-projekta-faze-projekta-texunite\/","title":{"rendered":"Faze projekta Faze projekta TexUnite"},"content":{"rendered":"<p><img loading=\"lazy\" class=\"wp-image-20173 alignleft\" src=\"https:\/\/www.ntf.uni-lj.si\/toi\/wp-content\/uploads\/sites\/7\/2024\/11\/Slika1.png\" alt=\"\" width=\"741\" height=\"82\" srcset=\"https:\/\/www.ntf.uni-lj.si\/toi\/wp-content\/uploads\/sites\/7\/2024\/11\/Slika1.png 4507w, https:\/\/www.ntf.uni-lj.si\/toi\/wp-content\/uploads\/sites\/7\/2024\/11\/Slika1-300x33.png 300w, https:\/\/www.ntf.uni-lj.si\/toi\/wp-content\/uploads\/sites\/7\/2024\/11\/Slika1-1024x113.png 1024w, https:\/\/www.ntf.uni-lj.si\/toi\/wp-content\/uploads\/sites\/7\/2024\/11\/Slika1-768x85.png 768w, https:\/\/www.ntf.uni-lj.si\/toi\/wp-content\/uploads\/sites\/7\/2024\/11\/Slika1-1536x169.png 1536w, https:\/\/www.ntf.uni-lj.si\/toi\/wp-content\/uploads\/sites\/7\/2024\/11\/Slika1-2048x226.png 2048w\" sizes=\"(max-width: 741px) 100vw, 741px\" \/><\/p>\n<p><img loading=\"lazy\" class=\"wp-image-20479 alignleft\" src=\"https:\/\/www.ntf.uni-lj.si\/toi\/wp-content\/uploads\/sites\/7\/2025\/05\/faze-projekta-TexUnite_SLO-.jpg\" alt=\"\" width=\"835\" height=\"275\" srcset=\"https:\/\/www.ntf.uni-lj.si\/toi\/wp-content\/uploads\/sites\/7\/2025\/05\/faze-projekta-TexUnite_SLO-.jpg 1005w, https:\/\/www.ntf.uni-lj.si\/toi\/wp-content\/uploads\/sites\/7\/2025\/05\/faze-projekta-TexUnite_SLO--300x99.jpg 300w, https:\/\/www.ntf.uni-lj.si\/toi\/wp-content\/uploads\/sites\/7\/2025\/05\/faze-projekta-TexUnite_SLO--768x253.jpg 768w\" sizes=\"(max-width: 835px) 100vw, 835px\" \/><\/p>\n","protected":false},"excerpt":{"rendered":"","protected":false},"author":51,"featured_media":0,"parent":20476,"menu_order":0,"comment_status":"closed","ping_status":"closed","template":"","meta":[],"acf":[],"yoast_head":"<!-- This site is optimized with the Yoast SEO plugin v17.0 - https:\/\/yoast.com\/wordpress\/plugins\/seo\/ -->\n<meta name=\"robots\" content=\"index, follow, max-snippet:-1, max-image-preview:large, max-video-preview:-1\" \/>\n<link rel=\"canonical\" href=\"https:\/\/www.ntf.uni-lj.si\/toi\/texunite-storitveno-ucenje-o-trajnosti-v-izobrazevanju-na-podrocju-tekstilstva-in-mode\/aktivnosti-in-rezultati\/faze-projekta-faze-projekta-texunite\/\" \/>\n<meta property=\"og:locale\" content=\"en_US\" \/>\n<meta property=\"og:type\" content=\"article\" \/>\n<meta property=\"og:title\" content=\"Faze projekta Faze projekta TexUnite - TOI\" \/>\n<meta property=\"og:url\" content=\"https:\/\/www.ntf.uni-lj.si\/toi\/texunite-storitveno-ucenje-o-trajnosti-v-izobrazevanju-na-podrocju-tekstilstva-in-mode\/aktivnosti-in-rezultati\/faze-projekta-faze-projekta-texunite\/\" \/>\n<meta property=\"og:site_name\" content=\"TOI\" \/>\n<meta property=\"article:modified_time\" content=\"2025-06-22T20:51:42+00:00\" \/>\n<meta property=\"og:image\" content=\"https:\/\/www.ntf.uni-lj.si\/toi\/wp-content\/uploads\/sites\/7\/2024\/11\/Slika1.png\" \/>\n<script type=\"application\/ld+json\" class=\"yoast-schema-graph\">{\"@context\":\"https:\/\/schema.org\",\"@graph\":[{\"@type\":\"WebSite\",\"@id\":\"https:\/\/www.ntf.uni-lj.si\/toi\/#website\",\"url\":\"https:\/\/www.ntf.uni-lj.si\/toi\/\",\"name\":\"TOI\",\"description\":\"Katedra za tekstilno in obla\\u010dilno in\\u017eenirstvo\",\"potentialAction\":[{\"@type\":\"SearchAction\",\"target\":{\"@type\":\"EntryPoint\",\"urlTemplate\":\"https:\/\/www.ntf.uni-lj.si\/toi\/?s={search_term_string}\"},\"query-input\":\"required name=search_term_string\"}],\"inLanguage\":\"en-US\"},{\"@type\":\"ImageObject\",\"@id\":\"https:\/\/www.ntf.uni-lj.si\/toi\/texunite-storitveno-ucenje-o-trajnosti-v-izobrazevanju-na-podrocju-tekstilstva-in-mode\/aktivnosti-in-rezultati\/faze-projekta-faze-projekta-texunite\/#primaryimage\",\"inLanguage\":\"en-US\",\"url\":\"https:\/\/www.ntf.uni-lj.si\/toi\/wp-content\/uploads\/sites\/7\/2024\/11\/Slika1.png\",\"contentUrl\":\"https:\/\/www.ntf.uni-lj.si\/toi\/wp-content\/uploads\/sites\/7\/2024\/11\/Slika1.png\",\"width\":4507,\"height\":497},{\"@type\":\"WebPage\",\"@id\":\"https:\/\/www.ntf.uni-lj.si\/toi\/texunite-storitveno-ucenje-o-trajnosti-v-izobrazevanju-na-podrocju-tekstilstva-in-mode\/aktivnosti-in-rezultati\/faze-projekta-faze-projekta-texunite\/#webpage\",\"url\":\"https:\/\/www.ntf.uni-lj.si\/toi\/texunite-storitveno-ucenje-o-trajnosti-v-izobrazevanju-na-podrocju-tekstilstva-in-mode\/aktivnosti-in-rezultati\/faze-projekta-faze-projekta-texunite\/\",\"name\":\"Faze projekta Faze projekta TexUnite - TOI\",\"isPartOf\":{\"@id\":\"https:\/\/www.ntf.uni-lj.si\/toi\/#website\"},\"primaryImageOfPage\":{\"@id\":\"https:\/\/www.ntf.uni-lj.si\/toi\/texunite-storitveno-ucenje-o-trajnosti-v-izobrazevanju-na-podrocju-tekstilstva-in-mode\/aktivnosti-in-rezultati\/faze-projekta-faze-projekta-texunite\/#primaryimage\"},\"datePublished\":\"2025-06-22T20:30:40+00:00\",\"dateModified\":\"2025-06-22T20:51:42+00:00\",\"breadcrumb\":{\"@id\":\"https:\/\/www.ntf.uni-lj.si\/toi\/texunite-storitveno-ucenje-o-trajnosti-v-izobrazevanju-na-podrocju-tekstilstva-in-mode\/aktivnosti-in-rezultati\/faze-projekta-faze-projekta-texunite\/#breadcrumb\"},\"inLanguage\":\"en-US\",\"potentialAction\":[{\"@type\":\"ReadAction\",\"target\":[\"https:\/\/www.ntf.uni-lj.si\/toi\/texunite-storitveno-ucenje-o-trajnosti-v-izobrazevanju-na-podrocju-tekstilstva-in-mode\/aktivnosti-in-rezultati\/faze-projekta-faze-projekta-texunite\/\"]}]},{\"@type\":\"BreadcrumbList\",\"@id\":\"https:\/\/www.ntf.uni-lj.si\/toi\/texunite-storitveno-ucenje-o-trajnosti-v-izobrazevanju-na-podrocju-tekstilstva-in-mode\/aktivnosti-in-rezultati\/faze-projekta-faze-projekta-texunite\/#breadcrumb\",\"itemListElement\":[{\"@type\":\"ListItem\",\"position\":1,\"name\":\"Domov\",\"item\":\"https:\/\/www.ntf.uni-lj.si\/toi\/\"},{\"@type\":\"ListItem\",\"position\":2,\"name\":\"TexUnite: STORITVENO U\\u010cENJE O TRAJNOSTI V IZOBRA\\u017dEVANJU NA PODRO\\u010cJU TEKSTILSTVA IN MODE\",\"item\":\"https:\/\/www.ntf.uni-lj.si\/toi\/texunite-storitveno-ucenje-o-trajnosti-v-izobrazevanju-na-podrocju-tekstilstva-in-mode\/\"},{\"@type\":\"ListItem\",\"position\":3,\"name\":\"Aktivnosti in rezultati\",\"item\":\"https:\/\/www.ntf.uni-lj.si\/toi\/texunite-storitveno-ucenje-o-trajnosti-v-izobrazevanju-na-podrocju-tekstilstva-in-mode\/aktivnosti-in-rezultati\/\"},{\"@type\":\"ListItem\",\"position\":4,\"name\":\"Faze projekta Faze projekta TexUnite\"}]}]}<\/script>\n<!-- \/ Yoast SEO plugin. -->","yoast_head_json":{"robots":{"index":"index","follow":"follow","max-snippet":"max-snippet:-1","max-image-preview":"max-image-preview:large","max-video-preview":"max-video-preview:-1"},"canonical":"https:\/\/www.ntf.uni-lj.si\/toi\/texunite-storitveno-ucenje-o-trajnosti-v-izobrazevanju-na-podrocju-tekstilstva-in-mode\/aktivnosti-in-rezultati\/faze-projekta-faze-projekta-texunite\/","og_locale":"en_US","og_type":"article","og_title":"Faze projekta Faze projekta TexUnite - TOI","og_url":"https:\/\/www.ntf.uni-lj.si\/toi\/texunite-storitveno-ucenje-o-trajnosti-v-izobrazevanju-na-podrocju-tekstilstva-in-mode\/aktivnosti-in-rezultati\/faze-projekta-faze-projekta-texunite\/","og_site_name":"TOI","article_modified_time":"2025-06-22T20:51:42+00:00","og_image":[{"url":"https:\/\/www.ntf.uni-lj.si\/toi\/wp-content\/uploads\/sites\/7\/2024\/11\/Slika1.png"}],"schema":{"@context":"https:\/\/schema.org","@graph":[{"@type":"WebSite","@id":"https:\/\/www.ntf.uni-lj.si\/toi\/#website","url":"https:\/\/www.ntf.uni-lj.si\/toi\/","name":"TOI","description":"Katedra za tekstilno in obla\u010dilno in\u017eenirstvo","potentialAction":[{"@type":"SearchAction","target":{"@type":"EntryPoint","urlTemplate":"https:\/\/www.ntf.uni-lj.si\/toi\/?s={search_term_string}"},"query-input":"required name=search_term_string"}],"inLanguage":"en-US"},{"@type":"ImageObject","@id":"https:\/\/www.ntf.uni-lj.si\/toi\/texunite-storitveno-ucenje-o-trajnosti-v-izobrazevanju-na-podrocju-tekstilstva-in-mode\/aktivnosti-in-rezultati\/faze-projekta-faze-projekta-texunite\/#primaryimage","inLanguage":"en-US","url":"https:\/\/www.ntf.uni-lj.si\/toi\/wp-content\/uploads\/sites\/7\/2024\/11\/Slika1.png","contentUrl":"https:\/\/www.ntf.uni-lj.si\/toi\/wp-content\/uploads\/sites\/7\/2024\/11\/Slika1.png","width":4507,"height":497},{"@type":"WebPage","@id":"https:\/\/www.ntf.uni-lj.si\/toi\/texunite-storitveno-ucenje-o-trajnosti-v-izobrazevanju-na-podrocju-tekstilstva-in-mode\/aktivnosti-in-rezultati\/faze-projekta-faze-projekta-texunite\/#webpage","url":"https:\/\/www.ntf.uni-lj.si\/toi\/texunite-storitveno-ucenje-o-trajnosti-v-izobrazevanju-na-podrocju-tekstilstva-in-mode\/aktivnosti-in-rezultati\/faze-projekta-faze-projekta-texunite\/","name":"Faze projekta Faze projekta TexUnite - TOI","isPartOf":{"@id":"https:\/\/www.ntf.uni-lj.si\/toi\/#website"},"primaryImageOfPage":{"@id":"https:\/\/www.ntf.uni-lj.si\/toi\/texunite-storitveno-ucenje-o-trajnosti-v-izobrazevanju-na-podrocju-tekstilstva-in-mode\/aktivnosti-in-rezultati\/faze-projekta-faze-projekta-texunite\/#primaryimage"},"datePublished":"2025-06-22T20:30:40+00:00","dateModified":"2025-06-22T20:51:42+00:00","breadcrumb":{"@id":"https:\/\/www.ntf.uni-lj.si\/toi\/texunite-storitveno-ucenje-o-trajnosti-v-izobrazevanju-na-podrocju-tekstilstva-in-mode\/aktivnosti-in-rezultati\/faze-projekta-faze-projekta-texunite\/#breadcrumb"},"inLanguage":"en-US","potentialAction":[{"@type":"ReadAction","target":["https:\/\/www.ntf.uni-lj.si\/toi\/texunite-storitveno-ucenje-o-trajnosti-v-izobrazevanju-na-podrocju-tekstilstva-in-mode\/aktivnosti-in-rezultati\/faze-projekta-faze-projekta-texunite\/"]}]},{"@type":"BreadcrumbList","@id":"https:\/\/www.ntf.uni-lj.si\/toi\/texunite-storitveno-ucenje-o-trajnosti-v-izobrazevanju-na-podrocju-tekstilstva-in-mode\/aktivnosti-in-rezultati\/faze-projekta-faze-projekta-texunite\/#breadcrumb","itemListElement":[{"@type":"ListItem","position":1,"name":"Domov","item":"https:\/\/www.ntf.uni-lj.si\/toi\/"},{"@type":"ListItem","position":2,"name":"TexUnite: STORITVENO U\u010cENJE O TRAJNOSTI V IZOBRA\u017dEVANJU NA PODRO\u010cJU TEKSTILSTVA IN MODE","item":"https:\/\/www.ntf.uni-lj.si\/toi\/texunite-storitveno-ucenje-o-trajnosti-v-izobrazevanju-na-podrocju-tekstilstva-in-mode\/"},{"@type":"ListItem","position":3,"name":"Aktivnosti in rezultati","item":"https:\/\/www.ntf.uni-lj.si\/toi\/texunite-storitveno-ucenje-o-trajnosti-v-izobrazevanju-na-podrocju-tekstilstva-in-mode\/aktivnosti-in-rezultati\/"},{"@type":"ListItem","position":4,"name":"Faze projekta Faze projekta TexUnite"}]}]}},"_links":{"self":[{"href":"https:\/\/www.ntf.uni-lj.si\/toi\/wp-json\/wp\/v2\/pages\/20875"}],"collection":[{"href":"https:\/\/www.ntf.uni-lj.si\/toi\/wp-json\/wp\/v2\/pages"}],"about":[{"href":"https:\/\/www.ntf.uni-lj.si\/toi\/wp-json\/wp\/v2\/types\/page"}],"author":[{"embeddable":true,"href":"https:\/\/www.ntf.uni-lj.si\/toi\/wp-json\/wp\/v2\/users\/51"}],"replies":[{"embeddable":true,"href":"https:\/\/www.ntf.uni-lj.si\/toi\/wp-json\/wp\/v2\/comments?post=20875"}],"version-history":[{"count":3,"href":"https:\/\/www.ntf.uni-lj.si\/toi\/wp-json\/wp\/v2\/pages\/20875\/revisions"}],"predecessor-version":[{"id":20891,"href":"https:\/\/www.ntf.uni-lj.si\/toi\/wp-json\/wp\/v2\/pages\/20875\/revisions\/20891"}],"up":[{"embeddable":true,"href":"https:\/\/www.ntf.uni-lj.si\/toi\/wp-json\/wp\/v2\/pages\/20476"}],"wp:attachment":[{"href":"https:\/\/www.ntf.uni-lj.si\/toi\/wp-json\/wp\/v2\/media?parent=20875"}],"curies":[{"name":"wp","href":"https:\/\/api.w.org\/{rel}","templated":true}]}}