{"id":217,"date":"2015-03-24T07:01:05","date_gmt":"2015-03-24T07:01:05","guid":{"rendered":"http:\/\/www.ntf.uni-lj.si\/toi\/?page_id=217"},"modified":"2018-03-06T11:50:30","modified_gmt":"2018-03-06T10:50:30","slug":"analize","status":"publish","type":"page","link":"https:\/\/www.ntf.uni-lj.si\/toi\/o-nas\/institut-itgto\/analize\/","title":{"rendered":"Analize"},"content":{"rendered":"<table class=\"table\" border=\"0\" width=\"100%\" cellspacing=\"0\" cellpadding=\"0\">\n<tbody>\n<tr class=\"bg1\">\n<td><\/td>\n<td><strong>ANALIZA<\/strong><\/td>\n<td><strong>STANDARD<\/strong><\/td>\n<\/tr>\n<tr>\n<td>1.<\/td>\n<td>Dol\u017einska masa<\/td>\n<td>SIST EN ISO 1973<\/td>\n<\/tr>\n<tr>\n<td>2.<\/td>\n<td>Premer vlaken<\/td>\n<td>SIST ISO 137<\/td>\n<\/tr>\n<tr>\n<td>3.<\/td>\n<td>Dvolomnost vlaken<\/td>\n<td>&#8211;<\/td>\n<\/tr>\n<tr>\n<td>4.<\/td>\n<td>Pretr\u017ena sila in pretr\u017eni raztezek vlaken<\/td>\n<td>SIST ISO 5079<\/td>\n<\/tr>\n<tr>\n<td>5.<\/td>\n<td>Pretr\u017ena napetost ploskega snopa vlaken<\/td>\n<td>SIST ISO 3060<\/td>\n<\/tr>\n<tr>\n<td>6.<\/td>\n<td>Dol\u017eina in porazdelitev dol\u017ein vlaken<\/td>\n<td>SIST ISO 6989<\/td>\n<\/tr>\n<tr>\n<td>7.<\/td>\n<td>Zrelost bomba\u017ea<\/td>\n<td>ASTM D 1442 \u2013 06<\/td>\n<\/tr>\n<tr>\n<td>8.<\/td>\n<td>\u0160tevilo kodrov<\/td>\n<td>DIN 53 840 Teil 1<\/td>\n<\/tr>\n<tr>\n<td>9.<\/td>\n<td>Aviva\u017ea, preparacija<\/td>\n<td>DIN 54278-1<\/td>\n<\/tr>\n<tr>\n<td>10.<\/td>\n<td>Tali\u0161\u010de vlaken<\/td>\n<td>SIST EN ISO 3146 (metoda B)<\/td>\n<\/tr>\n<tr>\n<td>11.<\/td>\n<td>Surovinska sestava \u2013 2 komponenti<\/td>\n<td>SIST EN ISO 1833<\/td>\n<\/tr>\n<tr>\n<td>12.<\/td>\n<td>Polimerizacijska stopnja bomba\u017ea<\/td>\n<td>&#8211;<\/td>\n<\/tr>\n<tr>\n<td>13.<\/td>\n<td>Dolo\u010danje vlage<\/td>\n<td>SIST ISO 6741<\/td>\n<\/tr>\n<tr>\n<td>14.<\/td>\n<td>Po\u0161kodbe vlaken \u2013 kemi\u010dne<\/td>\n<td>&#8211;<\/td>\n<\/tr>\n<tr>\n<td>15.<\/td>\n<td>SEM ali OM posnetek ali FTIR spekter \u2013 1 posnetek<\/td>\n<td>&#8211;<\/td>\n<\/tr>\n<tr>\n<td>16.<\/td>\n<td> SEM analiza (cena na uro)<\/td>\n<td>&#8211;<\/td>\n<\/tr>\n<tr>\n<td>17.<\/td>\n<td>FTIR (cena na uro)<\/td>\n<td>&#8211;<\/td>\n<\/tr>\n<tr>\n<td>18.<\/td>\n<td>Fotografiranje in digitalna obdelava fotografij<br \/>\n(cena na uro)<\/td>\n<td>&#8211;<\/td>\n<\/tr>\n<\/tbody>\n<\/table>\n","protected":false},"excerpt":{"rendered":"ANALIZA STANDARD 1. Dol\u017einska masa SIST EN ISO 1973 2. Premer vlaken SIST ISO 137 3. Dvolomnost vlaken &#8211; 4. Pretr\u017ena sila in pretr\u017eni raztezek vlaken SIST ISO 5079 5. Pretr\u017ena napetost ploskega snopa vlaken SIST ISO 3060 6. Dol\u017eina in porazdelitev dol\u017ein vlaken SIST ISO 6989 7. Zrelost bomba\u017ea ASTM D 1442 \u2013 06 &#8230; <a class=\"view-article\" href=\"https:\/\/www.ntf.uni-lj.si\/toi\/o-nas\/institut-itgto\/analize\/\">Read more<\/a>","protected":false},"author":26,"featured_media":0,"parent":204,"menu_order":20,"comment_status":"closed","ping_status":"closed","template":"","meta":[],"acf":[],"yoast_head":"<!-- This site is optimized with the Yoast SEO plugin v17.0 - https:\/\/yoast.com\/wordpress\/plugins\/seo\/ -->\n<meta name=\"robots\" content=\"index, follow, max-snippet:-1, max-image-preview:large, max-video-preview:-1\" \/>\n<link rel=\"canonical\" href=\"https:\/\/www.ntf.uni-lj.si\/toi\/o-nas\/institut-itgto\/analize\/\" \/>\n<meta property=\"og:locale\" content=\"en_US\" \/>\n<meta property=\"og:type\" content=\"article\" \/>\n<meta property=\"og:title\" content=\"Analize - TOI\" \/>\n<meta property=\"og:description\" content=\"ANALIZA STANDARD 1. Dol\u017einska masa SIST EN ISO 1973 2. Premer vlaken SIST ISO 137 3. Dvolomnost vlaken &#8211; 4. Pretr\u017ena sila in pretr\u017eni raztezek vlaken SIST ISO 5079 5. Pretr\u017ena napetost ploskega snopa vlaken SIST ISO 3060 6. Dol\u017eina in porazdelitev dol\u017ein vlaken SIST ISO 6989 7. Zrelost bomba\u017ea ASTM D 1442 \u2013 06 ... Read more\" \/>\n<meta property=\"og:url\" content=\"https:\/\/www.ntf.uni-lj.si\/toi\/o-nas\/institut-itgto\/analize\/\" \/>\n<meta property=\"og:site_name\" content=\"TOI\" \/>\n<meta property=\"article:modified_time\" content=\"2018-03-06T10:50:30+00:00\" \/>\n<meta name=\"twitter:label1\" content=\"Est. reading time\" \/>\n\t<meta name=\"twitter:data1\" content=\"1 minute\" \/>\n<script type=\"application\/ld+json\" class=\"yoast-schema-graph\">{\"@context\":\"https:\/\/schema.org\",\"@graph\":[{\"@type\":\"WebSite\",\"@id\":\"https:\/\/www.ntf.uni-lj.si\/toi\/#website\",\"url\":\"https:\/\/www.ntf.uni-lj.si\/toi\/\",\"name\":\"TOI\",\"description\":\"Katedra za tekstilno in obla\\u010dilno in\\u017eenirstvo\",\"potentialAction\":[{\"@type\":\"SearchAction\",\"target\":{\"@type\":\"EntryPoint\",\"urlTemplate\":\"https:\/\/www.ntf.uni-lj.si\/toi\/?s={search_term_string}\"},\"query-input\":\"required name=search_term_string\"}],\"inLanguage\":\"en-US\"},{\"@type\":\"WebPage\",\"@id\":\"https:\/\/www.ntf.uni-lj.si\/toi\/o-nas\/institut-itgto\/analize\/#webpage\",\"url\":\"https:\/\/www.ntf.uni-lj.si\/toi\/o-nas\/institut-itgto\/analize\/\",\"name\":\"Analize - TOI\",\"isPartOf\":{\"@id\":\"https:\/\/www.ntf.uni-lj.si\/toi\/#website\"},\"datePublished\":\"2015-03-24T07:01:05+00:00\",\"dateModified\":\"2018-03-06T10:50:30+00:00\",\"breadcrumb\":{\"@id\":\"https:\/\/www.ntf.uni-lj.si\/toi\/o-nas\/institut-itgto\/analize\/#breadcrumb\"},\"inLanguage\":\"en-US\",\"potentialAction\":[{\"@type\":\"ReadAction\",\"target\":[\"https:\/\/www.ntf.uni-lj.si\/toi\/o-nas\/institut-itgto\/analize\/\"]}]},{\"@type\":\"BreadcrumbList\",\"@id\":\"https:\/\/www.ntf.uni-lj.si\/toi\/o-nas\/institut-itgto\/analize\/#breadcrumb\",\"itemListElement\":[{\"@type\":\"ListItem\",\"position\":1,\"name\":\"Domov\",\"item\":\"https:\/\/www.ntf.uni-lj.si\/toi\/\"},{\"@type\":\"ListItem\",\"position\":2,\"name\":\"O nas\",\"item\":\"https:\/\/www.ntf.uni-lj.si\/toi\/o-nas\/\"},{\"@type\":\"ListItem\",\"position\":3,\"name\":\"In\\u0161titut (ITGTO)\",\"item\":\"https:\/\/www.ntf.uni-lj.si\/toi\/o-nas\/institut-itgto\/\"},{\"@type\":\"ListItem\",\"position\":4,\"name\":\"Analize\"}]}]}<\/script>\n<!-- \/ Yoast SEO plugin. -->","yoast_head_json":{"robots":{"index":"index","follow":"follow","max-snippet":"max-snippet:-1","max-image-preview":"max-image-preview:large","max-video-preview":"max-video-preview:-1"},"canonical":"https:\/\/www.ntf.uni-lj.si\/toi\/o-nas\/institut-itgto\/analize\/","og_locale":"en_US","og_type":"article","og_title":"Analize - TOI","og_description":"ANALIZA STANDARD 1. Dol\u017einska masa SIST EN ISO 1973 2. Premer vlaken SIST ISO 137 3. Dvolomnost vlaken &#8211; 4. Pretr\u017ena sila in pretr\u017eni raztezek vlaken SIST ISO 5079 5. Pretr\u017ena napetost ploskega snopa vlaken SIST ISO 3060 6. Dol\u017eina in porazdelitev dol\u017ein vlaken SIST ISO 6989 7. Zrelost bomba\u017ea ASTM D 1442 \u2013 06 ... Read more","og_url":"https:\/\/www.ntf.uni-lj.si\/toi\/o-nas\/institut-itgto\/analize\/","og_site_name":"TOI","article_modified_time":"2018-03-06T10:50:30+00:00","twitter_misc":{"Est. reading time":"1 minute"},"schema":{"@context":"https:\/\/schema.org","@graph":[{"@type":"WebSite","@id":"https:\/\/www.ntf.uni-lj.si\/toi\/#website","url":"https:\/\/www.ntf.uni-lj.si\/toi\/","name":"TOI","description":"Katedra za tekstilno in obla\u010dilno in\u017eenirstvo","potentialAction":[{"@type":"SearchAction","target":{"@type":"EntryPoint","urlTemplate":"https:\/\/www.ntf.uni-lj.si\/toi\/?s={search_term_string}"},"query-input":"required name=search_term_string"}],"inLanguage":"en-US"},{"@type":"WebPage","@id":"https:\/\/www.ntf.uni-lj.si\/toi\/o-nas\/institut-itgto\/analize\/#webpage","url":"https:\/\/www.ntf.uni-lj.si\/toi\/o-nas\/institut-itgto\/analize\/","name":"Analize - TOI","isPartOf":{"@id":"https:\/\/www.ntf.uni-lj.si\/toi\/#website"},"datePublished":"2015-03-24T07:01:05+00:00","dateModified":"2018-03-06T10:50:30+00:00","breadcrumb":{"@id":"https:\/\/www.ntf.uni-lj.si\/toi\/o-nas\/institut-itgto\/analize\/#breadcrumb"},"inLanguage":"en-US","potentialAction":[{"@type":"ReadAction","target":["https:\/\/www.ntf.uni-lj.si\/toi\/o-nas\/institut-itgto\/analize\/"]}]},{"@type":"BreadcrumbList","@id":"https:\/\/www.ntf.uni-lj.si\/toi\/o-nas\/institut-itgto\/analize\/#breadcrumb","itemListElement":[{"@type":"ListItem","position":1,"name":"Domov","item":"https:\/\/www.ntf.uni-lj.si\/toi\/"},{"@type":"ListItem","position":2,"name":"O nas","item":"https:\/\/www.ntf.uni-lj.si\/toi\/o-nas\/"},{"@type":"ListItem","position":3,"name":"In\u0161titut (ITGTO)","item":"https:\/\/www.ntf.uni-lj.si\/toi\/o-nas\/institut-itgto\/"},{"@type":"ListItem","position":4,"name":"Analize"}]}]}},"_links":{"self":[{"href":"https:\/\/www.ntf.uni-lj.si\/toi\/wp-json\/wp\/v2\/pages\/217"}],"collection":[{"href":"https:\/\/www.ntf.uni-lj.si\/toi\/wp-json\/wp\/v2\/pages"}],"about":[{"href":"https:\/\/www.ntf.uni-lj.si\/toi\/wp-json\/wp\/v2\/types\/page"}],"author":[{"embeddable":true,"href":"https:\/\/www.ntf.uni-lj.si\/toi\/wp-json\/wp\/v2\/users\/26"}],"replies":[{"embeddable":true,"href":"https:\/\/www.ntf.uni-lj.si\/toi\/wp-json\/wp\/v2\/comments?post=217"}],"version-history":[{"count":16,"href":"https:\/\/www.ntf.uni-lj.si\/toi\/wp-json\/wp\/v2\/pages\/217\/revisions"}],"predecessor-version":[{"id":11102,"href":"https:\/\/www.ntf.uni-lj.si\/toi\/wp-json\/wp\/v2\/pages\/217\/revisions\/11102"}],"up":[{"embeddable":true,"href":"https:\/\/www.ntf.uni-lj.si\/toi\/wp-json\/wp\/v2\/pages\/204"}],"wp:attachment":[{"href":"https:\/\/www.ntf.uni-lj.si\/toi\/wp-json\/wp\/v2\/media?parent=217"}],"curies":[{"name":"wp","href":"https:\/\/api.w.org\/{rel}","templated":true}]}}