{"id":235,"date":"2015-03-24T07:04:03","date_gmt":"2015-03-24T07:04:03","guid":{"rendered":"http:\/\/www.ntf.uni-lj.si\/toi\/?page_id=235"},"modified":"2015-07-01T14:12:20","modified_gmt":"2015-07-01T12:12:20","slug":"vzdrzevanje-tekstila-in-obutve","status":"publish","type":"page","link":"https:\/\/www.ntf.uni-lj.si\/toi\/o-nas\/institut-itgto\/uporabno\/vzdrzevanje-tekstila-in-obutve\/","title":{"rendered":"Vzdr\u017eevanje tekstila in obutve"},"content":{"rendered":"<p>Glede na predpis o ozna\u010devanju tekstilnih izdelkov je v Sloveniji ozna\u010devanje nege NEOBVEZNO. Ker je v Sloveniji obvezna zgolj navedba surovinske sestave tekstilnih izdelkov, so oznake za vzdr\u017eevanje le dodatek oziroma pomo\u010d potro\u0161nikom pri negi izdelka.<\/p>\n<p>Oznake, ki se uporabljajo za vzdr\u017eevanje tekstila, so v obliki piktogramov in so dolo\u010dene po standardu SIST EN ISO 3758:2011 (Tekstilije \u2013 Ozna\u010devanje nege s simboli).<\/p>\n<p>Oznake za vzdr\u017eevanje morajo na tekstilu obvezno navesti v naslednjih dr\u017eavah EU: Avstrija, Bolgarija, \u010ce\u0161ka, Estonija, Finska, Litva, Latvija, Mad\u017earska, Poljska, Romunija in Slova\u0161ka.<\/p>\n<p>Ve\u010d o ozna\u010devanju nege, postopkih nege in simbolih za ozna\u010devanje nege (mednarodnih, ameri\u0161kih, kitajskih itd.) najdete na spletni strani <a href=\"http:\/\/www.oznake-tekstila.si\" target=\"_blank\">www.oznake-tekstila.si<\/a>.<\/p>\n","protected":false},"excerpt":{"rendered":"Glede na predpis o ozna\u010devanju tekstilnih izdelkov je v Sloveniji ozna\u010devanje nege NEOBVEZNO. Ker je v Sloveniji obvezna zgolj navedba surovinske sestave tekstilnih izdelkov, so oznake za vzdr\u017eevanje le dodatek oziroma pomo\u010d potro\u0161nikom pri negi izdelka. Oznake, ki se uporabljajo za vzdr\u017eevanje tekstila, so v obliki piktogramov in so dolo\u010dene po standardu SIST EN ISO &#8230; <a class=\"view-article\" href=\"https:\/\/www.ntf.uni-lj.si\/toi\/o-nas\/institut-itgto\/uporabno\/vzdrzevanje-tekstila-in-obutve\/\">Read more<\/a>","protected":false},"author":26,"featured_media":0,"parent":223,"menu_order":20,"comment_status":"closed","ping_status":"closed","template":"","meta":[],"acf":[],"yoast_head":"<!-- This site is optimized with the Yoast SEO plugin v17.0 - https:\/\/yoast.com\/wordpress\/plugins\/seo\/ -->\n<meta name=\"robots\" content=\"index, follow, max-snippet:-1, max-image-preview:large, max-video-preview:-1\" \/>\n<link rel=\"canonical\" href=\"https:\/\/www.ntf.uni-lj.si\/toi\/o-nas\/institut-itgto\/uporabno\/vzdrzevanje-tekstila-in-obutve\/\" \/>\n<meta property=\"og:locale\" content=\"en_US\" \/>\n<meta property=\"og:type\" content=\"article\" \/>\n<meta property=\"og:title\" content=\"Vzdr\u017eevanje tekstila in obutve - TOI\" \/>\n<meta property=\"og:description\" content=\"Glede na predpis o ozna\u010devanju tekstilnih izdelkov je v Sloveniji ozna\u010devanje nege NEOBVEZNO. Ker je v Sloveniji obvezna zgolj navedba surovinske sestave tekstilnih izdelkov, so oznake za vzdr\u017eevanje le dodatek oziroma pomo\u010d potro\u0161nikom pri negi izdelka. Oznake, ki se uporabljajo za vzdr\u017eevanje tekstila, so v obliki piktogramov in so dolo\u010dene po standardu SIST EN ISO ... Read more\" \/>\n<meta property=\"og:url\" content=\"https:\/\/www.ntf.uni-lj.si\/toi\/o-nas\/institut-itgto\/uporabno\/vzdrzevanje-tekstila-in-obutve\/\" \/>\n<meta property=\"og:site_name\" content=\"TOI\" \/>\n<meta property=\"article:modified_time\" content=\"2015-07-01T12:12:20+00:00\" \/>\n<meta name=\"twitter:label1\" content=\"Est. reading time\" \/>\n\t<meta name=\"twitter:data1\" content=\"1 minute\" \/>\n<script type=\"application\/ld+json\" class=\"yoast-schema-graph\">{\"@context\":\"https:\/\/schema.org\",\"@graph\":[{\"@type\":\"WebSite\",\"@id\":\"https:\/\/www.ntf.uni-lj.si\/toi\/#website\",\"url\":\"https:\/\/www.ntf.uni-lj.si\/toi\/\",\"name\":\"TOI\",\"description\":\"Katedra za tekstilno in obla\\u010dilno in\\u017eenirstvo\",\"potentialAction\":[{\"@type\":\"SearchAction\",\"target\":{\"@type\":\"EntryPoint\",\"urlTemplate\":\"https:\/\/www.ntf.uni-lj.si\/toi\/?s={search_term_string}\"},\"query-input\":\"required name=search_term_string\"}],\"inLanguage\":\"en-US\"},{\"@type\":\"WebPage\",\"@id\":\"https:\/\/www.ntf.uni-lj.si\/toi\/o-nas\/institut-itgto\/uporabno\/vzdrzevanje-tekstila-in-obutve\/#webpage\",\"url\":\"https:\/\/www.ntf.uni-lj.si\/toi\/o-nas\/institut-itgto\/uporabno\/vzdrzevanje-tekstila-in-obutve\/\",\"name\":\"Vzdr\\u017eevanje tekstila in obutve - TOI\",\"isPartOf\":{\"@id\":\"https:\/\/www.ntf.uni-lj.si\/toi\/#website\"},\"datePublished\":\"2015-03-24T07:04:03+00:00\",\"dateModified\":\"2015-07-01T12:12:20+00:00\",\"breadcrumb\":{\"@id\":\"https:\/\/www.ntf.uni-lj.si\/toi\/o-nas\/institut-itgto\/uporabno\/vzdrzevanje-tekstila-in-obutve\/#breadcrumb\"},\"inLanguage\":\"en-US\",\"potentialAction\":[{\"@type\":\"ReadAction\",\"target\":[\"https:\/\/www.ntf.uni-lj.si\/toi\/o-nas\/institut-itgto\/uporabno\/vzdrzevanje-tekstila-in-obutve\/\"]}]},{\"@type\":\"BreadcrumbList\",\"@id\":\"https:\/\/www.ntf.uni-lj.si\/toi\/o-nas\/institut-itgto\/uporabno\/vzdrzevanje-tekstila-in-obutve\/#breadcrumb\",\"itemListElement\":[{\"@type\":\"ListItem\",\"position\":1,\"name\":\"Domov\",\"item\":\"https:\/\/www.ntf.uni-lj.si\/toi\/\"},{\"@type\":\"ListItem\",\"position\":2,\"name\":\"O nas\",\"item\":\"https:\/\/www.ntf.uni-lj.si\/toi\/o-nas\/\"},{\"@type\":\"ListItem\",\"position\":3,\"name\":\"In\\u0161titut (ITGTO)\",\"item\":\"https:\/\/www.ntf.uni-lj.si\/toi\/o-nas\/institut-itgto\/\"},{\"@type\":\"ListItem\",\"position\":4,\"name\":\"Uporabno\",\"item\":\"https:\/\/www.ntf.uni-lj.si\/toi\/o-nas\/institut-itgto\/uporabno\/\"},{\"@type\":\"ListItem\",\"position\":5,\"name\":\"Vzdr\\u017eevanje tekstila in obutve\"}]}]}<\/script>\n<!-- \/ Yoast SEO plugin. -->","yoast_head_json":{"robots":{"index":"index","follow":"follow","max-snippet":"max-snippet:-1","max-image-preview":"max-image-preview:large","max-video-preview":"max-video-preview:-1"},"canonical":"https:\/\/www.ntf.uni-lj.si\/toi\/o-nas\/institut-itgto\/uporabno\/vzdrzevanje-tekstila-in-obutve\/","og_locale":"en_US","og_type":"article","og_title":"Vzdr\u017eevanje tekstila in obutve - TOI","og_description":"Glede na predpis o ozna\u010devanju tekstilnih izdelkov je v Sloveniji ozna\u010devanje nege NEOBVEZNO. Ker je v Sloveniji obvezna zgolj navedba surovinske sestave tekstilnih izdelkov, so oznake za vzdr\u017eevanje le dodatek oziroma pomo\u010d potro\u0161nikom pri negi izdelka. Oznake, ki se uporabljajo za vzdr\u017eevanje tekstila, so v obliki piktogramov in so dolo\u010dene po standardu SIST EN ISO ... Read more","og_url":"https:\/\/www.ntf.uni-lj.si\/toi\/o-nas\/institut-itgto\/uporabno\/vzdrzevanje-tekstila-in-obutve\/","og_site_name":"TOI","article_modified_time":"2015-07-01T12:12:20+00:00","twitter_misc":{"Est. reading time":"1 minute"},"schema":{"@context":"https:\/\/schema.org","@graph":[{"@type":"WebSite","@id":"https:\/\/www.ntf.uni-lj.si\/toi\/#website","url":"https:\/\/www.ntf.uni-lj.si\/toi\/","name":"TOI","description":"Katedra za tekstilno in obla\u010dilno in\u017eenirstvo","potentialAction":[{"@type":"SearchAction","target":{"@type":"EntryPoint","urlTemplate":"https:\/\/www.ntf.uni-lj.si\/toi\/?s={search_term_string}"},"query-input":"required name=search_term_string"}],"inLanguage":"en-US"},{"@type":"WebPage","@id":"https:\/\/www.ntf.uni-lj.si\/toi\/o-nas\/institut-itgto\/uporabno\/vzdrzevanje-tekstila-in-obutve\/#webpage","url":"https:\/\/www.ntf.uni-lj.si\/toi\/o-nas\/institut-itgto\/uporabno\/vzdrzevanje-tekstila-in-obutve\/","name":"Vzdr\u017eevanje tekstila in obutve - TOI","isPartOf":{"@id":"https:\/\/www.ntf.uni-lj.si\/toi\/#website"},"datePublished":"2015-03-24T07:04:03+00:00","dateModified":"2015-07-01T12:12:20+00:00","breadcrumb":{"@id":"https:\/\/www.ntf.uni-lj.si\/toi\/o-nas\/institut-itgto\/uporabno\/vzdrzevanje-tekstila-in-obutve\/#breadcrumb"},"inLanguage":"en-US","potentialAction":[{"@type":"ReadAction","target":["https:\/\/www.ntf.uni-lj.si\/toi\/o-nas\/institut-itgto\/uporabno\/vzdrzevanje-tekstila-in-obutve\/"]}]},{"@type":"BreadcrumbList","@id":"https:\/\/www.ntf.uni-lj.si\/toi\/o-nas\/institut-itgto\/uporabno\/vzdrzevanje-tekstila-in-obutve\/#breadcrumb","itemListElement":[{"@type":"ListItem","position":1,"name":"Domov","item":"https:\/\/www.ntf.uni-lj.si\/toi\/"},{"@type":"ListItem","position":2,"name":"O nas","item":"https:\/\/www.ntf.uni-lj.si\/toi\/o-nas\/"},{"@type":"ListItem","position":3,"name":"In\u0161titut (ITGTO)","item":"https:\/\/www.ntf.uni-lj.si\/toi\/o-nas\/institut-itgto\/"},{"@type":"ListItem","position":4,"name":"Uporabno","item":"https:\/\/www.ntf.uni-lj.si\/toi\/o-nas\/institut-itgto\/uporabno\/"},{"@type":"ListItem","position":5,"name":"Vzdr\u017eevanje tekstila in obutve"}]}]}},"_links":{"self":[{"href":"https:\/\/www.ntf.uni-lj.si\/toi\/wp-json\/wp\/v2\/pages\/235"}],"collection":[{"href":"https:\/\/www.ntf.uni-lj.si\/toi\/wp-json\/wp\/v2\/pages"}],"about":[{"href":"https:\/\/www.ntf.uni-lj.si\/toi\/wp-json\/wp\/v2\/types\/page"}],"author":[{"embeddable":true,"href":"https:\/\/www.ntf.uni-lj.si\/toi\/wp-json\/wp\/v2\/users\/26"}],"replies":[{"embeddable":true,"href":"https:\/\/www.ntf.uni-lj.si\/toi\/wp-json\/wp\/v2\/comments?post=235"}],"version-history":[{"count":3,"href":"https:\/\/www.ntf.uni-lj.si\/toi\/wp-json\/wp\/v2\/pages\/235\/revisions"}],"predecessor-version":[{"id":1393,"href":"https:\/\/www.ntf.uni-lj.si\/toi\/wp-json\/wp\/v2\/pages\/235\/revisions\/1393"}],"up":[{"embeddable":true,"href":"https:\/\/www.ntf.uni-lj.si\/toi\/wp-json\/wp\/v2\/pages\/223"}],"wp:attachment":[{"href":"https:\/\/www.ntf.uni-lj.si\/toi\/wp-json\/wp\/v2\/media?parent=235"}],"curies":[{"name":"wp","href":"https:\/\/api.w.org\/{rel}","templated":true}]}}