{"id":313,"date":"2015-03-24T09:18:49","date_gmt":"2015-03-24T09:18:49","guid":{"rendered":"http:\/\/www.ntf.uni-lj.si\/toi\/?page_id=313"},"modified":"2016-06-15T09:31:05","modified_gmt":"2016-06-15T07:31:05","slug":"prehodi-med-programi","status":"publish","type":"page","link":"https:\/\/www.ntf.uni-lj.si\/toi\/studij\/2-stopnja\/nacrtovanje-tekstilij-in-oblacil-mag\/ostale-informacije-2-2\/prehodi-med-programi\/","title":{"rendered":"Prehodi med programi"},"content":{"rendered":"<p>Prehodi  med  programi  so  mogo\u010di  znotraj  programov  druge  stopnje Naravoslovnotehni\u0161ke fakultete, Oddelka za tekstilstvo, grafiko in oblikovanje in drugih fakultet  skladno  z  Zakonom  o visokem \u0161olstvu in Merili za prehode med \u0161tudijskimi programi ter drugimi predpisi.<br \/>\n<strong><br \/>\nPri prehodih med programi se upo\u0161tevajo naslednja merila:<\/strong><\/p>\n<ul>\n<li>izpolnjevanje pogojev za vpis v novi \u0161tudijski program,\n<li>obseg razpolo\u017eljivih mest,\n<li>letniki ali semestri v prej\u0161njem \u0161tudijskem programu, v katerih je \u0161tudent opravil vse \u0161tudijske bveznosti in ki se lahko priznajo v celoti,\n<li>minimalno \u0161tevilo semestrov, ki jih mora \u0161tudent opraviti, \u010de \u017eeli diplomirati v novem programu.\t<\/li>\n<\/ul>\n<p><strong>Mogo\u010d je prehod:<\/strong><\/p>\n<ul>\n<li>a) iz \u0161tudijskih programov druge stopnje z naslednjih strokovnih podro\u010dij: grafi\u010dne in interaktivne komunikacije, ra\u010dunalni\u0161tvo, informatika in mediji,\n<li>b) iz \u0161tudijskih programov druge stopnje z drugih strokovnih podro\u010dij,\n<li>c) iz univerzitetnih \u0161tudijskih programov pred uvedbo Bolonjske deklaracije z naslednjih strokovnih podro\u010dij: grafi\u010dne in interaktivne komunikacije, ra\u010dunalni\u0161tvo, informatika in mediji,\n<li>d) iz univerzitetnih \u0161tudijskih programov pred uvedbo Bolonjske deklaracije z drugih strokovnih podro\u010dij.<\/li>\n<\/ul>\n<p>Kandidati morajo izpolnjevati pogoje za vpis v program, v katerega prehajajo. \u0160tudijska komisija NTF za vsakega kandidata posebej dolo\u010di obveznosti, ki jih mora opraviti pred vpisom ob prehodu v novi program, in opredeli, v kateri letnik se lahko kandidat vpi\u0161e.<\/p>\n","protected":false},"excerpt":{"rendered":"Prehodi med programi so mogo\u010di znotraj programov druge stopnje Naravoslovnotehni\u0161ke fakultete, Oddelka za tekstilstvo, grafiko in oblikovanje in drugih fakultet skladno z Zakonom o visokem \u0161olstvu in Merili za prehode med \u0161tudijskimi programi ter drugimi predpisi. Pri prehodih med programi se upo\u0161tevajo naslednja merila: izpolnjevanje pogojev za vpis v novi \u0161tudijski program, obseg razpolo\u017eljivih mest, &#8230; <a class=\"view-article\" href=\"https:\/\/www.ntf.uni-lj.si\/toi\/studij\/2-stopnja\/nacrtovanje-tekstilij-in-oblacil-mag\/ostale-informacije-2-2\/prehodi-med-programi\/\">Read more<\/a>","protected":false},"author":15,"featured_media":0,"parent":295,"menu_order":30,"comment_status":"closed","ping_status":"closed","template":"","meta":[],"acf":[],"yoast_head":"<!-- This site is optimized with the Yoast SEO plugin v17.0 - https:\/\/yoast.com\/wordpress\/plugins\/seo\/ -->\n<meta name=\"robots\" content=\"index, follow, max-snippet:-1, max-image-preview:large, max-video-preview:-1\" \/>\n<link rel=\"canonical\" href=\"https:\/\/www.ntf.uni-lj.si\/toi\/studij\/2-stopnja\/nacrtovanje-tekstilij-in-oblacil-mag\/ostale-informacije-2-2\/prehodi-med-programi\/\" \/>\n<meta property=\"og:locale\" content=\"en_US\" \/>\n<meta property=\"og:type\" content=\"article\" \/>\n<meta property=\"og:title\" content=\"Prehodi med programi - TOI\" \/>\n<meta property=\"og:description\" content=\"Prehodi med programi so mogo\u010di znotraj programov druge stopnje Naravoslovnotehni\u0161ke fakultete, Oddelka za tekstilstvo, grafiko in oblikovanje in drugih fakultet skladno z Zakonom o visokem \u0161olstvu in Merili za prehode med \u0161tudijskimi programi ter drugimi predpisi. Pri prehodih med programi se upo\u0161tevajo naslednja merila: izpolnjevanje pogojev za vpis v novi \u0161tudijski program, obseg razpolo\u017eljivih mest, ... Read more\" \/>\n<meta property=\"og:url\" content=\"https:\/\/www.ntf.uni-lj.si\/toi\/studij\/2-stopnja\/nacrtovanje-tekstilij-in-oblacil-mag\/ostale-informacije-2-2\/prehodi-med-programi\/\" \/>\n<meta property=\"og:site_name\" content=\"TOI\" \/>\n<meta property=\"article:modified_time\" content=\"2016-06-15T07:31:05+00:00\" \/>\n<meta name=\"twitter:label1\" content=\"Est. reading time\" \/>\n\t<meta name=\"twitter:data1\" content=\"1 minute\" \/>\n<script type=\"application\/ld+json\" class=\"yoast-schema-graph\">{\"@context\":\"https:\/\/schema.org\",\"@graph\":[{\"@type\":\"WebSite\",\"@id\":\"https:\/\/www.ntf.uni-lj.si\/toi\/#website\",\"url\":\"https:\/\/www.ntf.uni-lj.si\/toi\/\",\"name\":\"TOI\",\"description\":\"Katedra za tekstilno in obla\\u010dilno in\\u017eenirstvo\",\"potentialAction\":[{\"@type\":\"SearchAction\",\"target\":{\"@type\":\"EntryPoint\",\"urlTemplate\":\"https:\/\/www.ntf.uni-lj.si\/toi\/?s={search_term_string}\"},\"query-input\":\"required name=search_term_string\"}],\"inLanguage\":\"en-US\"},{\"@type\":\"WebPage\",\"@id\":\"https:\/\/www.ntf.uni-lj.si\/toi\/studij\/2-stopnja\/nacrtovanje-tekstilij-in-oblacil-mag\/ostale-informacije-2-2\/prehodi-med-programi\/#webpage\",\"url\":\"https:\/\/www.ntf.uni-lj.si\/toi\/studij\/2-stopnja\/nacrtovanje-tekstilij-in-oblacil-mag\/ostale-informacije-2-2\/prehodi-med-programi\/\",\"name\":\"Prehodi med programi - TOI\",\"isPartOf\":{\"@id\":\"https:\/\/www.ntf.uni-lj.si\/toi\/#website\"},\"datePublished\":\"2015-03-24T09:18:49+00:00\",\"dateModified\":\"2016-06-15T07:31:05+00:00\",\"breadcrumb\":{\"@id\":\"https:\/\/www.ntf.uni-lj.si\/toi\/studij\/2-stopnja\/nacrtovanje-tekstilij-in-oblacil-mag\/ostale-informacije-2-2\/prehodi-med-programi\/#breadcrumb\"},\"inLanguage\":\"en-US\",\"potentialAction\":[{\"@type\":\"ReadAction\",\"target\":[\"https:\/\/www.ntf.uni-lj.si\/toi\/studij\/2-stopnja\/nacrtovanje-tekstilij-in-oblacil-mag\/ostale-informacije-2-2\/prehodi-med-programi\/\"]}]},{\"@type\":\"BreadcrumbList\",\"@id\":\"https:\/\/www.ntf.uni-lj.si\/toi\/studij\/2-stopnja\/nacrtovanje-tekstilij-in-oblacil-mag\/ostale-informacije-2-2\/prehodi-med-programi\/#breadcrumb\",\"itemListElement\":[{\"@type\":\"ListItem\",\"position\":1,\"name\":\"Domov\",\"item\":\"https:\/\/www.ntf.uni-lj.si\/toi\/\"},{\"@type\":\"ListItem\",\"position\":2,\"name\":\"\\u0160tudij\",\"item\":\"https:\/\/www.ntf.uni-lj.si\/toi\/studij\/\"},{\"@type\":\"ListItem\",\"position\":3,\"name\":\"2. stopnja\",\"item\":\"https:\/\/www.ntf.uni-lj.si\/toi\/studij\/2-stopnja\/\"},{\"@type\":\"ListItem\",\"position\":4,\"name\":\"Na\\u010drtovanje tekstilij in obla\\u010dil (MAG)\",\"item\":\"https:\/\/www.ntf.uni-lj.si\/toi\/studij\/2-stopnja\/nacrtovanje-tekstilij-in-oblacil-mag\/\"},{\"@type\":\"ListItem\",\"position\":5,\"name\":\"Ostale informacije\",\"item\":\"https:\/\/www.ntf.uni-lj.si\/toi\/studij\/2-stopnja\/nacrtovanje-tekstilij-in-oblacil-mag\/ostale-informacije-2-2\/\"},{\"@type\":\"ListItem\",\"position\":6,\"name\":\"Prehodi med programi\"}]}]}<\/script>\n<!-- \/ Yoast SEO plugin. -->","yoast_head_json":{"robots":{"index":"index","follow":"follow","max-snippet":"max-snippet:-1","max-image-preview":"max-image-preview:large","max-video-preview":"max-video-preview:-1"},"canonical":"https:\/\/www.ntf.uni-lj.si\/toi\/studij\/2-stopnja\/nacrtovanje-tekstilij-in-oblacil-mag\/ostale-informacije-2-2\/prehodi-med-programi\/","og_locale":"en_US","og_type":"article","og_title":"Prehodi med programi - TOI","og_description":"Prehodi med programi so mogo\u010di znotraj programov druge stopnje Naravoslovnotehni\u0161ke fakultete, Oddelka za tekstilstvo, grafiko in oblikovanje in drugih fakultet skladno z Zakonom o visokem \u0161olstvu in Merili za prehode med \u0161tudijskimi programi ter drugimi predpisi. Pri prehodih med programi se upo\u0161tevajo naslednja merila: izpolnjevanje pogojev za vpis v novi \u0161tudijski program, obseg razpolo\u017eljivih mest, ... Read more","og_url":"https:\/\/www.ntf.uni-lj.si\/toi\/studij\/2-stopnja\/nacrtovanje-tekstilij-in-oblacil-mag\/ostale-informacije-2-2\/prehodi-med-programi\/","og_site_name":"TOI","article_modified_time":"2016-06-15T07:31:05+00:00","twitter_misc":{"Est. reading time":"1 minute"},"schema":{"@context":"https:\/\/schema.org","@graph":[{"@type":"WebSite","@id":"https:\/\/www.ntf.uni-lj.si\/toi\/#website","url":"https:\/\/www.ntf.uni-lj.si\/toi\/","name":"TOI","description":"Katedra za tekstilno in obla\u010dilno in\u017eenirstvo","potentialAction":[{"@type":"SearchAction","target":{"@type":"EntryPoint","urlTemplate":"https:\/\/www.ntf.uni-lj.si\/toi\/?s={search_term_string}"},"query-input":"required name=search_term_string"}],"inLanguage":"en-US"},{"@type":"WebPage","@id":"https:\/\/www.ntf.uni-lj.si\/toi\/studij\/2-stopnja\/nacrtovanje-tekstilij-in-oblacil-mag\/ostale-informacije-2-2\/prehodi-med-programi\/#webpage","url":"https:\/\/www.ntf.uni-lj.si\/toi\/studij\/2-stopnja\/nacrtovanje-tekstilij-in-oblacil-mag\/ostale-informacije-2-2\/prehodi-med-programi\/","name":"Prehodi med programi - TOI","isPartOf":{"@id":"https:\/\/www.ntf.uni-lj.si\/toi\/#website"},"datePublished":"2015-03-24T09:18:49+00:00","dateModified":"2016-06-15T07:31:05+00:00","breadcrumb":{"@id":"https:\/\/www.ntf.uni-lj.si\/toi\/studij\/2-stopnja\/nacrtovanje-tekstilij-in-oblacil-mag\/ostale-informacije-2-2\/prehodi-med-programi\/#breadcrumb"},"inLanguage":"en-US","potentialAction":[{"@type":"ReadAction","target":["https:\/\/www.ntf.uni-lj.si\/toi\/studij\/2-stopnja\/nacrtovanje-tekstilij-in-oblacil-mag\/ostale-informacije-2-2\/prehodi-med-programi\/"]}]},{"@type":"BreadcrumbList","@id":"https:\/\/www.ntf.uni-lj.si\/toi\/studij\/2-stopnja\/nacrtovanje-tekstilij-in-oblacil-mag\/ostale-informacije-2-2\/prehodi-med-programi\/#breadcrumb","itemListElement":[{"@type":"ListItem","position":1,"name":"Domov","item":"https:\/\/www.ntf.uni-lj.si\/toi\/"},{"@type":"ListItem","position":2,"name":"\u0160tudij","item":"https:\/\/www.ntf.uni-lj.si\/toi\/studij\/"},{"@type":"ListItem","position":3,"name":"2. stopnja","item":"https:\/\/www.ntf.uni-lj.si\/toi\/studij\/2-stopnja\/"},{"@type":"ListItem","position":4,"name":"Na\u010drtovanje tekstilij in obla\u010dil (MAG)","item":"https:\/\/www.ntf.uni-lj.si\/toi\/studij\/2-stopnja\/nacrtovanje-tekstilij-in-oblacil-mag\/"},{"@type":"ListItem","position":5,"name":"Ostale informacije","item":"https:\/\/www.ntf.uni-lj.si\/toi\/studij\/2-stopnja\/nacrtovanje-tekstilij-in-oblacil-mag\/ostale-informacije-2-2\/"},{"@type":"ListItem","position":6,"name":"Prehodi med programi"}]}]}},"_links":{"self":[{"href":"https:\/\/www.ntf.uni-lj.si\/toi\/wp-json\/wp\/v2\/pages\/313"}],"collection":[{"href":"https:\/\/www.ntf.uni-lj.si\/toi\/wp-json\/wp\/v2\/pages"}],"about":[{"href":"https:\/\/www.ntf.uni-lj.si\/toi\/wp-json\/wp\/v2\/types\/page"}],"author":[{"embeddable":true,"href":"https:\/\/www.ntf.uni-lj.si\/toi\/wp-json\/wp\/v2\/users\/15"}],"replies":[{"embeddable":true,"href":"https:\/\/www.ntf.uni-lj.si\/toi\/wp-json\/wp\/v2\/comments?post=313"}],"version-history":[{"count":6,"href":"https:\/\/www.ntf.uni-lj.si\/toi\/wp-json\/wp\/v2\/pages\/313\/revisions"}],"predecessor-version":[{"id":8984,"href":"https:\/\/www.ntf.uni-lj.si\/toi\/wp-json\/wp\/v2\/pages\/313\/revisions\/8984"}],"up":[{"embeddable":true,"href":"https:\/\/www.ntf.uni-lj.si\/toi\/wp-json\/wp\/v2\/pages\/295"}],"wp:attachment":[{"href":"https:\/\/www.ntf.uni-lj.si\/toi\/wp-json\/wp\/v2\/media?parent=313"}],"curies":[{"name":"wp","href":"https:\/\/api.w.org\/{rel}","templated":true}]}}