{"id":542,"date":"2015-03-25T14:36:21","date_gmt":"2015-03-25T14:36:21","guid":{"rendered":"http:\/\/www.ntf.uni-lj.si\/toi\/?page_id=542"},"modified":"2020-12-10T08:43:31","modified_gmt":"2020-12-10T07:43:31","slug":"magistrska-dela","status":"publish","type":"page","link":"https:\/\/www.ntf.uni-lj.si\/toi\/studij\/2-stopnja\/magistrska-dela\/","title":{"rendered":"Zaklju\u010dena magistrska dela"},"content":{"rendered":"<p>Na <a href=\"https:\/\/repozitorij.uni-lj.si\/Iskanje.php?type=napredno&amp;lang=slv\">spletni strani Repozitorija Univerze<\/a> v Ljubljani, lahko poi\u0161\u010dete magistrska dela, ki so jih mentorirali \u010dlani Katedre za tekstilno in obla\u010dilno in\u017eenirstvo.<\/p>\n<p>V polje &#8220;Avtor&#8221; zapi\u0161ete ime in priimek mentorja, v polju &#8220;Vrsta gradiva&#8221; izberete &#8220;Diplomsko delo&#8221; in kliknete &#8220;i\u0161\u010di&#8221;. Izpisala se vam bodo vsa dela mentorjev v preteklih letih.<\/p>\n<p>&nbsp;<\/p>\n<p><img loading=\"lazy\" width=\"680\" height=\"150\" class=\"aligncenter size-full wp-image-14734\" src=\"https:\/\/www.ntf.uni-lj.si\/toi\/wp-content\/uploads\/sites\/7\/2015\/03\/RUL.png\" alt=\"\" srcset=\"https:\/\/www.ntf.uni-lj.si\/toi\/wp-content\/uploads\/sites\/7\/2015\/03\/RUL.png 680w, https:\/\/www.ntf.uni-lj.si\/toi\/wp-content\/uploads\/sites\/7\/2015\/03\/RUL-300x66.png 300w\" sizes=\"(max-width: 680px) 100vw, 680px\" \/><\/p>\n","protected":false},"excerpt":{"rendered":"Na spletni strani Repozitorija Univerze v Ljubljani, lahko poi\u0161\u010dete magistrska dela, ki so jih mentorirali \u010dlani Katedre za tekstilno in obla\u010dilno in\u017eenirstvo. V polje &#8220;Avtor&#8221; zapi\u0161ete ime in priimek mentorja, v polju &#8220;Vrsta gradiva&#8221; izberete &#8220;Diplomsko delo&#8221; in kliknete &#8220;i\u0161\u010di&#8221;. Izpisala se vam bodo vsa dela mentorjev v preteklih letih. &nbsp;","protected":false},"author":15,"featured_media":0,"parent":457,"menu_order":20,"comment_status":"closed","ping_status":"closed","template":"","meta":[],"acf":[],"yoast_head":"<!-- This site is optimized with the Yoast SEO plugin v17.0 - https:\/\/yoast.com\/wordpress\/plugins\/seo\/ -->\n<meta name=\"robots\" content=\"index, follow, max-snippet:-1, max-image-preview:large, max-video-preview:-1\" \/>\n<link rel=\"canonical\" href=\"https:\/\/www.ntf.uni-lj.si\/toi\/studij\/2-stopnja\/magistrska-dela\/\" \/>\n<meta property=\"og:locale\" content=\"en_US\" \/>\n<meta property=\"og:type\" content=\"article\" \/>\n<meta property=\"og:title\" content=\"Zaklju\u010dena magistrska dela - TOI\" \/>\n<meta property=\"og:description\" content=\"Na spletni strani Repozitorija Univerze v Ljubljani, lahko poi\u0161\u010dete magistrska dela, ki so jih mentorirali \u010dlani Katedre za tekstilno in obla\u010dilno in\u017eenirstvo. V polje &#8220;Avtor&#8221; zapi\u0161ete ime in priimek mentorja, v polju &#8220;Vrsta gradiva&#8221; izberete &#8220;Diplomsko delo&#8221; in kliknete &#8220;i\u0161\u010di&#8221;. Izpisala se vam bodo vsa dela mentorjev v preteklih letih. &nbsp;\" \/>\n<meta property=\"og:url\" content=\"https:\/\/www.ntf.uni-lj.si\/toi\/studij\/2-stopnja\/magistrska-dela\/\" \/>\n<meta property=\"og:site_name\" content=\"TOI\" \/>\n<meta property=\"article:modified_time\" content=\"2020-12-10T07:43:31+00:00\" \/>\n<meta property=\"og:image\" content=\"https:\/\/www.ntf.uni-lj.si\/toi\/wp-content\/uploads\/sites\/7\/2015\/03\/RUL.png\" \/>\n<script type=\"application\/ld+json\" class=\"yoast-schema-graph\">{\"@context\":\"https:\/\/schema.org\",\"@graph\":[{\"@type\":\"WebSite\",\"@id\":\"https:\/\/www.ntf.uni-lj.si\/toi\/#website\",\"url\":\"https:\/\/www.ntf.uni-lj.si\/toi\/\",\"name\":\"TOI\",\"description\":\"Katedra za tekstilno in obla\\u010dilno in\\u017eenirstvo\",\"potentialAction\":[{\"@type\":\"SearchAction\",\"target\":{\"@type\":\"EntryPoint\",\"urlTemplate\":\"https:\/\/www.ntf.uni-lj.si\/toi\/?s={search_term_string}\"},\"query-input\":\"required name=search_term_string\"}],\"inLanguage\":\"en-US\"},{\"@type\":\"ImageObject\",\"@id\":\"https:\/\/www.ntf.uni-lj.si\/toi\/studij\/2-stopnja\/magistrska-dela\/#primaryimage\",\"inLanguage\":\"en-US\",\"url\":\"https:\/\/www.ntf.uni-lj.si\/toi\/wp-content\/uploads\/sites\/7\/2015\/03\/RUL.png\",\"contentUrl\":\"https:\/\/www.ntf.uni-lj.si\/toi\/wp-content\/uploads\/sites\/7\/2015\/03\/RUL.png\",\"width\":680,\"height\":150},{\"@type\":\"WebPage\",\"@id\":\"https:\/\/www.ntf.uni-lj.si\/toi\/studij\/2-stopnja\/magistrska-dela\/#webpage\",\"url\":\"https:\/\/www.ntf.uni-lj.si\/toi\/studij\/2-stopnja\/magistrska-dela\/\",\"name\":\"Zaklju\\u010dena magistrska dela - TOI\",\"isPartOf\":{\"@id\":\"https:\/\/www.ntf.uni-lj.si\/toi\/#website\"},\"primaryImageOfPage\":{\"@id\":\"https:\/\/www.ntf.uni-lj.si\/toi\/studij\/2-stopnja\/magistrska-dela\/#primaryimage\"},\"datePublished\":\"2015-03-25T14:36:21+00:00\",\"dateModified\":\"2020-12-10T07:43:31+00:00\",\"breadcrumb\":{\"@id\":\"https:\/\/www.ntf.uni-lj.si\/toi\/studij\/2-stopnja\/magistrska-dela\/#breadcrumb\"},\"inLanguage\":\"en-US\",\"potentialAction\":[{\"@type\":\"ReadAction\",\"target\":[\"https:\/\/www.ntf.uni-lj.si\/toi\/studij\/2-stopnja\/magistrska-dela\/\"]}]},{\"@type\":\"BreadcrumbList\",\"@id\":\"https:\/\/www.ntf.uni-lj.si\/toi\/studij\/2-stopnja\/magistrska-dela\/#breadcrumb\",\"itemListElement\":[{\"@type\":\"ListItem\",\"position\":1,\"name\":\"Domov\",\"item\":\"https:\/\/www.ntf.uni-lj.si\/toi\/\"},{\"@type\":\"ListItem\",\"position\":2,\"name\":\"\\u0160tudij\",\"item\":\"https:\/\/www.ntf.uni-lj.si\/toi\/studij\/\"},{\"@type\":\"ListItem\",\"position\":3,\"name\":\"2. stopnja\",\"item\":\"https:\/\/www.ntf.uni-lj.si\/toi\/studij\/2-stopnja\/\"},{\"@type\":\"ListItem\",\"position\":4,\"name\":\"Zaklju\\u010dena magistrska dela\"}]}]}<\/script>\n<!-- \/ Yoast SEO plugin. -->","yoast_head_json":{"robots":{"index":"index","follow":"follow","max-snippet":"max-snippet:-1","max-image-preview":"max-image-preview:large","max-video-preview":"max-video-preview:-1"},"canonical":"https:\/\/www.ntf.uni-lj.si\/toi\/studij\/2-stopnja\/magistrska-dela\/","og_locale":"en_US","og_type":"article","og_title":"Zaklju\u010dena magistrska dela - TOI","og_description":"Na spletni strani Repozitorija Univerze v Ljubljani, lahko poi\u0161\u010dete magistrska dela, ki so jih mentorirali \u010dlani Katedre za tekstilno in obla\u010dilno in\u017eenirstvo. V polje &#8220;Avtor&#8221; zapi\u0161ete ime in priimek mentorja, v polju &#8220;Vrsta gradiva&#8221; izberete &#8220;Diplomsko delo&#8221; in kliknete &#8220;i\u0161\u010di&#8221;. Izpisala se vam bodo vsa dela mentorjev v preteklih letih. &nbsp;","og_url":"https:\/\/www.ntf.uni-lj.si\/toi\/studij\/2-stopnja\/magistrska-dela\/","og_site_name":"TOI","article_modified_time":"2020-12-10T07:43:31+00:00","og_image":[{"url":"https:\/\/www.ntf.uni-lj.si\/toi\/wp-content\/uploads\/sites\/7\/2015\/03\/RUL.png"}],"schema":{"@context":"https:\/\/schema.org","@graph":[{"@type":"WebSite","@id":"https:\/\/www.ntf.uni-lj.si\/toi\/#website","url":"https:\/\/www.ntf.uni-lj.si\/toi\/","name":"TOI","description":"Katedra za tekstilno in obla\u010dilno in\u017eenirstvo","potentialAction":[{"@type":"SearchAction","target":{"@type":"EntryPoint","urlTemplate":"https:\/\/www.ntf.uni-lj.si\/toi\/?s={search_term_string}"},"query-input":"required name=search_term_string"}],"inLanguage":"en-US"},{"@type":"ImageObject","@id":"https:\/\/www.ntf.uni-lj.si\/toi\/studij\/2-stopnja\/magistrska-dela\/#primaryimage","inLanguage":"en-US","url":"https:\/\/www.ntf.uni-lj.si\/toi\/wp-content\/uploads\/sites\/7\/2015\/03\/RUL.png","contentUrl":"https:\/\/www.ntf.uni-lj.si\/toi\/wp-content\/uploads\/sites\/7\/2015\/03\/RUL.png","width":680,"height":150},{"@type":"WebPage","@id":"https:\/\/www.ntf.uni-lj.si\/toi\/studij\/2-stopnja\/magistrska-dela\/#webpage","url":"https:\/\/www.ntf.uni-lj.si\/toi\/studij\/2-stopnja\/magistrska-dela\/","name":"Zaklju\u010dena magistrska dela - TOI","isPartOf":{"@id":"https:\/\/www.ntf.uni-lj.si\/toi\/#website"},"primaryImageOfPage":{"@id":"https:\/\/www.ntf.uni-lj.si\/toi\/studij\/2-stopnja\/magistrska-dela\/#primaryimage"},"datePublished":"2015-03-25T14:36:21+00:00","dateModified":"2020-12-10T07:43:31+00:00","breadcrumb":{"@id":"https:\/\/www.ntf.uni-lj.si\/toi\/studij\/2-stopnja\/magistrska-dela\/#breadcrumb"},"inLanguage":"en-US","potentialAction":[{"@type":"ReadAction","target":["https:\/\/www.ntf.uni-lj.si\/toi\/studij\/2-stopnja\/magistrska-dela\/"]}]},{"@type":"BreadcrumbList","@id":"https:\/\/www.ntf.uni-lj.si\/toi\/studij\/2-stopnja\/magistrska-dela\/#breadcrumb","itemListElement":[{"@type":"ListItem","position":1,"name":"Domov","item":"https:\/\/www.ntf.uni-lj.si\/toi\/"},{"@type":"ListItem","position":2,"name":"\u0160tudij","item":"https:\/\/www.ntf.uni-lj.si\/toi\/studij\/"},{"@type":"ListItem","position":3,"name":"2. stopnja","item":"https:\/\/www.ntf.uni-lj.si\/toi\/studij\/2-stopnja\/"},{"@type":"ListItem","position":4,"name":"Zaklju\u010dena magistrska dela"}]}]}},"_links":{"self":[{"href":"https:\/\/www.ntf.uni-lj.si\/toi\/wp-json\/wp\/v2\/pages\/542"}],"collection":[{"href":"https:\/\/www.ntf.uni-lj.si\/toi\/wp-json\/wp\/v2\/pages"}],"about":[{"href":"https:\/\/www.ntf.uni-lj.si\/toi\/wp-json\/wp\/v2\/types\/page"}],"author":[{"embeddable":true,"href":"https:\/\/www.ntf.uni-lj.si\/toi\/wp-json\/wp\/v2\/users\/15"}],"replies":[{"embeddable":true,"href":"https:\/\/www.ntf.uni-lj.si\/toi\/wp-json\/wp\/v2\/comments?post=542"}],"version-history":[{"count":5,"href":"https:\/\/www.ntf.uni-lj.si\/toi\/wp-json\/wp\/v2\/pages\/542\/revisions"}],"predecessor-version":[{"id":14745,"href":"https:\/\/www.ntf.uni-lj.si\/toi\/wp-json\/wp\/v2\/pages\/542\/revisions\/14745"}],"up":[{"embeddable":true,"href":"https:\/\/www.ntf.uni-lj.si\/toi\/wp-json\/wp\/v2\/pages\/457"}],"wp:attachment":[{"href":"https:\/\/www.ntf.uni-lj.si\/toi\/wp-json\/wp\/v2\/media?parent=542"}],"curies":[{"name":"wp","href":"https:\/\/api.w.org\/{rel}","templated":true}]}}