{"id":557,"date":"2015-03-25T14:39:43","date_gmt":"2015-03-25T14:39:43","guid":{"rendered":"http:\/\/www.ntf.uni-lj.si\/toi\/?page_id=557"},"modified":"2026-04-08T09:19:35","modified_gmt":"2026-04-08T07:19:35","slug":"splosne-informacije","status":"publish","type":"page","link":"https:\/\/www.ntf.uni-lj.si\/toi\/studij\/3-stopnja\/tekstilstvo-grafika-in-tekstilno-oblikovanje-dr\/splosne-informacije\/","title":{"rendered":"Vsebinska struktura"},"content":{"rendered":"<p>Program sestavljata dve glavni skupini predmetov:<\/p>\n<ul>\n<li>temeljni predmeti (T),<\/li>\n<li>izbirni predmeti (I).<\/li>\n<\/ul>\n<p>Temeljni predmeti so ovrednoteni z 10 ECTS, izbirni predmeti pa s 5 ali 10 ECTS.<\/p>\n<p>Temeljni in izbirni predmeti se nadalje delijo na dve podskupini, in sicer na:<\/p>\n<ul>\n<li>splo\u0161ne (S), ki se vsebinsko navezujejo na vsa tri podro\u010dja doktorskega \u0161tudija (tekstilstvo, grafi\u010dne in interaktivne komunikacije, tekstilno oblikovanje) in<\/li>\n<li>podro\u010dne (P), ki vklju\u010dujejo vsebine specifi\u010dne za posamezno podro\u010dje \u0161tudija.<\/li>\n<\/ul>\n<p>Doktorand v dogovoru z mentorjem izbere predmete iz nabora:<\/p>\n<ul>\n<li style=\"list-style-type: none\">\n<ul>\n<li>temeljnih (T) predmetov v obsegu 20 ECTS in<\/li>\n<li>izbirnih (I) predmetov v obsegu 25 ECTS.<\/li>\n<\/ul>\n<\/li>\n<\/ul>\n<p>Za zagotovitev \u0161tudijske smeri je potreben izbor najmanj 20 ECTS iz podro\u010dnih (P) predmetov, od tega najmanj:<\/p>\n<ul>\n<li style=\"list-style-type: none\">\n<ul>\n<li style=\"list-style-type: none\">\n<ul>\n<li style=\"list-style-type: none\">\n<ul>\n<li>10 ECTS iz temeljnega podro\u010dnega (T-P) predmeta in<\/li>\n<li>10 ECTS iz izbirnih podro\u010dnih (I-P) predmetov.<\/li>\n<\/ul>\n<\/li>\n<\/ul>\n<\/li>\n<\/ul>\n<\/li>\n<\/ul>\n<p>Predmeti se izbirajo glede na \u0161tudijsko smer in raziskovalno podro\u010dje doktorske disertacije. Izbor je mo\u017een iz nabora predmetov vseh \u0161tudijskih smeri.<\/p>\n<p>Doktorand v dogovoru z mentorjem lahko izbere 10 ECTS izbirnih vsebin iz predmetnikov drugih primerljivih programov doma\u010dih in tujih univerz, ki imajo programe ovrednotene po sistemu ECST ali drugih sistemih, ki omogo\u010dajo primerjavo vrednotenja, kot tudi iz predmetov, ki jih razpisuje Univerza v Ljubljani in omogo\u010dajo osvajanje posebnih znanj in spretnosti (generi\u010dna znanja).<\/p>\n<p>\u0160tudenti, ki so zaklju\u010dili \u0161tudijski program Oblikovanje tekstilij in obla\u010dil ali \u0161tudijske programe drugih umetni\u0161kih podro\u010dij, obvezno vpi\u0161ejo predmet Uvod v znanstveno raziskovalno delo doktorskega \u0161tudijskega programa Arhitektura, ki ga izvaja Fakultet za arhitekturo Univerze v Ljubljani (generi\u010dna znanja).<\/p>\n","protected":false},"excerpt":{"rendered":"Program sestavljata dve glavni skupini predmetov: temeljni predmeti (T), izbirni predmeti (I). Temeljni predmeti so ovrednoteni z 10 ECTS, izbirni predmeti pa s 5 ali 10 ECTS. Temeljni in izbirni predmeti se nadalje delijo na dve podskupini, in sicer na: splo\u0161ne (S), ki se vsebinsko navezujejo na vsa tri podro\u010dja doktorskega \u0161tudija (tekstilstvo, grafi\u010dne in &#8230; <a class=\"view-article\" href=\"https:\/\/www.ntf.uni-lj.si\/toi\/studij\/3-stopnja\/tekstilstvo-grafika-in-tekstilno-oblikovanje-dr\/splosne-informacije\/\">Read more<\/a>","protected":false},"author":15,"featured_media":0,"parent":551,"menu_order":10,"comment_status":"closed","ping_status":"closed","template":"","meta":[],"acf":[],"yoast_head":"<!-- This site is optimized with the Yoast SEO plugin v17.0 - https:\/\/yoast.com\/wordpress\/plugins\/seo\/ -->\n<meta name=\"robots\" content=\"index, follow, max-snippet:-1, max-image-preview:large, max-video-preview:-1\" \/>\n<link rel=\"canonical\" href=\"https:\/\/www.ntf.uni-lj.si\/toi\/studij\/3-stopnja\/tekstilstvo-grafika-in-tekstilno-oblikovanje-dr\/splosne-informacije\/\" \/>\n<meta property=\"og:locale\" content=\"en_US\" \/>\n<meta property=\"og:type\" content=\"article\" \/>\n<meta property=\"og:title\" content=\"Vsebinska struktura - TOI\" \/>\n<meta property=\"og:description\" content=\"Program sestavljata dve glavni skupini predmetov: temeljni predmeti (T), izbirni predmeti (I). Temeljni predmeti so ovrednoteni z 10 ECTS, izbirni predmeti pa s 5 ali 10 ECTS. Temeljni in izbirni predmeti se nadalje delijo na dve podskupini, in sicer na: splo\u0161ne (S), ki se vsebinsko navezujejo na vsa tri podro\u010dja doktorskega \u0161tudija (tekstilstvo, grafi\u010dne in ... Read more\" \/>\n<meta property=\"og:url\" content=\"https:\/\/www.ntf.uni-lj.si\/toi\/studij\/3-stopnja\/tekstilstvo-grafika-in-tekstilno-oblikovanje-dr\/splosne-informacije\/\" \/>\n<meta property=\"og:site_name\" content=\"TOI\" \/>\n<meta property=\"article:modified_time\" content=\"2026-04-08T07:19:35+00:00\" \/>\n<meta name=\"twitter:label1\" content=\"Est. reading time\" \/>\n\t<meta name=\"twitter:data1\" content=\"1 minute\" \/>\n<script type=\"application\/ld+json\" class=\"yoast-schema-graph\">{\"@context\":\"https:\/\/schema.org\",\"@graph\":[{\"@type\":\"WebSite\",\"@id\":\"https:\/\/www.ntf.uni-lj.si\/toi\/#website\",\"url\":\"https:\/\/www.ntf.uni-lj.si\/toi\/\",\"name\":\"TOI\",\"description\":\"Katedra za tekstilno in obla\\u010dilno in\\u017eenirstvo\",\"potentialAction\":[{\"@type\":\"SearchAction\",\"target\":{\"@type\":\"EntryPoint\",\"urlTemplate\":\"https:\/\/www.ntf.uni-lj.si\/toi\/?s={search_term_string}\"},\"query-input\":\"required name=search_term_string\"}],\"inLanguage\":\"en-US\"},{\"@type\":\"WebPage\",\"@id\":\"https:\/\/www.ntf.uni-lj.si\/toi\/studij\/3-stopnja\/tekstilstvo-grafika-in-tekstilno-oblikovanje-dr\/splosne-informacije\/#webpage\",\"url\":\"https:\/\/www.ntf.uni-lj.si\/toi\/studij\/3-stopnja\/tekstilstvo-grafika-in-tekstilno-oblikovanje-dr\/splosne-informacije\/\",\"name\":\"Vsebinska struktura - TOI\",\"isPartOf\":{\"@id\":\"https:\/\/www.ntf.uni-lj.si\/toi\/#website\"},\"datePublished\":\"2015-03-25T14:39:43+00:00\",\"dateModified\":\"2026-04-08T07:19:35+00:00\",\"breadcrumb\":{\"@id\":\"https:\/\/www.ntf.uni-lj.si\/toi\/studij\/3-stopnja\/tekstilstvo-grafika-in-tekstilno-oblikovanje-dr\/splosne-informacije\/#breadcrumb\"},\"inLanguage\":\"en-US\",\"potentialAction\":[{\"@type\":\"ReadAction\",\"target\":[\"https:\/\/www.ntf.uni-lj.si\/toi\/studij\/3-stopnja\/tekstilstvo-grafika-in-tekstilno-oblikovanje-dr\/splosne-informacije\/\"]}]},{\"@type\":\"BreadcrumbList\",\"@id\":\"https:\/\/www.ntf.uni-lj.si\/toi\/studij\/3-stopnja\/tekstilstvo-grafika-in-tekstilno-oblikovanje-dr\/splosne-informacije\/#breadcrumb\",\"itemListElement\":[{\"@type\":\"ListItem\",\"position\":1,\"name\":\"Domov\",\"item\":\"https:\/\/www.ntf.uni-lj.si\/toi\/\"},{\"@type\":\"ListItem\",\"position\":2,\"name\":\"\\u0160tudij\",\"item\":\"https:\/\/www.ntf.uni-lj.si\/toi\/studij\/\"},{\"@type\":\"ListItem\",\"position\":3,\"name\":\"3. stopnja\",\"item\":\"https:\/\/www.ntf.uni-lj.si\/toi\/studij\/3-stopnja\/\"},{\"@type\":\"ListItem\",\"position\":4,\"name\":\"Tekstilstvo, grafika in tekstilno oblikovanje (DR)\",\"item\":\"https:\/\/www.ntf.uni-lj.si\/toi\/studij\/3-stopnja\/tekstilstvo-grafika-in-tekstilno-oblikovanje-dr\/\"},{\"@type\":\"ListItem\",\"position\":5,\"name\":\"Vsebinska struktura\"}]}]}<\/script>\n<!-- \/ Yoast SEO plugin. -->","yoast_head_json":{"robots":{"index":"index","follow":"follow","max-snippet":"max-snippet:-1","max-image-preview":"max-image-preview:large","max-video-preview":"max-video-preview:-1"},"canonical":"https:\/\/www.ntf.uni-lj.si\/toi\/studij\/3-stopnja\/tekstilstvo-grafika-in-tekstilno-oblikovanje-dr\/splosne-informacije\/","og_locale":"en_US","og_type":"article","og_title":"Vsebinska struktura - TOI","og_description":"Program sestavljata dve glavni skupini predmetov: temeljni predmeti (T), izbirni predmeti (I). Temeljni predmeti so ovrednoteni z 10 ECTS, izbirni predmeti pa s 5 ali 10 ECTS. Temeljni in izbirni predmeti se nadalje delijo na dve podskupini, in sicer na: splo\u0161ne (S), ki se vsebinsko navezujejo na vsa tri podro\u010dja doktorskega \u0161tudija (tekstilstvo, grafi\u010dne in ... Read more","og_url":"https:\/\/www.ntf.uni-lj.si\/toi\/studij\/3-stopnja\/tekstilstvo-grafika-in-tekstilno-oblikovanje-dr\/splosne-informacije\/","og_site_name":"TOI","article_modified_time":"2026-04-08T07:19:35+00:00","twitter_misc":{"Est. reading time":"1 minute"},"schema":{"@context":"https:\/\/schema.org","@graph":[{"@type":"WebSite","@id":"https:\/\/www.ntf.uni-lj.si\/toi\/#website","url":"https:\/\/www.ntf.uni-lj.si\/toi\/","name":"TOI","description":"Katedra za tekstilno in obla\u010dilno in\u017eenirstvo","potentialAction":[{"@type":"SearchAction","target":{"@type":"EntryPoint","urlTemplate":"https:\/\/www.ntf.uni-lj.si\/toi\/?s={search_term_string}"},"query-input":"required name=search_term_string"}],"inLanguage":"en-US"},{"@type":"WebPage","@id":"https:\/\/www.ntf.uni-lj.si\/toi\/studij\/3-stopnja\/tekstilstvo-grafika-in-tekstilno-oblikovanje-dr\/splosne-informacije\/#webpage","url":"https:\/\/www.ntf.uni-lj.si\/toi\/studij\/3-stopnja\/tekstilstvo-grafika-in-tekstilno-oblikovanje-dr\/splosne-informacije\/","name":"Vsebinska struktura - TOI","isPartOf":{"@id":"https:\/\/www.ntf.uni-lj.si\/toi\/#website"},"datePublished":"2015-03-25T14:39:43+00:00","dateModified":"2026-04-08T07:19:35+00:00","breadcrumb":{"@id":"https:\/\/www.ntf.uni-lj.si\/toi\/studij\/3-stopnja\/tekstilstvo-grafika-in-tekstilno-oblikovanje-dr\/splosne-informacije\/#breadcrumb"},"inLanguage":"en-US","potentialAction":[{"@type":"ReadAction","target":["https:\/\/www.ntf.uni-lj.si\/toi\/studij\/3-stopnja\/tekstilstvo-grafika-in-tekstilno-oblikovanje-dr\/splosne-informacije\/"]}]},{"@type":"BreadcrumbList","@id":"https:\/\/www.ntf.uni-lj.si\/toi\/studij\/3-stopnja\/tekstilstvo-grafika-in-tekstilno-oblikovanje-dr\/splosne-informacije\/#breadcrumb","itemListElement":[{"@type":"ListItem","position":1,"name":"Domov","item":"https:\/\/www.ntf.uni-lj.si\/toi\/"},{"@type":"ListItem","position":2,"name":"\u0160tudij","item":"https:\/\/www.ntf.uni-lj.si\/toi\/studij\/"},{"@type":"ListItem","position":3,"name":"3. stopnja","item":"https:\/\/www.ntf.uni-lj.si\/toi\/studij\/3-stopnja\/"},{"@type":"ListItem","position":4,"name":"Tekstilstvo, grafika in tekstilno oblikovanje (DR)","item":"https:\/\/www.ntf.uni-lj.si\/toi\/studij\/3-stopnja\/tekstilstvo-grafika-in-tekstilno-oblikovanje-dr\/"},{"@type":"ListItem","position":5,"name":"Vsebinska struktura"}]}]}},"_links":{"self":[{"href":"https:\/\/www.ntf.uni-lj.si\/toi\/wp-json\/wp\/v2\/pages\/557"}],"collection":[{"href":"https:\/\/www.ntf.uni-lj.si\/toi\/wp-json\/wp\/v2\/pages"}],"about":[{"href":"https:\/\/www.ntf.uni-lj.si\/toi\/wp-json\/wp\/v2\/types\/page"}],"author":[{"embeddable":true,"href":"https:\/\/www.ntf.uni-lj.si\/toi\/wp-json\/wp\/v2\/users\/15"}],"replies":[{"embeddable":true,"href":"https:\/\/www.ntf.uni-lj.si\/toi\/wp-json\/wp\/v2\/comments?post=557"}],"version-history":[{"count":6,"href":"https:\/\/www.ntf.uni-lj.si\/toi\/wp-json\/wp\/v2\/pages\/557\/revisions"}],"predecessor-version":[{"id":22001,"href":"https:\/\/www.ntf.uni-lj.si\/toi\/wp-json\/wp\/v2\/pages\/557\/revisions\/22001"}],"up":[{"embeddable":true,"href":"https:\/\/www.ntf.uni-lj.si\/toi\/wp-json\/wp\/v2\/pages\/551"}],"wp:attachment":[{"href":"https:\/\/www.ntf.uni-lj.si\/toi\/wp-json\/wp\/v2\/media?parent=557"}],"curies":[{"name":"wp","href":"https:\/\/api.w.org\/{rel}","templated":true}]}}