{"id":6330,"date":"2015-08-07T14:40:32","date_gmt":"2015-08-07T12:40:32","guid":{"rendered":"http:\/\/www.ntf.uni-lj.si\/toi\/?page_id=6330"},"modified":"2021-01-15T09:04:18","modified_gmt":"2021-01-15T08:04:18","slug":"autex","status":"publish","type":"page","link":"https:\/\/www.ntf.uni-lj.si\/toi\/o-nas\/mednarodno-sodelovanje\/autex\/","title":{"rendered":"AUTEX"},"content":{"rendered":"<p><img loading=\"lazy\" width=\"200\" height=\"119\" class=\"aligncenter size-full wp-image-14933\" src=\"https:\/\/www.ntf.uni-lj.si\/toi\/wp-content\/uploads\/sites\/7\/2015\/08\/autex_1.png\" alt=\"\" \/><\/p>\n<p>Katedra za tekstilno in obla\u010dilno in\u017eenirstvo je \u010dlanica <a href=\"https:\/\/www.autex.org\/\"><strong>AUTEX<\/strong><\/a>, <strong>Zdru\u017eenja Univerz za tekstilstvo<\/strong>. AUTEX je svetovna mre\u017ea univerz na katerih potekata izobra\u017eevanje in raziskovanje na podro\u010dju tekstilstva in je bila ustanovljena leta 1994. Zdru\u017eenje trenutno \u0161teje 38 \u010dlanic iz 28 dr\u017eav. Poslanstvo zdru\u017eenja AUTEX je spodbujati sodelovanje med svojimi \u010dlanicami na podro\u010dju tekstilnega izobra\u017eevanja in raziskav.<\/p>\n<p>Njeno geslo je: <strong>Skupaj smo mo\u010dnej\u0161i<\/strong>.<\/p>\n<p><img loading=\"lazy\" width=\"517\" height=\"226\" class=\"aligncenter size-full wp-image-14934\" src=\"https:\/\/www.ntf.uni-lj.si\/toi\/wp-content\/uploads\/sites\/7\/2015\/08\/slide-image-1.jpg\" alt=\"\" srcset=\"https:\/\/www.ntf.uni-lj.si\/toi\/wp-content\/uploads\/sites\/7\/2015\/08\/slide-image-1.jpg 517w, https:\/\/www.ntf.uni-lj.si\/toi\/wp-content\/uploads\/sites\/7\/2015\/08\/slide-image-1-300x131.jpg 300w\" sizes=\"(max-width: 517px) 100vw, 517px\" \/><\/p>\n<p>vir slike: autex.org<\/p>\n","protected":false},"excerpt":{"rendered":"Katedra za tekstilno in obla\u010dilno in\u017eenirstvo je \u010dlanica AUTEX, Zdru\u017eenja Univerz za tekstilstvo. AUTEX je svetovna mre\u017ea univerz na katerih potekata izobra\u017eevanje in raziskovanje na podro\u010dju tekstilstva in je bila ustanovljena leta 1994. Zdru\u017eenje trenutno \u0161teje 38 \u010dlanic iz 28 dr\u017eav. Poslanstvo zdru\u017eenja AUTEX je spodbujati sodelovanje med svojimi \u010dlanicami na podro\u010dju tekstilnega izobra\u017eevanja in &#8230; <a class=\"view-article\" href=\"https:\/\/www.ntf.uni-lj.si\/toi\/o-nas\/mednarodno-sodelovanje\/autex\/\">Read more<\/a>","protected":false},"author":26,"featured_media":0,"parent":6323,"menu_order":20,"comment_status":"closed","ping_status":"closed","template":"","meta":[],"acf":[],"yoast_head":"<!-- This site is optimized with the Yoast SEO plugin v17.0 - https:\/\/yoast.com\/wordpress\/plugins\/seo\/ -->\n<meta name=\"robots\" content=\"index, follow, max-snippet:-1, max-image-preview:large, max-video-preview:-1\" \/>\n<link rel=\"canonical\" href=\"https:\/\/www.ntf.uni-lj.si\/toi\/o-nas\/mednarodno-sodelovanje\/autex\/\" \/>\n<meta property=\"og:locale\" content=\"en_US\" \/>\n<meta property=\"og:type\" content=\"article\" \/>\n<meta property=\"og:title\" content=\"AUTEX - TOI\" \/>\n<meta property=\"og:description\" content=\"Katedra za tekstilno in obla\u010dilno in\u017eenirstvo je \u010dlanica AUTEX, Zdru\u017eenja Univerz za tekstilstvo. AUTEX je svetovna mre\u017ea univerz na katerih potekata izobra\u017eevanje in raziskovanje na podro\u010dju tekstilstva in je bila ustanovljena leta 1994. Zdru\u017eenje trenutno \u0161teje 38 \u010dlanic iz 28 dr\u017eav. Poslanstvo zdru\u017eenja AUTEX je spodbujati sodelovanje med svojimi \u010dlanicami na podro\u010dju tekstilnega izobra\u017eevanja in ... Read more\" \/>\n<meta property=\"og:url\" content=\"https:\/\/www.ntf.uni-lj.si\/toi\/o-nas\/mednarodno-sodelovanje\/autex\/\" \/>\n<meta property=\"og:site_name\" content=\"TOI\" \/>\n<meta property=\"article:modified_time\" content=\"2021-01-15T08:04:18+00:00\" \/>\n<meta property=\"og:image\" content=\"https:\/\/www.ntf.uni-lj.si\/toi\/wp-content\/uploads\/sites\/7\/2015\/08\/autex_1.png\" \/>\n<script type=\"application\/ld+json\" class=\"yoast-schema-graph\">{\"@context\":\"https:\/\/schema.org\",\"@graph\":[{\"@type\":\"WebSite\",\"@id\":\"https:\/\/www.ntf.uni-lj.si\/toi\/#website\",\"url\":\"https:\/\/www.ntf.uni-lj.si\/toi\/\",\"name\":\"TOI\",\"description\":\"Katedra za tekstilno in obla\\u010dilno in\\u017eenirstvo\",\"potentialAction\":[{\"@type\":\"SearchAction\",\"target\":{\"@type\":\"EntryPoint\",\"urlTemplate\":\"https:\/\/www.ntf.uni-lj.si\/toi\/?s={search_term_string}\"},\"query-input\":\"required name=search_term_string\"}],\"inLanguage\":\"en-US\"},{\"@type\":\"ImageObject\",\"@id\":\"https:\/\/www.ntf.uni-lj.si\/toi\/o-nas\/mednarodno-sodelovanje\/autex\/#primaryimage\",\"inLanguage\":\"en-US\",\"url\":\"https:\/\/www.ntf.uni-lj.si\/toi\/wp-content\/uploads\/sites\/7\/2015\/08\/autex_1.png\",\"contentUrl\":\"https:\/\/www.ntf.uni-lj.si\/toi\/wp-content\/uploads\/sites\/7\/2015\/08\/autex_1.png\",\"width\":200,\"height\":119},{\"@type\":\"WebPage\",\"@id\":\"https:\/\/www.ntf.uni-lj.si\/toi\/o-nas\/mednarodno-sodelovanje\/autex\/#webpage\",\"url\":\"https:\/\/www.ntf.uni-lj.si\/toi\/o-nas\/mednarodno-sodelovanje\/autex\/\",\"name\":\"AUTEX - TOI\",\"isPartOf\":{\"@id\":\"https:\/\/www.ntf.uni-lj.si\/toi\/#website\"},\"primaryImageOfPage\":{\"@id\":\"https:\/\/www.ntf.uni-lj.si\/toi\/o-nas\/mednarodno-sodelovanje\/autex\/#primaryimage\"},\"datePublished\":\"2015-08-07T12:40:32+00:00\",\"dateModified\":\"2021-01-15T08:04:18+00:00\",\"breadcrumb\":{\"@id\":\"https:\/\/www.ntf.uni-lj.si\/toi\/o-nas\/mednarodno-sodelovanje\/autex\/#breadcrumb\"},\"inLanguage\":\"en-US\",\"potentialAction\":[{\"@type\":\"ReadAction\",\"target\":[\"https:\/\/www.ntf.uni-lj.si\/toi\/o-nas\/mednarodno-sodelovanje\/autex\/\"]}]},{\"@type\":\"BreadcrumbList\",\"@id\":\"https:\/\/www.ntf.uni-lj.si\/toi\/o-nas\/mednarodno-sodelovanje\/autex\/#breadcrumb\",\"itemListElement\":[{\"@type\":\"ListItem\",\"position\":1,\"name\":\"Domov\",\"item\":\"https:\/\/www.ntf.uni-lj.si\/toi\/\"},{\"@type\":\"ListItem\",\"position\":2,\"name\":\"O nas\",\"item\":\"https:\/\/www.ntf.uni-lj.si\/toi\/o-nas\/\"},{\"@type\":\"ListItem\",\"position\":3,\"name\":\"Mednarodno sodelovanje\",\"item\":\"https:\/\/www.ntf.uni-lj.si\/toi\/o-nas\/mednarodno-sodelovanje\/\"},{\"@type\":\"ListItem\",\"position\":4,\"name\":\"AUTEX\"}]}]}<\/script>\n<!-- \/ Yoast SEO plugin. -->","yoast_head_json":{"robots":{"index":"index","follow":"follow","max-snippet":"max-snippet:-1","max-image-preview":"max-image-preview:large","max-video-preview":"max-video-preview:-1"},"canonical":"https:\/\/www.ntf.uni-lj.si\/toi\/o-nas\/mednarodno-sodelovanje\/autex\/","og_locale":"en_US","og_type":"article","og_title":"AUTEX - TOI","og_description":"Katedra za tekstilno in obla\u010dilno in\u017eenirstvo je \u010dlanica AUTEX, Zdru\u017eenja Univerz za tekstilstvo. AUTEX je svetovna mre\u017ea univerz na katerih potekata izobra\u017eevanje in raziskovanje na podro\u010dju tekstilstva in je bila ustanovljena leta 1994. Zdru\u017eenje trenutno \u0161teje 38 \u010dlanic iz 28 dr\u017eav. Poslanstvo zdru\u017eenja AUTEX je spodbujati sodelovanje med svojimi \u010dlanicami na podro\u010dju tekstilnega izobra\u017eevanja in ... Read more","og_url":"https:\/\/www.ntf.uni-lj.si\/toi\/o-nas\/mednarodno-sodelovanje\/autex\/","og_site_name":"TOI","article_modified_time":"2021-01-15T08:04:18+00:00","og_image":[{"url":"https:\/\/www.ntf.uni-lj.si\/toi\/wp-content\/uploads\/sites\/7\/2015\/08\/autex_1.png"}],"schema":{"@context":"https:\/\/schema.org","@graph":[{"@type":"WebSite","@id":"https:\/\/www.ntf.uni-lj.si\/toi\/#website","url":"https:\/\/www.ntf.uni-lj.si\/toi\/","name":"TOI","description":"Katedra za tekstilno in obla\u010dilno in\u017eenirstvo","potentialAction":[{"@type":"SearchAction","target":{"@type":"EntryPoint","urlTemplate":"https:\/\/www.ntf.uni-lj.si\/toi\/?s={search_term_string}"},"query-input":"required name=search_term_string"}],"inLanguage":"en-US"},{"@type":"ImageObject","@id":"https:\/\/www.ntf.uni-lj.si\/toi\/o-nas\/mednarodno-sodelovanje\/autex\/#primaryimage","inLanguage":"en-US","url":"https:\/\/www.ntf.uni-lj.si\/toi\/wp-content\/uploads\/sites\/7\/2015\/08\/autex_1.png","contentUrl":"https:\/\/www.ntf.uni-lj.si\/toi\/wp-content\/uploads\/sites\/7\/2015\/08\/autex_1.png","width":200,"height":119},{"@type":"WebPage","@id":"https:\/\/www.ntf.uni-lj.si\/toi\/o-nas\/mednarodno-sodelovanje\/autex\/#webpage","url":"https:\/\/www.ntf.uni-lj.si\/toi\/o-nas\/mednarodno-sodelovanje\/autex\/","name":"AUTEX - TOI","isPartOf":{"@id":"https:\/\/www.ntf.uni-lj.si\/toi\/#website"},"primaryImageOfPage":{"@id":"https:\/\/www.ntf.uni-lj.si\/toi\/o-nas\/mednarodno-sodelovanje\/autex\/#primaryimage"},"datePublished":"2015-08-07T12:40:32+00:00","dateModified":"2021-01-15T08:04:18+00:00","breadcrumb":{"@id":"https:\/\/www.ntf.uni-lj.si\/toi\/o-nas\/mednarodno-sodelovanje\/autex\/#breadcrumb"},"inLanguage":"en-US","potentialAction":[{"@type":"ReadAction","target":["https:\/\/www.ntf.uni-lj.si\/toi\/o-nas\/mednarodno-sodelovanje\/autex\/"]}]},{"@type":"BreadcrumbList","@id":"https:\/\/www.ntf.uni-lj.si\/toi\/o-nas\/mednarodno-sodelovanje\/autex\/#breadcrumb","itemListElement":[{"@type":"ListItem","position":1,"name":"Domov","item":"https:\/\/www.ntf.uni-lj.si\/toi\/"},{"@type":"ListItem","position":2,"name":"O nas","item":"https:\/\/www.ntf.uni-lj.si\/toi\/o-nas\/"},{"@type":"ListItem","position":3,"name":"Mednarodno sodelovanje","item":"https:\/\/www.ntf.uni-lj.si\/toi\/o-nas\/mednarodno-sodelovanje\/"},{"@type":"ListItem","position":4,"name":"AUTEX"}]}]}},"_links":{"self":[{"href":"https:\/\/www.ntf.uni-lj.si\/toi\/wp-json\/wp\/v2\/pages\/6330"}],"collection":[{"href":"https:\/\/www.ntf.uni-lj.si\/toi\/wp-json\/wp\/v2\/pages"}],"about":[{"href":"https:\/\/www.ntf.uni-lj.si\/toi\/wp-json\/wp\/v2\/types\/page"}],"author":[{"embeddable":true,"href":"https:\/\/www.ntf.uni-lj.si\/toi\/wp-json\/wp\/v2\/users\/26"}],"replies":[{"embeddable":true,"href":"https:\/\/www.ntf.uni-lj.si\/toi\/wp-json\/wp\/v2\/comments?post=6330"}],"version-history":[{"count":10,"href":"https:\/\/www.ntf.uni-lj.si\/toi\/wp-json\/wp\/v2\/pages\/6330\/revisions"}],"predecessor-version":[{"id":14947,"href":"https:\/\/www.ntf.uni-lj.si\/toi\/wp-json\/wp\/v2\/pages\/6330\/revisions\/14947"}],"up":[{"embeddable":true,"href":"https:\/\/www.ntf.uni-lj.si\/toi\/wp-json\/wp\/v2\/pages\/6323"}],"wp:attachment":[{"href":"https:\/\/www.ntf.uni-lj.si\/toi\/wp-json\/wp\/v2\/media?parent=6330"}],"curies":[{"name":"wp","href":"https:\/\/api.w.org\/{rel}","templated":true}]}}