{"id":695,"date":"2015-03-26T13:24:26","date_gmt":"2015-03-26T13:24:26","guid":{"rendered":"http:\/\/www.ntf.uni-lj.si\/toi\/?page_id=695"},"modified":"2022-12-05T10:13:58","modified_gmt":"2022-12-05T09:13:58","slug":"ucitelji","status":"publish","type":"page","link":"https:\/\/www.ntf.uni-lj.si\/toi\/zaposleni\/ucitelji\/","title":{"rendered":"U\u010ditelji"},"content":{"rendered":"<h4>Zaradi prehoda na nov kadrovski sistem so mo\u017ene napake na seznamu zaposlenih ter podatkih posameznikov. Napake posku\u0161amo odpraviti v najkraj\u0161em mo\u017enem \u010dasu.<\/h4>\n","protected":false},"excerpt":{"rendered":"Zaradi prehoda na nov kadrovski sistem so mo\u017ene napake na seznamu zaposlenih ter podatkih posameznikov. Napake posku\u0161amo odpraviti v najkraj\u0161em mo\u017enem \u010dasu.","protected":false},"author":15,"featured_media":0,"parent":692,"menu_order":10,"comment_status":"closed","ping_status":"closed","template":"","meta":[],"acf":[],"yoast_head":"<!-- This site is optimized with the Yoast SEO plugin v17.0 - https:\/\/yoast.com\/wordpress\/plugins\/seo\/ -->\n<meta name=\"robots\" content=\"index, follow, max-snippet:-1, max-image-preview:large, max-video-preview:-1\" \/>\n<link rel=\"canonical\" href=\"https:\/\/www.ntf.uni-lj.si\/toi\/zaposleni\/ucitelji\/\" \/>\n<meta property=\"og:locale\" content=\"en_US\" \/>\n<meta property=\"og:type\" content=\"article\" \/>\n<meta property=\"og:title\" content=\"U\u010ditelji - TOI\" \/>\n<meta property=\"og:description\" content=\"Zaradi prehoda na nov kadrovski sistem so mo\u017ene napake na seznamu zaposlenih ter podatkih posameznikov. Napake posku\u0161amo odpraviti v najkraj\u0161em mo\u017enem \u010dasu.\" \/>\n<meta property=\"og:url\" content=\"https:\/\/www.ntf.uni-lj.si\/toi\/zaposleni\/ucitelji\/\" \/>\n<meta property=\"og:site_name\" content=\"TOI\" \/>\n<meta property=\"article:modified_time\" content=\"2022-12-05T09:13:58+00:00\" \/>\n<meta name=\"twitter:label1\" content=\"Est. reading time\" \/>\n\t<meta name=\"twitter:data1\" content=\"1 minute\" \/>\n<script type=\"application\/ld+json\" class=\"yoast-schema-graph\">{\"@context\":\"https:\/\/schema.org\",\"@graph\":[{\"@type\":\"WebSite\",\"@id\":\"https:\/\/www.ntf.uni-lj.si\/toi\/#website\",\"url\":\"https:\/\/www.ntf.uni-lj.si\/toi\/\",\"name\":\"TOI\",\"description\":\"Katedra za tekstilno in obla\\u010dilno in\\u017eenirstvo\",\"potentialAction\":[{\"@type\":\"SearchAction\",\"target\":{\"@type\":\"EntryPoint\",\"urlTemplate\":\"https:\/\/www.ntf.uni-lj.si\/toi\/?s={search_term_string}\"},\"query-input\":\"required name=search_term_string\"}],\"inLanguage\":\"en-US\"},{\"@type\":\"WebPage\",\"@id\":\"https:\/\/www.ntf.uni-lj.si\/toi\/zaposleni\/ucitelji\/#webpage\",\"url\":\"https:\/\/www.ntf.uni-lj.si\/toi\/zaposleni\/ucitelji\/\",\"name\":\"U\\u010ditelji - TOI\",\"isPartOf\":{\"@id\":\"https:\/\/www.ntf.uni-lj.si\/toi\/#website\"},\"datePublished\":\"2015-03-26T13:24:26+00:00\",\"dateModified\":\"2022-12-05T09:13:58+00:00\",\"breadcrumb\":{\"@id\":\"https:\/\/www.ntf.uni-lj.si\/toi\/zaposleni\/ucitelji\/#breadcrumb\"},\"inLanguage\":\"en-US\",\"potentialAction\":[{\"@type\":\"ReadAction\",\"target\":[\"https:\/\/www.ntf.uni-lj.si\/toi\/zaposleni\/ucitelji\/\"]}]},{\"@type\":\"BreadcrumbList\",\"@id\":\"https:\/\/www.ntf.uni-lj.si\/toi\/zaposleni\/ucitelji\/#breadcrumb\",\"itemListElement\":[{\"@type\":\"ListItem\",\"position\":1,\"name\":\"Domov\",\"item\":\"https:\/\/www.ntf.uni-lj.si\/toi\/\"},{\"@type\":\"ListItem\",\"position\":2,\"name\":\"Zaposleni\",\"item\":\"https:\/\/www.ntf.uni-lj.si\/toi\/zaposleni\/\"},{\"@type\":\"ListItem\",\"position\":3,\"name\":\"U\\u010ditelji\"}]}]}<\/script>\n<!-- \/ Yoast SEO plugin. -->","yoast_head_json":{"robots":{"index":"index","follow":"follow","max-snippet":"max-snippet:-1","max-image-preview":"max-image-preview:large","max-video-preview":"max-video-preview:-1"},"canonical":"https:\/\/www.ntf.uni-lj.si\/toi\/zaposleni\/ucitelji\/","og_locale":"en_US","og_type":"article","og_title":"U\u010ditelji - TOI","og_description":"Zaradi prehoda na nov kadrovski sistem so mo\u017ene napake na seznamu zaposlenih ter podatkih posameznikov. Napake posku\u0161amo odpraviti v najkraj\u0161em mo\u017enem \u010dasu.","og_url":"https:\/\/www.ntf.uni-lj.si\/toi\/zaposleni\/ucitelji\/","og_site_name":"TOI","article_modified_time":"2022-12-05T09:13:58+00:00","twitter_misc":{"Est. reading time":"1 minute"},"schema":{"@context":"https:\/\/schema.org","@graph":[{"@type":"WebSite","@id":"https:\/\/www.ntf.uni-lj.si\/toi\/#website","url":"https:\/\/www.ntf.uni-lj.si\/toi\/","name":"TOI","description":"Katedra za tekstilno in obla\u010dilno in\u017eenirstvo","potentialAction":[{"@type":"SearchAction","target":{"@type":"EntryPoint","urlTemplate":"https:\/\/www.ntf.uni-lj.si\/toi\/?s={search_term_string}"},"query-input":"required name=search_term_string"}],"inLanguage":"en-US"},{"@type":"WebPage","@id":"https:\/\/www.ntf.uni-lj.si\/toi\/zaposleni\/ucitelji\/#webpage","url":"https:\/\/www.ntf.uni-lj.si\/toi\/zaposleni\/ucitelji\/","name":"U\u010ditelji - TOI","isPartOf":{"@id":"https:\/\/www.ntf.uni-lj.si\/toi\/#website"},"datePublished":"2015-03-26T13:24:26+00:00","dateModified":"2022-12-05T09:13:58+00:00","breadcrumb":{"@id":"https:\/\/www.ntf.uni-lj.si\/toi\/zaposleni\/ucitelji\/#breadcrumb"},"inLanguage":"en-US","potentialAction":[{"@type":"ReadAction","target":["https:\/\/www.ntf.uni-lj.si\/toi\/zaposleni\/ucitelji\/"]}]},{"@type":"BreadcrumbList","@id":"https:\/\/www.ntf.uni-lj.si\/toi\/zaposleni\/ucitelji\/#breadcrumb","itemListElement":[{"@type":"ListItem","position":1,"name":"Domov","item":"https:\/\/www.ntf.uni-lj.si\/toi\/"},{"@type":"ListItem","position":2,"name":"Zaposleni","item":"https:\/\/www.ntf.uni-lj.si\/toi\/zaposleni\/"},{"@type":"ListItem","position":3,"name":"U\u010ditelji"}]}]}},"_links":{"self":[{"href":"https:\/\/www.ntf.uni-lj.si\/toi\/wp-json\/wp\/v2\/pages\/695"}],"collection":[{"href":"https:\/\/www.ntf.uni-lj.si\/toi\/wp-json\/wp\/v2\/pages"}],"about":[{"href":"https:\/\/www.ntf.uni-lj.si\/toi\/wp-json\/wp\/v2\/types\/page"}],"author":[{"embeddable":true,"href":"https:\/\/www.ntf.uni-lj.si\/toi\/wp-json\/wp\/v2\/users\/15"}],"replies":[{"embeddable":true,"href":"https:\/\/www.ntf.uni-lj.si\/toi\/wp-json\/wp\/v2\/comments?post=695"}],"version-history":[{"count":8,"href":"https:\/\/www.ntf.uni-lj.si\/toi\/wp-json\/wp\/v2\/pages\/695\/revisions"}],"predecessor-version":[{"id":18159,"href":"https:\/\/www.ntf.uni-lj.si\/toi\/wp-json\/wp\/v2\/pages\/695\/revisions\/18159"}],"up":[{"embeddable":true,"href":"https:\/\/www.ntf.uni-lj.si\/toi\/wp-json\/wp\/v2\/pages\/692"}],"wp:attachment":[{"href":"https:\/\/www.ntf.uni-lj.si\/toi\/wp-json\/wp\/v2\/media?parent=695"}],"curies":[{"name":"wp","href":"https:\/\/api.w.org\/{rel}","templated":true}]}}