{"id":7123,"date":"2016-01-29T21:01:45","date_gmt":"2016-01-29T20:01:45","guid":{"rendered":"http:\/\/www.ntf.uni-lj.si\/toi\/?page_id=7123"},"modified":"2026-04-21T10:05:13","modified_gmt":"2026-04-21T08:05:13","slug":"prakticno-usposabljanje-toi","status":"publish","type":"page","link":"https:\/\/www.ntf.uni-lj.si\/toi\/studij\/prakticno-usposabljanje\/prakticno-usposabljanje-toi\/","title":{"rendered":"Prakti\u010dno usposabljanje \u2013 TOI"},"content":{"rendered":"<p>Prakti\u010dno usposabljanje \u0161tudentov Tekstilnega in obla\u010dilnega in\u017eenirstva se od leta 2025\/26 dalje izvaja v <strong>5. semestru<\/strong> \u0161tudija v obsegu <strong>10 delovnih tednov (400 delovnih ur)<\/strong>.<\/p>\n<p>\u0160tudenti se lahko usposabljajo v manj\u0161ih in ve\u010djih tekstilnih, obla\u010dilnih ter usnjarskih podjetjih, trgovinah s tekstilno-storitvenimi dejavnostmi, v gledali\u0161\u010dih, muzejih, restavratorskih centrih, izobra\u017eevalnih ustanovah, raziskovalnih in\u0161titutih s podro\u010dja tekstilne dejavnosti in dr\u017eavni upravi.<\/p>\n<p>Seznam podjetij, ki so odobrena (primerna) za opravljanje prakse se nahaja pri koordinatorki prakse.<\/p>\n","protected":false},"excerpt":{"rendered":"Prakti\u010dno usposabljanje \u0161tudentov Tekstilnega in obla\u010dilnega in\u017eenirstva se od leta 2025\/26 dalje izvaja v 5. semestru \u0161tudija v obsegu 10 delovnih tednov (400 delovnih ur). \u0160tudenti se lahko usposabljajo v manj\u0161ih in ve\u010djih tekstilnih, obla\u010dilnih ter usnjarskih podjetjih, trgovinah s tekstilno-storitvenimi dejavnostmi, v gledali\u0161\u010dih, muzejih, restavratorskih centrih, izobra\u017eevalnih ustanovah, raziskovalnih in\u0161titutih s podro\u010dja tekstilne dejavnosti &#8230; <a class=\"view-article\" href=\"https:\/\/www.ntf.uni-lj.si\/toi\/studij\/prakticno-usposabljanje\/prakticno-usposabljanje-toi\/\">Read more<\/a>","protected":false},"author":51,"featured_media":0,"parent":19030,"menu_order":50,"comment_status":"closed","ping_status":"closed","template":"","meta":[],"acf":[],"yoast_head":"<!-- This site is optimized with the Yoast SEO plugin v17.0 - https:\/\/yoast.com\/wordpress\/plugins\/seo\/ -->\n<meta name=\"robots\" content=\"index, follow, max-snippet:-1, max-image-preview:large, max-video-preview:-1\" \/>\n<link rel=\"canonical\" href=\"https:\/\/www.ntf.uni-lj.si\/toi\/studij\/prakticno-usposabljanje\/prakticno-usposabljanje-toi\/\" \/>\n<meta property=\"og:locale\" content=\"en_US\" \/>\n<meta property=\"og:type\" content=\"article\" \/>\n<meta property=\"og:title\" content=\"Prakti\u010dno usposabljanje \u2013 TOI - TOI\" \/>\n<meta property=\"og:description\" content=\"Prakti\u010dno usposabljanje \u0161tudentov Tekstilnega in obla\u010dilnega in\u017eenirstva se od leta 2025\/26 dalje izvaja v 5. semestru \u0161tudija v obsegu 10 delovnih tednov (400 delovnih ur). \u0160tudenti se lahko usposabljajo v manj\u0161ih in ve\u010djih tekstilnih, obla\u010dilnih ter usnjarskih podjetjih, trgovinah s tekstilno-storitvenimi dejavnostmi, v gledali\u0161\u010dih, muzejih, restavratorskih centrih, izobra\u017eevalnih ustanovah, raziskovalnih in\u0161titutih s podro\u010dja tekstilne dejavnosti ... Read more\" \/>\n<meta property=\"og:url\" content=\"https:\/\/www.ntf.uni-lj.si\/toi\/studij\/prakticno-usposabljanje\/prakticno-usposabljanje-toi\/\" \/>\n<meta property=\"og:site_name\" content=\"TOI\" \/>\n<meta property=\"article:modified_time\" content=\"2026-04-21T08:05:13+00:00\" \/>\n<meta name=\"twitter:label1\" content=\"Est. reading time\" \/>\n\t<meta name=\"twitter:data1\" content=\"1 minute\" \/>\n<script type=\"application\/ld+json\" class=\"yoast-schema-graph\">{\"@context\":\"https:\/\/schema.org\",\"@graph\":[{\"@type\":\"WebSite\",\"@id\":\"https:\/\/www.ntf.uni-lj.si\/toi\/#website\",\"url\":\"https:\/\/www.ntf.uni-lj.si\/toi\/\",\"name\":\"TOI\",\"description\":\"Katedra za tekstilno in obla\\u010dilno in\\u017eenirstvo\",\"potentialAction\":[{\"@type\":\"SearchAction\",\"target\":{\"@type\":\"EntryPoint\",\"urlTemplate\":\"https:\/\/www.ntf.uni-lj.si\/toi\/?s={search_term_string}\"},\"query-input\":\"required name=search_term_string\"}],\"inLanguage\":\"en-US\"},{\"@type\":\"WebPage\",\"@id\":\"https:\/\/www.ntf.uni-lj.si\/toi\/studij\/prakticno-usposabljanje\/prakticno-usposabljanje-toi\/#webpage\",\"url\":\"https:\/\/www.ntf.uni-lj.si\/toi\/studij\/prakticno-usposabljanje\/prakticno-usposabljanje-toi\/\",\"name\":\"Prakti\\u010dno usposabljanje \\u2013 TOI - TOI\",\"isPartOf\":{\"@id\":\"https:\/\/www.ntf.uni-lj.si\/toi\/#website\"},\"datePublished\":\"2016-01-29T20:01:45+00:00\",\"dateModified\":\"2026-04-21T08:05:13+00:00\",\"breadcrumb\":{\"@id\":\"https:\/\/www.ntf.uni-lj.si\/toi\/studij\/prakticno-usposabljanje\/prakticno-usposabljanje-toi\/#breadcrumb\"},\"inLanguage\":\"en-US\",\"potentialAction\":[{\"@type\":\"ReadAction\",\"target\":[\"https:\/\/www.ntf.uni-lj.si\/toi\/studij\/prakticno-usposabljanje\/prakticno-usposabljanje-toi\/\"]}]},{\"@type\":\"BreadcrumbList\",\"@id\":\"https:\/\/www.ntf.uni-lj.si\/toi\/studij\/prakticno-usposabljanje\/prakticno-usposabljanje-toi\/#breadcrumb\",\"itemListElement\":[{\"@type\":\"ListItem\",\"position\":1,\"name\":\"Domov\",\"item\":\"https:\/\/www.ntf.uni-lj.si\/toi\/\"},{\"@type\":\"ListItem\",\"position\":2,\"name\":\"\\u0160tudij\",\"item\":\"https:\/\/www.ntf.uni-lj.si\/toi\/studij\/\"},{\"@type\":\"ListItem\",\"position\":3,\"name\":\"Prakti\\u010dno usposabljanje\",\"item\":\"https:\/\/www.ntf.uni-lj.si\/toi\/studij\/prakticno-usposabljanje\/\"},{\"@type\":\"ListItem\",\"position\":4,\"name\":\"Prakti\\u010dno usposabljanje \\u2013 TOI\"}]}]}<\/script>\n<!-- \/ Yoast SEO plugin. -->","yoast_head_json":{"robots":{"index":"index","follow":"follow","max-snippet":"max-snippet:-1","max-image-preview":"max-image-preview:large","max-video-preview":"max-video-preview:-1"},"canonical":"https:\/\/www.ntf.uni-lj.si\/toi\/studij\/prakticno-usposabljanje\/prakticno-usposabljanje-toi\/","og_locale":"en_US","og_type":"article","og_title":"Prakti\u010dno usposabljanje \u2013 TOI - TOI","og_description":"Prakti\u010dno usposabljanje \u0161tudentov Tekstilnega in obla\u010dilnega in\u017eenirstva se od leta 2025\/26 dalje izvaja v 5. semestru \u0161tudija v obsegu 10 delovnih tednov (400 delovnih ur). \u0160tudenti se lahko usposabljajo v manj\u0161ih in ve\u010djih tekstilnih, obla\u010dilnih ter usnjarskih podjetjih, trgovinah s tekstilno-storitvenimi dejavnostmi, v gledali\u0161\u010dih, muzejih, restavratorskih centrih, izobra\u017eevalnih ustanovah, raziskovalnih in\u0161titutih s podro\u010dja tekstilne dejavnosti ... Read more","og_url":"https:\/\/www.ntf.uni-lj.si\/toi\/studij\/prakticno-usposabljanje\/prakticno-usposabljanje-toi\/","og_site_name":"TOI","article_modified_time":"2026-04-21T08:05:13+00:00","twitter_misc":{"Est. reading time":"1 minute"},"schema":{"@context":"https:\/\/schema.org","@graph":[{"@type":"WebSite","@id":"https:\/\/www.ntf.uni-lj.si\/toi\/#website","url":"https:\/\/www.ntf.uni-lj.si\/toi\/","name":"TOI","description":"Katedra za tekstilno in obla\u010dilno in\u017eenirstvo","potentialAction":[{"@type":"SearchAction","target":{"@type":"EntryPoint","urlTemplate":"https:\/\/www.ntf.uni-lj.si\/toi\/?s={search_term_string}"},"query-input":"required name=search_term_string"}],"inLanguage":"en-US"},{"@type":"WebPage","@id":"https:\/\/www.ntf.uni-lj.si\/toi\/studij\/prakticno-usposabljanje\/prakticno-usposabljanje-toi\/#webpage","url":"https:\/\/www.ntf.uni-lj.si\/toi\/studij\/prakticno-usposabljanje\/prakticno-usposabljanje-toi\/","name":"Prakti\u010dno usposabljanje \u2013 TOI - TOI","isPartOf":{"@id":"https:\/\/www.ntf.uni-lj.si\/toi\/#website"},"datePublished":"2016-01-29T20:01:45+00:00","dateModified":"2026-04-21T08:05:13+00:00","breadcrumb":{"@id":"https:\/\/www.ntf.uni-lj.si\/toi\/studij\/prakticno-usposabljanje\/prakticno-usposabljanje-toi\/#breadcrumb"},"inLanguage":"en-US","potentialAction":[{"@type":"ReadAction","target":["https:\/\/www.ntf.uni-lj.si\/toi\/studij\/prakticno-usposabljanje\/prakticno-usposabljanje-toi\/"]}]},{"@type":"BreadcrumbList","@id":"https:\/\/www.ntf.uni-lj.si\/toi\/studij\/prakticno-usposabljanje\/prakticno-usposabljanje-toi\/#breadcrumb","itemListElement":[{"@type":"ListItem","position":1,"name":"Domov","item":"https:\/\/www.ntf.uni-lj.si\/toi\/"},{"@type":"ListItem","position":2,"name":"\u0160tudij","item":"https:\/\/www.ntf.uni-lj.si\/toi\/studij\/"},{"@type":"ListItem","position":3,"name":"Prakti\u010dno usposabljanje","item":"https:\/\/www.ntf.uni-lj.si\/toi\/studij\/prakticno-usposabljanje\/"},{"@type":"ListItem","position":4,"name":"Prakti\u010dno usposabljanje \u2013 TOI"}]}]}},"_links":{"self":[{"href":"https:\/\/www.ntf.uni-lj.si\/toi\/wp-json\/wp\/v2\/pages\/7123"}],"collection":[{"href":"https:\/\/www.ntf.uni-lj.si\/toi\/wp-json\/wp\/v2\/pages"}],"about":[{"href":"https:\/\/www.ntf.uni-lj.si\/toi\/wp-json\/wp\/v2\/types\/page"}],"author":[{"embeddable":true,"href":"https:\/\/www.ntf.uni-lj.si\/toi\/wp-json\/wp\/v2\/users\/51"}],"replies":[{"embeddable":true,"href":"https:\/\/www.ntf.uni-lj.si\/toi\/wp-json\/wp\/v2\/comments?post=7123"}],"version-history":[{"count":54,"href":"https:\/\/www.ntf.uni-lj.si\/toi\/wp-json\/wp\/v2\/pages\/7123\/revisions"}],"predecessor-version":[{"id":22097,"href":"https:\/\/www.ntf.uni-lj.si\/toi\/wp-json\/wp\/v2\/pages\/7123\/revisions\/22097"}],"up":[{"embeddable":true,"href":"https:\/\/www.ntf.uni-lj.si\/toi\/wp-json\/wp\/v2\/pages\/19030"}],"wp:attachment":[{"href":"https:\/\/www.ntf.uni-lj.si\/toi\/wp-json\/wp\/v2\/media?parent=7123"}],"curies":[{"name":"wp","href":"https:\/\/api.w.org\/{rel}","templated":true}]}}