{"id":7382,"date":"2016-02-01T13:07:13","date_gmt":"2016-02-01T12:07:13","guid":{"rendered":"http:\/\/www.ntf.uni-lj.si\/toi\/?page_id=7382"},"modified":"2026-04-01T11:25:54","modified_gmt":"2026-04-01T09:25:54","slug":"predstavitveni-zbornik-doktorskega-studijskega-programa","status":"publish","type":"page","link":"https:\/\/www.ntf.uni-lj.si\/toi\/studij\/3-stopnja\/tekstilstvo-grafika-in-tekstilno-oblikovanje-dr\/predstavitveni-zbornik-doktorskega-studijskega-programa\/","title":{"rendered":"Predstavitveni zbornik doktorskega programa, u\u010dni na\u010drti in predstavitve za sre\u010danja"},"content":{"rendered":"","protected":false},"excerpt":{"rendered":"","protected":false},"author":51,"featured_media":0,"parent":551,"menu_order":500,"comment_status":"closed","ping_status":"closed","template":"","meta":[],"acf":[],"yoast_head":"<!-- This site is optimized with the Yoast SEO plugin v17.0 - https:\/\/yoast.com\/wordpress\/plugins\/seo\/ -->\n<meta name=\"robots\" content=\"index, follow, max-snippet:-1, max-image-preview:large, max-video-preview:-1\" \/>\n<link rel=\"canonical\" href=\"https:\/\/www.ntf.uni-lj.si\/toi\/studij\/3-stopnja\/tekstilstvo-grafika-in-tekstilno-oblikovanje-dr\/predstavitveni-zbornik-doktorskega-studijskega-programa\/\" \/>\n<meta property=\"og:locale\" content=\"en_US\" \/>\n<meta property=\"og:type\" content=\"article\" \/>\n<meta property=\"og:title\" content=\"Predstavitveni zbornik doktorskega programa, u\u010dni na\u010drti in predstavitve za sre\u010danja - TOI\" \/>\n<meta property=\"og:url\" content=\"https:\/\/www.ntf.uni-lj.si\/toi\/studij\/3-stopnja\/tekstilstvo-grafika-in-tekstilno-oblikovanje-dr\/predstavitveni-zbornik-doktorskega-studijskega-programa\/\" \/>\n<meta property=\"og:site_name\" content=\"TOI\" \/>\n<meta property=\"article:modified_time\" content=\"2026-04-01T09:25:54+00:00\" \/>\n<script type=\"application\/ld+json\" class=\"yoast-schema-graph\">{\"@context\":\"https:\/\/schema.org\",\"@graph\":[{\"@type\":\"WebSite\",\"@id\":\"https:\/\/www.ntf.uni-lj.si\/toi\/#website\",\"url\":\"https:\/\/www.ntf.uni-lj.si\/toi\/\",\"name\":\"TOI\",\"description\":\"Katedra za tekstilno in obla\\u010dilno in\\u017eenirstvo\",\"potentialAction\":[{\"@type\":\"SearchAction\",\"target\":{\"@type\":\"EntryPoint\",\"urlTemplate\":\"https:\/\/www.ntf.uni-lj.si\/toi\/?s={search_term_string}\"},\"query-input\":\"required name=search_term_string\"}],\"inLanguage\":\"en-US\"},{\"@type\":\"WebPage\",\"@id\":\"https:\/\/www.ntf.uni-lj.si\/toi\/studij\/3-stopnja\/tekstilstvo-grafika-in-tekstilno-oblikovanje-dr\/predstavitveni-zbornik-doktorskega-studijskega-programa\/#webpage\",\"url\":\"https:\/\/www.ntf.uni-lj.si\/toi\/studij\/3-stopnja\/tekstilstvo-grafika-in-tekstilno-oblikovanje-dr\/predstavitveni-zbornik-doktorskega-studijskega-programa\/\",\"name\":\"Predstavitveni zbornik doktorskega programa, u\\u010dni na\\u010drti in predstavitve za sre\\u010danja - TOI\",\"isPartOf\":{\"@id\":\"https:\/\/www.ntf.uni-lj.si\/toi\/#website\"},\"datePublished\":\"2016-02-01T12:07:13+00:00\",\"dateModified\":\"2026-04-01T09:25:54+00:00\",\"breadcrumb\":{\"@id\":\"https:\/\/www.ntf.uni-lj.si\/toi\/studij\/3-stopnja\/tekstilstvo-grafika-in-tekstilno-oblikovanje-dr\/predstavitveni-zbornik-doktorskega-studijskega-programa\/#breadcrumb\"},\"inLanguage\":\"en-US\",\"potentialAction\":[{\"@type\":\"ReadAction\",\"target\":[\"https:\/\/www.ntf.uni-lj.si\/toi\/studij\/3-stopnja\/tekstilstvo-grafika-in-tekstilno-oblikovanje-dr\/predstavitveni-zbornik-doktorskega-studijskega-programa\/\"]}]},{\"@type\":\"BreadcrumbList\",\"@id\":\"https:\/\/www.ntf.uni-lj.si\/toi\/studij\/3-stopnja\/tekstilstvo-grafika-in-tekstilno-oblikovanje-dr\/predstavitveni-zbornik-doktorskega-studijskega-programa\/#breadcrumb\",\"itemListElement\":[{\"@type\":\"ListItem\",\"position\":1,\"name\":\"Domov\",\"item\":\"https:\/\/www.ntf.uni-lj.si\/toi\/\"},{\"@type\":\"ListItem\",\"position\":2,\"name\":\"\\u0160tudij\",\"item\":\"https:\/\/www.ntf.uni-lj.si\/toi\/studij\/\"},{\"@type\":\"ListItem\",\"position\":3,\"name\":\"3. stopnja\",\"item\":\"https:\/\/www.ntf.uni-lj.si\/toi\/studij\/3-stopnja\/\"},{\"@type\":\"ListItem\",\"position\":4,\"name\":\"Tekstilstvo, grafika in tekstilno oblikovanje (DR)\",\"item\":\"https:\/\/www.ntf.uni-lj.si\/toi\/studij\/3-stopnja\/tekstilstvo-grafika-in-tekstilno-oblikovanje-dr\/\"},{\"@type\":\"ListItem\",\"position\":5,\"name\":\"Predstavitveni zbornik doktorskega programa, u\\u010dni na\\u010drti in predstavitve za sre\\u010danja\"}]}]}<\/script>\n<!-- \/ Yoast SEO plugin. -->","yoast_head_json":{"robots":{"index":"index","follow":"follow","max-snippet":"max-snippet:-1","max-image-preview":"max-image-preview:large","max-video-preview":"max-video-preview:-1"},"canonical":"https:\/\/www.ntf.uni-lj.si\/toi\/studij\/3-stopnja\/tekstilstvo-grafika-in-tekstilno-oblikovanje-dr\/predstavitveni-zbornik-doktorskega-studijskega-programa\/","og_locale":"en_US","og_type":"article","og_title":"Predstavitveni zbornik doktorskega programa, u\u010dni na\u010drti in predstavitve za sre\u010danja - TOI","og_url":"https:\/\/www.ntf.uni-lj.si\/toi\/studij\/3-stopnja\/tekstilstvo-grafika-in-tekstilno-oblikovanje-dr\/predstavitveni-zbornik-doktorskega-studijskega-programa\/","og_site_name":"TOI","article_modified_time":"2026-04-01T09:25:54+00:00","schema":{"@context":"https:\/\/schema.org","@graph":[{"@type":"WebSite","@id":"https:\/\/www.ntf.uni-lj.si\/toi\/#website","url":"https:\/\/www.ntf.uni-lj.si\/toi\/","name":"TOI","description":"Katedra za tekstilno in obla\u010dilno in\u017eenirstvo","potentialAction":[{"@type":"SearchAction","target":{"@type":"EntryPoint","urlTemplate":"https:\/\/www.ntf.uni-lj.si\/toi\/?s={search_term_string}"},"query-input":"required name=search_term_string"}],"inLanguage":"en-US"},{"@type":"WebPage","@id":"https:\/\/www.ntf.uni-lj.si\/toi\/studij\/3-stopnja\/tekstilstvo-grafika-in-tekstilno-oblikovanje-dr\/predstavitveni-zbornik-doktorskega-studijskega-programa\/#webpage","url":"https:\/\/www.ntf.uni-lj.si\/toi\/studij\/3-stopnja\/tekstilstvo-grafika-in-tekstilno-oblikovanje-dr\/predstavitveni-zbornik-doktorskega-studijskega-programa\/","name":"Predstavitveni zbornik doktorskega programa, u\u010dni na\u010drti in predstavitve za sre\u010danja - TOI","isPartOf":{"@id":"https:\/\/www.ntf.uni-lj.si\/toi\/#website"},"datePublished":"2016-02-01T12:07:13+00:00","dateModified":"2026-04-01T09:25:54+00:00","breadcrumb":{"@id":"https:\/\/www.ntf.uni-lj.si\/toi\/studij\/3-stopnja\/tekstilstvo-grafika-in-tekstilno-oblikovanje-dr\/predstavitveni-zbornik-doktorskega-studijskega-programa\/#breadcrumb"},"inLanguage":"en-US","potentialAction":[{"@type":"ReadAction","target":["https:\/\/www.ntf.uni-lj.si\/toi\/studij\/3-stopnja\/tekstilstvo-grafika-in-tekstilno-oblikovanje-dr\/predstavitveni-zbornik-doktorskega-studijskega-programa\/"]}]},{"@type":"BreadcrumbList","@id":"https:\/\/www.ntf.uni-lj.si\/toi\/studij\/3-stopnja\/tekstilstvo-grafika-in-tekstilno-oblikovanje-dr\/predstavitveni-zbornik-doktorskega-studijskega-programa\/#breadcrumb","itemListElement":[{"@type":"ListItem","position":1,"name":"Domov","item":"https:\/\/www.ntf.uni-lj.si\/toi\/"},{"@type":"ListItem","position":2,"name":"\u0160tudij","item":"https:\/\/www.ntf.uni-lj.si\/toi\/studij\/"},{"@type":"ListItem","position":3,"name":"3. stopnja","item":"https:\/\/www.ntf.uni-lj.si\/toi\/studij\/3-stopnja\/"},{"@type":"ListItem","position":4,"name":"Tekstilstvo, grafika in tekstilno oblikovanje (DR)","item":"https:\/\/www.ntf.uni-lj.si\/toi\/studij\/3-stopnja\/tekstilstvo-grafika-in-tekstilno-oblikovanje-dr\/"},{"@type":"ListItem","position":5,"name":"Predstavitveni zbornik doktorskega programa, u\u010dni na\u010drti in predstavitve za sre\u010danja"}]}]}},"_links":{"self":[{"href":"https:\/\/www.ntf.uni-lj.si\/toi\/wp-json\/wp\/v2\/pages\/7382"}],"collection":[{"href":"https:\/\/www.ntf.uni-lj.si\/toi\/wp-json\/wp\/v2\/pages"}],"about":[{"href":"https:\/\/www.ntf.uni-lj.si\/toi\/wp-json\/wp\/v2\/types\/page"}],"author":[{"embeddable":true,"href":"https:\/\/www.ntf.uni-lj.si\/toi\/wp-json\/wp\/v2\/users\/51"}],"replies":[{"embeddable":true,"href":"https:\/\/www.ntf.uni-lj.si\/toi\/wp-json\/wp\/v2\/comments?post=7382"}],"version-history":[{"count":32,"href":"https:\/\/www.ntf.uni-lj.si\/toi\/wp-json\/wp\/v2\/pages\/7382\/revisions"}],"predecessor-version":[{"id":21997,"href":"https:\/\/www.ntf.uni-lj.si\/toi\/wp-json\/wp\/v2\/pages\/7382\/revisions\/21997"}],"up":[{"embeddable":true,"href":"https:\/\/www.ntf.uni-lj.si\/toi\/wp-json\/wp\/v2\/pages\/551"}],"wp:attachment":[{"href":"https:\/\/www.ntf.uni-lj.si\/toi\/wp-json\/wp\/v2\/media?parent=7382"}],"curies":[{"name":"wp","href":"https:\/\/api.w.org\/{rel}","templated":true}]}}