{"id":7720,"date":"2016-02-10T14:26:57","date_gmt":"2016-02-10T13:26:57","guid":{"rendered":"http:\/\/www.ntf.uni-lj.si\/toi\/?page_id=7720"},"modified":"2016-06-15T09:32:08","modified_gmt":"2016-06-15T07:32:08","slug":"zunanja-izbirnost-in-mobilnost-2","status":"publish","type":"page","link":"https:\/\/www.ntf.uni-lj.si\/toi\/studij\/2-stopnja\/nacrtovanje-tekstilij-in-oblacil-mag\/ostale-informacije-2-2\/zunanja-izbirnost-in-mobilnost-2\/","title":{"rendered":"Zunanja izbirnost in mobilnost"},"content":{"rendered":"<p>&nbsp;<\/p>\n<h2>Zunanja izbirnost<\/h2>\n<p>\u0160tudent  lahko  33  %  izbirnih  enot  programa  (12  kreditnih  to\u010dk)  pridobi  v  drugih magistrskih \u0161tudijskih programih Oddelka za tekstilstvo, grafiko in oblikovanje, NTF oziroma programih drugih fakultet.<\/p>\n<p>&nbsp;<\/p>\n<h2>Mobilnost<\/h2>\n<p>\u0160tudent lahko 30 kreditnih to\u010dk programa (semester \u0161tudija, ne glede na obvezne ali izbirne enote) prenese iz katerega koli magistrskega \u0161tudijskega programa s podro\u010dja tekstilne  ali  obla\u010dilne  dejavnosti,  ki  se  izvajajo  na  univerzah,  vklju\u010denih  v  mre\u017eo AUTEX in Erasmus+.<\/p>\n","protected":false},"excerpt":{"rendered":"&nbsp; Zunanja izbirnost \u0160tudent lahko 33 % izbirnih enot programa (12 kreditnih to\u010dk) pridobi v drugih magistrskih \u0161tudijskih programih Oddelka za tekstilstvo, grafiko in oblikovanje, NTF oziroma programih drugih fakultet. &nbsp; Mobilnost \u0160tudent lahko 30 kreditnih to\u010dk programa (semester \u0161tudija, ne glede na obvezne ali izbirne enote) prenese iz katerega koli magistrskega \u0161tudijskega programa s &#8230; <a class=\"view-article\" href=\"https:\/\/www.ntf.uni-lj.si\/toi\/studij\/2-stopnja\/nacrtovanje-tekstilij-in-oblacil-mag\/ostale-informacije-2-2\/zunanja-izbirnost-in-mobilnost-2\/\">Read more<\/a>","protected":false},"author":51,"featured_media":0,"parent":295,"menu_order":50,"comment_status":"closed","ping_status":"closed","template":"","meta":[],"acf":[],"yoast_head":"<!-- This site is optimized with the Yoast SEO plugin v17.0 - https:\/\/yoast.com\/wordpress\/plugins\/seo\/ -->\n<meta name=\"robots\" content=\"index, follow, max-snippet:-1, max-image-preview:large, max-video-preview:-1\" \/>\n<link rel=\"canonical\" href=\"https:\/\/www.ntf.uni-lj.si\/toi\/studij\/2-stopnja\/nacrtovanje-tekstilij-in-oblacil-mag\/ostale-informacije-2-2\/zunanja-izbirnost-in-mobilnost-2\/\" \/>\n<meta property=\"og:locale\" content=\"en_US\" \/>\n<meta property=\"og:type\" content=\"article\" \/>\n<meta property=\"og:title\" content=\"Zunanja izbirnost in mobilnost - TOI\" \/>\n<meta property=\"og:description\" content=\"&nbsp; Zunanja izbirnost \u0160tudent lahko 33 % izbirnih enot programa (12 kreditnih to\u010dk) pridobi v drugih magistrskih \u0161tudijskih programih Oddelka za tekstilstvo, grafiko in oblikovanje, NTF oziroma programih drugih fakultet. &nbsp; Mobilnost \u0160tudent lahko 30 kreditnih to\u010dk programa (semester \u0161tudija, ne glede na obvezne ali izbirne enote) prenese iz katerega koli magistrskega \u0161tudijskega programa s ... Read more\" \/>\n<meta property=\"og:url\" content=\"https:\/\/www.ntf.uni-lj.si\/toi\/studij\/2-stopnja\/nacrtovanje-tekstilij-in-oblacil-mag\/ostale-informacije-2-2\/zunanja-izbirnost-in-mobilnost-2\/\" \/>\n<meta property=\"og:site_name\" content=\"TOI\" \/>\n<meta property=\"article:modified_time\" content=\"2016-06-15T07:32:08+00:00\" \/>\n<script type=\"application\/ld+json\" class=\"yoast-schema-graph\">{\"@context\":\"https:\/\/schema.org\",\"@graph\":[{\"@type\":\"WebSite\",\"@id\":\"https:\/\/www.ntf.uni-lj.si\/toi\/#website\",\"url\":\"https:\/\/www.ntf.uni-lj.si\/toi\/\",\"name\":\"TOI\",\"description\":\"Katedra za tekstilno in obla\\u010dilno in\\u017eenirstvo\",\"potentialAction\":[{\"@type\":\"SearchAction\",\"target\":{\"@type\":\"EntryPoint\",\"urlTemplate\":\"https:\/\/www.ntf.uni-lj.si\/toi\/?s={search_term_string}\"},\"query-input\":\"required name=search_term_string\"}],\"inLanguage\":\"en-US\"},{\"@type\":\"WebPage\",\"@id\":\"https:\/\/www.ntf.uni-lj.si\/toi\/studij\/2-stopnja\/nacrtovanje-tekstilij-in-oblacil-mag\/ostale-informacije-2-2\/zunanja-izbirnost-in-mobilnost-2\/#webpage\",\"url\":\"https:\/\/www.ntf.uni-lj.si\/toi\/studij\/2-stopnja\/nacrtovanje-tekstilij-in-oblacil-mag\/ostale-informacije-2-2\/zunanja-izbirnost-in-mobilnost-2\/\",\"name\":\"Zunanja izbirnost in mobilnost - TOI\",\"isPartOf\":{\"@id\":\"https:\/\/www.ntf.uni-lj.si\/toi\/#website\"},\"datePublished\":\"2016-02-10T13:26:57+00:00\",\"dateModified\":\"2016-06-15T07:32:08+00:00\",\"breadcrumb\":{\"@id\":\"https:\/\/www.ntf.uni-lj.si\/toi\/studij\/2-stopnja\/nacrtovanje-tekstilij-in-oblacil-mag\/ostale-informacije-2-2\/zunanja-izbirnost-in-mobilnost-2\/#breadcrumb\"},\"inLanguage\":\"en-US\",\"potentialAction\":[{\"@type\":\"ReadAction\",\"target\":[\"https:\/\/www.ntf.uni-lj.si\/toi\/studij\/2-stopnja\/nacrtovanje-tekstilij-in-oblacil-mag\/ostale-informacije-2-2\/zunanja-izbirnost-in-mobilnost-2\/\"]}]},{\"@type\":\"BreadcrumbList\",\"@id\":\"https:\/\/www.ntf.uni-lj.si\/toi\/studij\/2-stopnja\/nacrtovanje-tekstilij-in-oblacil-mag\/ostale-informacije-2-2\/zunanja-izbirnost-in-mobilnost-2\/#breadcrumb\",\"itemListElement\":[{\"@type\":\"ListItem\",\"position\":1,\"name\":\"Domov\",\"item\":\"https:\/\/www.ntf.uni-lj.si\/toi\/\"},{\"@type\":\"ListItem\",\"position\":2,\"name\":\"\\u0160tudij\",\"item\":\"https:\/\/www.ntf.uni-lj.si\/toi\/studij\/\"},{\"@type\":\"ListItem\",\"position\":3,\"name\":\"2. stopnja\",\"item\":\"https:\/\/www.ntf.uni-lj.si\/toi\/studij\/2-stopnja\/\"},{\"@type\":\"ListItem\",\"position\":4,\"name\":\"Na\\u010drtovanje tekstilij in obla\\u010dil (MAG)\",\"item\":\"https:\/\/www.ntf.uni-lj.si\/toi\/studij\/2-stopnja\/nacrtovanje-tekstilij-in-oblacil-mag\/\"},{\"@type\":\"ListItem\",\"position\":5,\"name\":\"Ostale informacije\",\"item\":\"https:\/\/www.ntf.uni-lj.si\/toi\/studij\/2-stopnja\/nacrtovanje-tekstilij-in-oblacil-mag\/ostale-informacije-2-2\/\"},{\"@type\":\"ListItem\",\"position\":6,\"name\":\"Zunanja izbirnost in mobilnost\"}]}]}<\/script>\n<!-- \/ Yoast SEO plugin. -->","yoast_head_json":{"robots":{"index":"index","follow":"follow","max-snippet":"max-snippet:-1","max-image-preview":"max-image-preview:large","max-video-preview":"max-video-preview:-1"},"canonical":"https:\/\/www.ntf.uni-lj.si\/toi\/studij\/2-stopnja\/nacrtovanje-tekstilij-in-oblacil-mag\/ostale-informacije-2-2\/zunanja-izbirnost-in-mobilnost-2\/","og_locale":"en_US","og_type":"article","og_title":"Zunanja izbirnost in mobilnost - TOI","og_description":"&nbsp; Zunanja izbirnost \u0160tudent lahko 33 % izbirnih enot programa (12 kreditnih to\u010dk) pridobi v drugih magistrskih \u0161tudijskih programih Oddelka za tekstilstvo, grafiko in oblikovanje, NTF oziroma programih drugih fakultet. &nbsp; Mobilnost \u0160tudent lahko 30 kreditnih to\u010dk programa (semester \u0161tudija, ne glede na obvezne ali izbirne enote) prenese iz katerega koli magistrskega \u0161tudijskega programa s ... Read more","og_url":"https:\/\/www.ntf.uni-lj.si\/toi\/studij\/2-stopnja\/nacrtovanje-tekstilij-in-oblacil-mag\/ostale-informacije-2-2\/zunanja-izbirnost-in-mobilnost-2\/","og_site_name":"TOI","article_modified_time":"2016-06-15T07:32:08+00:00","schema":{"@context":"https:\/\/schema.org","@graph":[{"@type":"WebSite","@id":"https:\/\/www.ntf.uni-lj.si\/toi\/#website","url":"https:\/\/www.ntf.uni-lj.si\/toi\/","name":"TOI","description":"Katedra za tekstilno in obla\u010dilno in\u017eenirstvo","potentialAction":[{"@type":"SearchAction","target":{"@type":"EntryPoint","urlTemplate":"https:\/\/www.ntf.uni-lj.si\/toi\/?s={search_term_string}"},"query-input":"required name=search_term_string"}],"inLanguage":"en-US"},{"@type":"WebPage","@id":"https:\/\/www.ntf.uni-lj.si\/toi\/studij\/2-stopnja\/nacrtovanje-tekstilij-in-oblacil-mag\/ostale-informacije-2-2\/zunanja-izbirnost-in-mobilnost-2\/#webpage","url":"https:\/\/www.ntf.uni-lj.si\/toi\/studij\/2-stopnja\/nacrtovanje-tekstilij-in-oblacil-mag\/ostale-informacije-2-2\/zunanja-izbirnost-in-mobilnost-2\/","name":"Zunanja izbirnost in mobilnost - TOI","isPartOf":{"@id":"https:\/\/www.ntf.uni-lj.si\/toi\/#website"},"datePublished":"2016-02-10T13:26:57+00:00","dateModified":"2016-06-15T07:32:08+00:00","breadcrumb":{"@id":"https:\/\/www.ntf.uni-lj.si\/toi\/studij\/2-stopnja\/nacrtovanje-tekstilij-in-oblacil-mag\/ostale-informacije-2-2\/zunanja-izbirnost-in-mobilnost-2\/#breadcrumb"},"inLanguage":"en-US","potentialAction":[{"@type":"ReadAction","target":["https:\/\/www.ntf.uni-lj.si\/toi\/studij\/2-stopnja\/nacrtovanje-tekstilij-in-oblacil-mag\/ostale-informacije-2-2\/zunanja-izbirnost-in-mobilnost-2\/"]}]},{"@type":"BreadcrumbList","@id":"https:\/\/www.ntf.uni-lj.si\/toi\/studij\/2-stopnja\/nacrtovanje-tekstilij-in-oblacil-mag\/ostale-informacije-2-2\/zunanja-izbirnost-in-mobilnost-2\/#breadcrumb","itemListElement":[{"@type":"ListItem","position":1,"name":"Domov","item":"https:\/\/www.ntf.uni-lj.si\/toi\/"},{"@type":"ListItem","position":2,"name":"\u0160tudij","item":"https:\/\/www.ntf.uni-lj.si\/toi\/studij\/"},{"@type":"ListItem","position":3,"name":"2. stopnja","item":"https:\/\/www.ntf.uni-lj.si\/toi\/studij\/2-stopnja\/"},{"@type":"ListItem","position":4,"name":"Na\u010drtovanje tekstilij in obla\u010dil (MAG)","item":"https:\/\/www.ntf.uni-lj.si\/toi\/studij\/2-stopnja\/nacrtovanje-tekstilij-in-oblacil-mag\/"},{"@type":"ListItem","position":5,"name":"Ostale informacije","item":"https:\/\/www.ntf.uni-lj.si\/toi\/studij\/2-stopnja\/nacrtovanje-tekstilij-in-oblacil-mag\/ostale-informacije-2-2\/"},{"@type":"ListItem","position":6,"name":"Zunanja izbirnost in mobilnost"}]}]}},"_links":{"self":[{"href":"https:\/\/www.ntf.uni-lj.si\/toi\/wp-json\/wp\/v2\/pages\/7720"}],"collection":[{"href":"https:\/\/www.ntf.uni-lj.si\/toi\/wp-json\/wp\/v2\/pages"}],"about":[{"href":"https:\/\/www.ntf.uni-lj.si\/toi\/wp-json\/wp\/v2\/types\/page"}],"author":[{"embeddable":true,"href":"https:\/\/www.ntf.uni-lj.si\/toi\/wp-json\/wp\/v2\/users\/51"}],"replies":[{"embeddable":true,"href":"https:\/\/www.ntf.uni-lj.si\/toi\/wp-json\/wp\/v2\/comments?post=7720"}],"version-history":[{"count":6,"href":"https:\/\/www.ntf.uni-lj.si\/toi\/wp-json\/wp\/v2\/pages\/7720\/revisions"}],"predecessor-version":[{"id":8985,"href":"https:\/\/www.ntf.uni-lj.si\/toi\/wp-json\/wp\/v2\/pages\/7720\/revisions\/8985"}],"up":[{"embeddable":true,"href":"https:\/\/www.ntf.uni-lj.si\/toi\/wp-json\/wp\/v2\/pages\/295"}],"wp:attachment":[{"href":"https:\/\/www.ntf.uni-lj.si\/toi\/wp-json\/wp\/v2\/media?parent=7720"}],"curies":[{"name":"wp","href":"https:\/\/api.w.org\/{rel}","templated":true}]}}