{"id":7722,"date":"2016-02-10T14:28:02","date_gmt":"2016-02-10T13:28:02","guid":{"rendered":"http:\/\/www.ntf.uni-lj.si\/toi\/?page_id=7722"},"modified":"2016-06-15T09:36:02","modified_gmt":"2016-06-15T07:36:02","slug":"nacini-in-oblike-izvajanja-studija","status":"publish","type":"page","link":"https:\/\/www.ntf.uni-lj.si\/toi\/studij\/2-stopnja\/nacrtovanje-tekstilij-in-oblacil-mag\/ostale-informacije-2-2\/nacini-in-oblike-izvajanja-studija\/","title":{"rendered":"Na\u010dini in oblike izvajanja \u0161tudija"},"content":{"rendered":"<p>Magistrski \u0161tudijski program Na\u010drtovanje tekstilij in obla\u010dil se izvaja kot redni \u0161tudij. Na podlagi izra\u017eenih potreb gospodarskih dru\u017eb se lahko razpi\u0161e tudi izredni \u0161tudij. Izredni \u0161tudij se izvaja lo\u010deno od rednega, tako da se izvede minimalno 60 % kontaktnih ur programa.<\/p>\n<p>\u0160tudij poteka  v  slovenskem  jeziku. Tujim  \u0161tudentom  na  izmenjavi  se navodila  za eksperimentalno  delo  posebej  posredujejo  v  angle\u0161kem  jeziku,  predavanja  v angle\u0161kem jeziku pa se vzporedno organizirajo, \u010de jih je pri posameznem predmetu ve\u010d kot 5 in so za to zagotovljena finan\u010dna sredstva, v nasprotnem primeru se snov predavanj v angle\u0161kem jeziku posreduje v pisni obliki.<\/p>\n","protected":false},"excerpt":{"rendered":"Magistrski \u0161tudijski program Na\u010drtovanje tekstilij in obla\u010dil se izvaja kot redni \u0161tudij. Na podlagi izra\u017eenih potreb gospodarskih dru\u017eb se lahko razpi\u0161e tudi izredni \u0161tudij. Izredni \u0161tudij se izvaja lo\u010deno od rednega, tako da se izvede minimalno 60 % kontaktnih ur programa. \u0160tudij poteka v slovenskem jeziku. Tujim \u0161tudentom na izmenjavi se navodila za eksperimentalno delo &#8230; <a class=\"view-article\" href=\"https:\/\/www.ntf.uni-lj.si\/toi\/studij\/2-stopnja\/nacrtovanje-tekstilij-in-oblacil-mag\/ostale-informacije-2-2\/nacini-in-oblike-izvajanja-studija\/\">Read more<\/a>","protected":false},"author":51,"featured_media":0,"parent":295,"menu_order":60,"comment_status":"closed","ping_status":"closed","template":"","meta":[],"acf":[],"yoast_head":"<!-- This site is optimized with the Yoast SEO plugin v17.0 - https:\/\/yoast.com\/wordpress\/plugins\/seo\/ -->\n<meta name=\"robots\" content=\"index, follow, max-snippet:-1, max-image-preview:large, max-video-preview:-1\" \/>\n<link rel=\"canonical\" href=\"https:\/\/www.ntf.uni-lj.si\/toi\/studij\/2-stopnja\/nacrtovanje-tekstilij-in-oblacil-mag\/ostale-informacije-2-2\/nacini-in-oblike-izvajanja-studija\/\" \/>\n<meta property=\"og:locale\" content=\"en_US\" \/>\n<meta property=\"og:type\" content=\"article\" \/>\n<meta property=\"og:title\" content=\"Na\u010dini in oblike izvajanja \u0161tudija - TOI\" \/>\n<meta property=\"og:description\" content=\"Magistrski \u0161tudijski program Na\u010drtovanje tekstilij in obla\u010dil se izvaja kot redni \u0161tudij. Na podlagi izra\u017eenih potreb gospodarskih dru\u017eb se lahko razpi\u0161e tudi izredni \u0161tudij. Izredni \u0161tudij se izvaja lo\u010deno od rednega, tako da se izvede minimalno 60 % kontaktnih ur programa. \u0160tudij poteka v slovenskem jeziku. Tujim \u0161tudentom na izmenjavi se navodila za eksperimentalno delo ... Read more\" \/>\n<meta property=\"og:url\" content=\"https:\/\/www.ntf.uni-lj.si\/toi\/studij\/2-stopnja\/nacrtovanje-tekstilij-in-oblacil-mag\/ostale-informacije-2-2\/nacini-in-oblike-izvajanja-studija\/\" \/>\n<meta property=\"og:site_name\" content=\"TOI\" \/>\n<meta property=\"article:modified_time\" content=\"2016-06-15T07:36:02+00:00\" \/>\n<meta name=\"twitter:label1\" content=\"Est. reading time\" \/>\n\t<meta name=\"twitter:data1\" content=\"1 minute\" \/>\n<script type=\"application\/ld+json\" class=\"yoast-schema-graph\">{\"@context\":\"https:\/\/schema.org\",\"@graph\":[{\"@type\":\"WebSite\",\"@id\":\"https:\/\/www.ntf.uni-lj.si\/toi\/#website\",\"url\":\"https:\/\/www.ntf.uni-lj.si\/toi\/\",\"name\":\"TOI\",\"description\":\"Katedra za tekstilno in obla\\u010dilno in\\u017eenirstvo\",\"potentialAction\":[{\"@type\":\"SearchAction\",\"target\":{\"@type\":\"EntryPoint\",\"urlTemplate\":\"https:\/\/www.ntf.uni-lj.si\/toi\/?s={search_term_string}\"},\"query-input\":\"required name=search_term_string\"}],\"inLanguage\":\"en-US\"},{\"@type\":\"WebPage\",\"@id\":\"https:\/\/www.ntf.uni-lj.si\/toi\/studij\/2-stopnja\/nacrtovanje-tekstilij-in-oblacil-mag\/ostale-informacije-2-2\/nacini-in-oblike-izvajanja-studija\/#webpage\",\"url\":\"https:\/\/www.ntf.uni-lj.si\/toi\/studij\/2-stopnja\/nacrtovanje-tekstilij-in-oblacil-mag\/ostale-informacije-2-2\/nacini-in-oblike-izvajanja-studija\/\",\"name\":\"Na\\u010dini in oblike izvajanja \\u0161tudija - TOI\",\"isPartOf\":{\"@id\":\"https:\/\/www.ntf.uni-lj.si\/toi\/#website\"},\"datePublished\":\"2016-02-10T13:28:02+00:00\",\"dateModified\":\"2016-06-15T07:36:02+00:00\",\"breadcrumb\":{\"@id\":\"https:\/\/www.ntf.uni-lj.si\/toi\/studij\/2-stopnja\/nacrtovanje-tekstilij-in-oblacil-mag\/ostale-informacije-2-2\/nacini-in-oblike-izvajanja-studija\/#breadcrumb\"},\"inLanguage\":\"en-US\",\"potentialAction\":[{\"@type\":\"ReadAction\",\"target\":[\"https:\/\/www.ntf.uni-lj.si\/toi\/studij\/2-stopnja\/nacrtovanje-tekstilij-in-oblacil-mag\/ostale-informacije-2-2\/nacini-in-oblike-izvajanja-studija\/\"]}]},{\"@type\":\"BreadcrumbList\",\"@id\":\"https:\/\/www.ntf.uni-lj.si\/toi\/studij\/2-stopnja\/nacrtovanje-tekstilij-in-oblacil-mag\/ostale-informacije-2-2\/nacini-in-oblike-izvajanja-studija\/#breadcrumb\",\"itemListElement\":[{\"@type\":\"ListItem\",\"position\":1,\"name\":\"Domov\",\"item\":\"https:\/\/www.ntf.uni-lj.si\/toi\/\"},{\"@type\":\"ListItem\",\"position\":2,\"name\":\"\\u0160tudij\",\"item\":\"https:\/\/www.ntf.uni-lj.si\/toi\/studij\/\"},{\"@type\":\"ListItem\",\"position\":3,\"name\":\"2. stopnja\",\"item\":\"https:\/\/www.ntf.uni-lj.si\/toi\/studij\/2-stopnja\/\"},{\"@type\":\"ListItem\",\"position\":4,\"name\":\"Na\\u010drtovanje tekstilij in obla\\u010dil (MAG)\",\"item\":\"https:\/\/www.ntf.uni-lj.si\/toi\/studij\/2-stopnja\/nacrtovanje-tekstilij-in-oblacil-mag\/\"},{\"@type\":\"ListItem\",\"position\":5,\"name\":\"Ostale informacije\",\"item\":\"https:\/\/www.ntf.uni-lj.si\/toi\/studij\/2-stopnja\/nacrtovanje-tekstilij-in-oblacil-mag\/ostale-informacije-2-2\/\"},{\"@type\":\"ListItem\",\"position\":6,\"name\":\"Na\\u010dini in oblike izvajanja \\u0161tudija\"}]}]}<\/script>\n<!-- \/ Yoast SEO plugin. -->","yoast_head_json":{"robots":{"index":"index","follow":"follow","max-snippet":"max-snippet:-1","max-image-preview":"max-image-preview:large","max-video-preview":"max-video-preview:-1"},"canonical":"https:\/\/www.ntf.uni-lj.si\/toi\/studij\/2-stopnja\/nacrtovanje-tekstilij-in-oblacil-mag\/ostale-informacije-2-2\/nacini-in-oblike-izvajanja-studija\/","og_locale":"en_US","og_type":"article","og_title":"Na\u010dini in oblike izvajanja \u0161tudija - TOI","og_description":"Magistrski \u0161tudijski program Na\u010drtovanje tekstilij in obla\u010dil se izvaja kot redni \u0161tudij. Na podlagi izra\u017eenih potreb gospodarskih dru\u017eb se lahko razpi\u0161e tudi izredni \u0161tudij. Izredni \u0161tudij se izvaja lo\u010deno od rednega, tako da se izvede minimalno 60 % kontaktnih ur programa. \u0160tudij poteka v slovenskem jeziku. Tujim \u0161tudentom na izmenjavi se navodila za eksperimentalno delo ... Read more","og_url":"https:\/\/www.ntf.uni-lj.si\/toi\/studij\/2-stopnja\/nacrtovanje-tekstilij-in-oblacil-mag\/ostale-informacije-2-2\/nacini-in-oblike-izvajanja-studija\/","og_site_name":"TOI","article_modified_time":"2016-06-15T07:36:02+00:00","twitter_misc":{"Est. reading time":"1 minute"},"schema":{"@context":"https:\/\/schema.org","@graph":[{"@type":"WebSite","@id":"https:\/\/www.ntf.uni-lj.si\/toi\/#website","url":"https:\/\/www.ntf.uni-lj.si\/toi\/","name":"TOI","description":"Katedra za tekstilno in obla\u010dilno in\u017eenirstvo","potentialAction":[{"@type":"SearchAction","target":{"@type":"EntryPoint","urlTemplate":"https:\/\/www.ntf.uni-lj.si\/toi\/?s={search_term_string}"},"query-input":"required name=search_term_string"}],"inLanguage":"en-US"},{"@type":"WebPage","@id":"https:\/\/www.ntf.uni-lj.si\/toi\/studij\/2-stopnja\/nacrtovanje-tekstilij-in-oblacil-mag\/ostale-informacije-2-2\/nacini-in-oblike-izvajanja-studija\/#webpage","url":"https:\/\/www.ntf.uni-lj.si\/toi\/studij\/2-stopnja\/nacrtovanje-tekstilij-in-oblacil-mag\/ostale-informacije-2-2\/nacini-in-oblike-izvajanja-studija\/","name":"Na\u010dini in oblike izvajanja \u0161tudija - TOI","isPartOf":{"@id":"https:\/\/www.ntf.uni-lj.si\/toi\/#website"},"datePublished":"2016-02-10T13:28:02+00:00","dateModified":"2016-06-15T07:36:02+00:00","breadcrumb":{"@id":"https:\/\/www.ntf.uni-lj.si\/toi\/studij\/2-stopnja\/nacrtovanje-tekstilij-in-oblacil-mag\/ostale-informacije-2-2\/nacini-in-oblike-izvajanja-studija\/#breadcrumb"},"inLanguage":"en-US","potentialAction":[{"@type":"ReadAction","target":["https:\/\/www.ntf.uni-lj.si\/toi\/studij\/2-stopnja\/nacrtovanje-tekstilij-in-oblacil-mag\/ostale-informacije-2-2\/nacini-in-oblike-izvajanja-studija\/"]}]},{"@type":"BreadcrumbList","@id":"https:\/\/www.ntf.uni-lj.si\/toi\/studij\/2-stopnja\/nacrtovanje-tekstilij-in-oblacil-mag\/ostale-informacije-2-2\/nacini-in-oblike-izvajanja-studija\/#breadcrumb","itemListElement":[{"@type":"ListItem","position":1,"name":"Domov","item":"https:\/\/www.ntf.uni-lj.si\/toi\/"},{"@type":"ListItem","position":2,"name":"\u0160tudij","item":"https:\/\/www.ntf.uni-lj.si\/toi\/studij\/"},{"@type":"ListItem","position":3,"name":"2. stopnja","item":"https:\/\/www.ntf.uni-lj.si\/toi\/studij\/2-stopnja\/"},{"@type":"ListItem","position":4,"name":"Na\u010drtovanje tekstilij in obla\u010dil (MAG)","item":"https:\/\/www.ntf.uni-lj.si\/toi\/studij\/2-stopnja\/nacrtovanje-tekstilij-in-oblacil-mag\/"},{"@type":"ListItem","position":5,"name":"Ostale informacije","item":"https:\/\/www.ntf.uni-lj.si\/toi\/studij\/2-stopnja\/nacrtovanje-tekstilij-in-oblacil-mag\/ostale-informacije-2-2\/"},{"@type":"ListItem","position":6,"name":"Na\u010dini in oblike izvajanja \u0161tudija"}]}]}},"_links":{"self":[{"href":"https:\/\/www.ntf.uni-lj.si\/toi\/wp-json\/wp\/v2\/pages\/7722"}],"collection":[{"href":"https:\/\/www.ntf.uni-lj.si\/toi\/wp-json\/wp\/v2\/pages"}],"about":[{"href":"https:\/\/www.ntf.uni-lj.si\/toi\/wp-json\/wp\/v2\/types\/page"}],"author":[{"embeddable":true,"href":"https:\/\/www.ntf.uni-lj.si\/toi\/wp-json\/wp\/v2\/users\/51"}],"replies":[{"embeddable":true,"href":"https:\/\/www.ntf.uni-lj.si\/toi\/wp-json\/wp\/v2\/comments?post=7722"}],"version-history":[{"count":5,"href":"https:\/\/www.ntf.uni-lj.si\/toi\/wp-json\/wp\/v2\/pages\/7722\/revisions"}],"predecessor-version":[{"id":8988,"href":"https:\/\/www.ntf.uni-lj.si\/toi\/wp-json\/wp\/v2\/pages\/7722\/revisions\/8988"}],"up":[{"embeddable":true,"href":"https:\/\/www.ntf.uni-lj.si\/toi\/wp-json\/wp\/v2\/pages\/295"}],"wp:attachment":[{"href":"https:\/\/www.ntf.uni-lj.si\/toi\/wp-json\/wp\/v2\/media?parent=7722"}],"curies":[{"name":"wp","href":"https:\/\/api.w.org\/{rel}","templated":true}]}}