{"id":8765,"date":"2016-06-06T13:21:10","date_gmt":"2016-06-06T11:21:10","guid":{"rendered":"http:\/\/www.ntf.uni-lj.si\/toi\/?page_id=8765"},"modified":"2016-06-07T21:02:38","modified_gmt":"2016-06-07T19:02:38","slug":"pogoji-za-napredovanje-4-2","status":"publish","type":"page","link":"https:\/\/www.ntf.uni-lj.si\/toi\/studij\/2-stopnja\/nacrtovanje-tekstilij-in-oblacil-mag\/ostale-informacije-2-2\/pogoji-za-napredovanje-4-2\/","title":{"rendered":"Pogoji za napredovanje"},"content":{"rendered":"<p><strong>Pogoji za napredovanje v programu<\/strong><\/p>\n<p>\u0160tudenti morajo imeti za vpis v drugi letnik dose\u017eenih najmanj 54 kreditnih to\u010dk po ECTS. \u0160tudijska komisija NTF lahko izjemoma odobri napredovanje v drugi letnik \u0161tudentu, ki je v prvem letniku dosegel najmanj 42 kreditnih to\u010dk po ECTS, \u010de ima za to opravi\u010dljive razloge. Za opravi\u010dljive razloge \u0161tejejo razlogi, navedeni v Statutu Univerze v Ljubljani. \u0160tudenti morajo imeti za ponavljanje prvega letnika dose\u017eenih najmanj 28 kreditnih to\u010dk po ECTS.<\/p>\n<p><strong>Pogoji za ponavljanje letnika<\/strong><\/p>\n<p>\u0160tudent  lahko  v  \u010dasu \u0161tudija  enkrat  ponavlja  letnik  ali  enkrat  spremeni  \u0161tudijski program zaradi neizpolnitve obveznosti v prej\u0161njem \u0161tudijskem programu. <\/p>\n","protected":false},"excerpt":{"rendered":"Pogoji za napredovanje v programu \u0160tudenti morajo imeti za vpis v drugi letnik dose\u017eenih najmanj 54 kreditnih to\u010dk po ECTS. \u0160tudijska komisija NTF lahko izjemoma odobri napredovanje v drugi letnik \u0161tudentu, ki je v prvem letniku dosegel najmanj 42 kreditnih to\u010dk po ECTS, \u010de ima za to opravi\u010dljive razloge. Za opravi\u010dljive razloge \u0161tejejo razlogi, navedeni &#8230; <a class=\"view-article\" href=\"https:\/\/www.ntf.uni-lj.si\/toi\/studij\/2-stopnja\/nacrtovanje-tekstilij-in-oblacil-mag\/ostale-informacije-2-2\/pogoji-za-napredovanje-4-2\/\">Read more<\/a>","protected":false},"author":51,"featured_media":0,"parent":295,"menu_order":20,"comment_status":"closed","ping_status":"closed","template":"","meta":[],"acf":[],"yoast_head":"<!-- This site is optimized with the Yoast SEO plugin v17.0 - https:\/\/yoast.com\/wordpress\/plugins\/seo\/ -->\n<meta name=\"robots\" content=\"index, follow, max-snippet:-1, max-image-preview:large, max-video-preview:-1\" \/>\n<link rel=\"canonical\" href=\"https:\/\/www.ntf.uni-lj.si\/toi\/studij\/2-stopnja\/nacrtovanje-tekstilij-in-oblacil-mag\/ostale-informacije-2-2\/pogoji-za-napredovanje-4-2\/\" \/>\n<meta property=\"og:locale\" content=\"en_US\" \/>\n<meta property=\"og:type\" content=\"article\" \/>\n<meta property=\"og:title\" content=\"Pogoji za napredovanje - TOI\" \/>\n<meta property=\"og:description\" content=\"Pogoji za napredovanje v programu \u0160tudenti morajo imeti za vpis v drugi letnik dose\u017eenih najmanj 54 kreditnih to\u010dk po ECTS. \u0160tudijska komisija NTF lahko izjemoma odobri napredovanje v drugi letnik \u0161tudentu, ki je v prvem letniku dosegel najmanj 42 kreditnih to\u010dk po ECTS, \u010de ima za to opravi\u010dljive razloge. Za opravi\u010dljive razloge \u0161tejejo razlogi, navedeni ... Read more\" \/>\n<meta property=\"og:url\" content=\"https:\/\/www.ntf.uni-lj.si\/toi\/studij\/2-stopnja\/nacrtovanje-tekstilij-in-oblacil-mag\/ostale-informacije-2-2\/pogoji-za-napredovanje-4-2\/\" \/>\n<meta property=\"og:site_name\" content=\"TOI\" \/>\n<meta property=\"article:modified_time\" content=\"2016-06-07T19:02:38+00:00\" \/>\n<meta name=\"twitter:label1\" content=\"Est. reading time\" \/>\n\t<meta name=\"twitter:data1\" content=\"1 minute\" \/>\n<script type=\"application\/ld+json\" class=\"yoast-schema-graph\">{\"@context\":\"https:\/\/schema.org\",\"@graph\":[{\"@type\":\"WebSite\",\"@id\":\"https:\/\/www.ntf.uni-lj.si\/toi\/#website\",\"url\":\"https:\/\/www.ntf.uni-lj.si\/toi\/\",\"name\":\"TOI\",\"description\":\"Katedra za tekstilno in obla\\u010dilno in\\u017eenirstvo\",\"potentialAction\":[{\"@type\":\"SearchAction\",\"target\":{\"@type\":\"EntryPoint\",\"urlTemplate\":\"https:\/\/www.ntf.uni-lj.si\/toi\/?s={search_term_string}\"},\"query-input\":\"required name=search_term_string\"}],\"inLanguage\":\"en-US\"},{\"@type\":\"WebPage\",\"@id\":\"https:\/\/www.ntf.uni-lj.si\/toi\/studij\/2-stopnja\/nacrtovanje-tekstilij-in-oblacil-mag\/ostale-informacije-2-2\/pogoji-za-napredovanje-4-2\/#webpage\",\"url\":\"https:\/\/www.ntf.uni-lj.si\/toi\/studij\/2-stopnja\/nacrtovanje-tekstilij-in-oblacil-mag\/ostale-informacije-2-2\/pogoji-za-napredovanje-4-2\/\",\"name\":\"Pogoji za napredovanje - TOI\",\"isPartOf\":{\"@id\":\"https:\/\/www.ntf.uni-lj.si\/toi\/#website\"},\"datePublished\":\"2016-06-06T11:21:10+00:00\",\"dateModified\":\"2016-06-07T19:02:38+00:00\",\"breadcrumb\":{\"@id\":\"https:\/\/www.ntf.uni-lj.si\/toi\/studij\/2-stopnja\/nacrtovanje-tekstilij-in-oblacil-mag\/ostale-informacije-2-2\/pogoji-za-napredovanje-4-2\/#breadcrumb\"},\"inLanguage\":\"en-US\",\"potentialAction\":[{\"@type\":\"ReadAction\",\"target\":[\"https:\/\/www.ntf.uni-lj.si\/toi\/studij\/2-stopnja\/nacrtovanje-tekstilij-in-oblacil-mag\/ostale-informacije-2-2\/pogoji-za-napredovanje-4-2\/\"]}]},{\"@type\":\"BreadcrumbList\",\"@id\":\"https:\/\/www.ntf.uni-lj.si\/toi\/studij\/2-stopnja\/nacrtovanje-tekstilij-in-oblacil-mag\/ostale-informacije-2-2\/pogoji-za-napredovanje-4-2\/#breadcrumb\",\"itemListElement\":[{\"@type\":\"ListItem\",\"position\":1,\"name\":\"Domov\",\"item\":\"https:\/\/www.ntf.uni-lj.si\/toi\/\"},{\"@type\":\"ListItem\",\"position\":2,\"name\":\"\\u0160tudij\",\"item\":\"https:\/\/www.ntf.uni-lj.si\/toi\/studij\/\"},{\"@type\":\"ListItem\",\"position\":3,\"name\":\"2. stopnja\",\"item\":\"https:\/\/www.ntf.uni-lj.si\/toi\/studij\/2-stopnja\/\"},{\"@type\":\"ListItem\",\"position\":4,\"name\":\"Na\\u010drtovanje tekstilij in obla\\u010dil (MAG)\",\"item\":\"https:\/\/www.ntf.uni-lj.si\/toi\/studij\/2-stopnja\/nacrtovanje-tekstilij-in-oblacil-mag\/\"},{\"@type\":\"ListItem\",\"position\":5,\"name\":\"Ostale informacije\",\"item\":\"https:\/\/www.ntf.uni-lj.si\/toi\/studij\/2-stopnja\/nacrtovanje-tekstilij-in-oblacil-mag\/ostale-informacije-2-2\/\"},{\"@type\":\"ListItem\",\"position\":6,\"name\":\"Pogoji za napredovanje\"}]}]}<\/script>\n<!-- \/ Yoast SEO plugin. -->","yoast_head_json":{"robots":{"index":"index","follow":"follow","max-snippet":"max-snippet:-1","max-image-preview":"max-image-preview:large","max-video-preview":"max-video-preview:-1"},"canonical":"https:\/\/www.ntf.uni-lj.si\/toi\/studij\/2-stopnja\/nacrtovanje-tekstilij-in-oblacil-mag\/ostale-informacije-2-2\/pogoji-za-napredovanje-4-2\/","og_locale":"en_US","og_type":"article","og_title":"Pogoji za napredovanje - TOI","og_description":"Pogoji za napredovanje v programu \u0160tudenti morajo imeti za vpis v drugi letnik dose\u017eenih najmanj 54 kreditnih to\u010dk po ECTS. \u0160tudijska komisija NTF lahko izjemoma odobri napredovanje v drugi letnik \u0161tudentu, ki je v prvem letniku dosegel najmanj 42 kreditnih to\u010dk po ECTS, \u010de ima za to opravi\u010dljive razloge. Za opravi\u010dljive razloge \u0161tejejo razlogi, navedeni ... Read more","og_url":"https:\/\/www.ntf.uni-lj.si\/toi\/studij\/2-stopnja\/nacrtovanje-tekstilij-in-oblacil-mag\/ostale-informacije-2-2\/pogoji-za-napredovanje-4-2\/","og_site_name":"TOI","article_modified_time":"2016-06-07T19:02:38+00:00","twitter_misc":{"Est. reading time":"1 minute"},"schema":{"@context":"https:\/\/schema.org","@graph":[{"@type":"WebSite","@id":"https:\/\/www.ntf.uni-lj.si\/toi\/#website","url":"https:\/\/www.ntf.uni-lj.si\/toi\/","name":"TOI","description":"Katedra za tekstilno in obla\u010dilno in\u017eenirstvo","potentialAction":[{"@type":"SearchAction","target":{"@type":"EntryPoint","urlTemplate":"https:\/\/www.ntf.uni-lj.si\/toi\/?s={search_term_string}"},"query-input":"required name=search_term_string"}],"inLanguage":"en-US"},{"@type":"WebPage","@id":"https:\/\/www.ntf.uni-lj.si\/toi\/studij\/2-stopnja\/nacrtovanje-tekstilij-in-oblacil-mag\/ostale-informacije-2-2\/pogoji-za-napredovanje-4-2\/#webpage","url":"https:\/\/www.ntf.uni-lj.si\/toi\/studij\/2-stopnja\/nacrtovanje-tekstilij-in-oblacil-mag\/ostale-informacije-2-2\/pogoji-za-napredovanje-4-2\/","name":"Pogoji za napredovanje - TOI","isPartOf":{"@id":"https:\/\/www.ntf.uni-lj.si\/toi\/#website"},"datePublished":"2016-06-06T11:21:10+00:00","dateModified":"2016-06-07T19:02:38+00:00","breadcrumb":{"@id":"https:\/\/www.ntf.uni-lj.si\/toi\/studij\/2-stopnja\/nacrtovanje-tekstilij-in-oblacil-mag\/ostale-informacije-2-2\/pogoji-za-napredovanje-4-2\/#breadcrumb"},"inLanguage":"en-US","potentialAction":[{"@type":"ReadAction","target":["https:\/\/www.ntf.uni-lj.si\/toi\/studij\/2-stopnja\/nacrtovanje-tekstilij-in-oblacil-mag\/ostale-informacije-2-2\/pogoji-za-napredovanje-4-2\/"]}]},{"@type":"BreadcrumbList","@id":"https:\/\/www.ntf.uni-lj.si\/toi\/studij\/2-stopnja\/nacrtovanje-tekstilij-in-oblacil-mag\/ostale-informacije-2-2\/pogoji-za-napredovanje-4-2\/#breadcrumb","itemListElement":[{"@type":"ListItem","position":1,"name":"Domov","item":"https:\/\/www.ntf.uni-lj.si\/toi\/"},{"@type":"ListItem","position":2,"name":"\u0160tudij","item":"https:\/\/www.ntf.uni-lj.si\/toi\/studij\/"},{"@type":"ListItem","position":3,"name":"2. stopnja","item":"https:\/\/www.ntf.uni-lj.si\/toi\/studij\/2-stopnja\/"},{"@type":"ListItem","position":4,"name":"Na\u010drtovanje tekstilij in obla\u010dil (MAG)","item":"https:\/\/www.ntf.uni-lj.si\/toi\/studij\/2-stopnja\/nacrtovanje-tekstilij-in-oblacil-mag\/"},{"@type":"ListItem","position":5,"name":"Ostale informacije","item":"https:\/\/www.ntf.uni-lj.si\/toi\/studij\/2-stopnja\/nacrtovanje-tekstilij-in-oblacil-mag\/ostale-informacije-2-2\/"},{"@type":"ListItem","position":6,"name":"Pogoji za napredovanje"}]}]}},"_links":{"self":[{"href":"https:\/\/www.ntf.uni-lj.si\/toi\/wp-json\/wp\/v2\/pages\/8765"}],"collection":[{"href":"https:\/\/www.ntf.uni-lj.si\/toi\/wp-json\/wp\/v2\/pages"}],"about":[{"href":"https:\/\/www.ntf.uni-lj.si\/toi\/wp-json\/wp\/v2\/types\/page"}],"author":[{"embeddable":true,"href":"https:\/\/www.ntf.uni-lj.si\/toi\/wp-json\/wp\/v2\/users\/51"}],"replies":[{"embeddable":true,"href":"https:\/\/www.ntf.uni-lj.si\/toi\/wp-json\/wp\/v2\/comments?post=8765"}],"version-history":[{"count":1,"href":"https:\/\/www.ntf.uni-lj.si\/toi\/wp-json\/wp\/v2\/pages\/8765\/revisions"}],"predecessor-version":[{"id":8766,"href":"https:\/\/www.ntf.uni-lj.si\/toi\/wp-json\/wp\/v2\/pages\/8765\/revisions\/8766"}],"up":[{"embeddable":true,"href":"https:\/\/www.ntf.uni-lj.si\/toi\/wp-json\/wp\/v2\/pages\/295"}],"wp:attachment":[{"href":"https:\/\/www.ntf.uni-lj.si\/toi\/wp-json\/wp\/v2\/media?parent=8765"}],"curies":[{"name":"wp","href":"https:\/\/api.w.org\/{rel}","templated":true}]}}